{"id":6273,"date":"2024-01-19T08:35:17","date_gmt":"2024-01-19T07:35:17","guid":{"rendered":"https:\/\/merianin.de\/?page_id=6273"},"modified":"2024-02-15T10:55:57","modified_gmt":"2024-02-15T09:55:57","slug":"glueckwuensche-von-graffs-juengerem-bruder","status":"publish","type":"page","link":"https:\/\/merianin.de\/en\/home\/glueckwuensche-von-graffs-juengerem-bruder\/","title":{"rendered":"CONGRATULATIONS BY GRAFF\u2019S<br> JUNIOR BROTHER"},"content":{"rendered":"<div class=\"mkdf-row-grid-section-wrapper\"  ><div class=\"mkdf-row-grid-section\"><div class=\"vc_row wpb_row vc_row-fluid vc_custom_1519737212499\" ><div class=\"wpb_column vc_column_container vc_col-sm-12\"><div class=\"vc_column-inner\"><div class=\"wpb_wrapper\"><div class=\"vc_row wpb_row vc_inner vc_row-fluid\" ><div class=\"wpb_column vc_column_container vc_col-sm-12\"><div class=\"vc_column-inner\"><div class=\"wpb_wrapper\"><div class=\"mkdf-section-title-holder\" style=\"text-align: center\">\n\t<div class=\"mkdf-st-inner\">\n                <span class=\"mkdf-st-tagline-text\" >\n            Printed Wedding Booklet        <\/span>\n    \t\t\t\t\t<h2 class=\"mkdf-st-title\" >\n\t\t\t\tPOEMS BY GOTTLIEB GRAFF\t\t\t<\/h2>\n\t\t\t\t\t<\/div>\n<\/div><div class=\"vc_empty_space\"   style=\"height: 40px\" ><span class=\"vc_empty_space_inner\"><\/span><\/div>\n<\/div><\/div><\/div><\/div><div class=\"vc_row wpb_row vc_inner vc_row-fluid\" ><div class=\"wpb_column vc_column_container vc_col-sm-4\"><div class=\"vc_column-inner\"><div class=\"wpb_wrapper\">\n\t<div  class=\"wpb_single_image wpb_content_element vc_align_left\">\n\t\t\n\t\t<figure class=\"wpb_wrapper vc_figure\">\n\t\t\t<a data-rel=\"prettyPhoto[rel-6273-1942172880]\" href=\"https:\/\/merianin.de\/wp-content\/uploads\/2024\/01\/Hochzeitsheft-Graff-768x1024.jpg\" target=\"_self\" class=\"vc_single_image-wrapper vc_box_border  vc_box_border_grey prettyphoto\"><img loading=\"lazy\" decoding=\"async\" width=\"796\" height=\"1061\" src=\"https:\/\/merianin.de\/wp-content\/uploads\/2024\/01\/Hochzeitsheft-Graff.jpg\" class=\"vc_single_image-img attachment-full\" alt=\"\" srcset=\"https:\/\/merianin.de\/wp-content\/uploads\/2024\/01\/Hochzeitsheft-Graff.jpg 796w, https:\/\/merianin.de\/wp-content\/uploads\/2024\/01\/Hochzeitsheft-Graff-225x300.jpg 225w, https:\/\/merianin.de\/wp-content\/uploads\/2024\/01\/Hochzeitsheft-Graff-768x1024.jpg 768w, https:\/\/merianin.de\/wp-content\/uploads\/2024\/01\/Hochzeitsheft-Graff-9x12.jpg 9w\" sizes=\"auto, (max-width: 796px) 100vw, 796px\" \/><\/a>\n\t\t<\/figure>\n\t<\/div>\n<div class=\"vc_empty_space\"   style=\"height: 20px\" ><span class=\"vc_empty_space_inner\"><\/span><\/div>\n\n\t<div class=\"wpb_text_column wpb_content_element\" >\n\t\t<div class=\"wpb_wrapper\">\n\t\t\t<p><em>Title page and 15 printed pages<\/em><\/p>\n\n\t\t<\/div>\n\t<\/div>\n<\/div><\/div><\/div><div class=\"wpb_column vc_column_container vc_col-sm-4\"><div class=\"vc_column-inner\"><div class=\"wpb_wrapper\">\n\t<div class=\"wpb_text_column wpb_content_element\" >\n\t\t<div class=\"wpb_wrapper\">\n\t\t\t<p style=\"text-align: center;\">Hymen's *)  Portrait of Joy<br \/>\nwhich is to both<br \/>\nThe Noble Art of Painting<br \/>\nas well as a Prelude<br \/>\nTo the honourable \/ esteemed and<br \/>\nMaster Johann Andreas Graff<br \/>\nGraffen \/<br \/>\nand<br \/>\nThe most virtuous Maiden<br \/>\nMaria Sybilla<br \/>\nMerian(in) **)<br \/>\nAs two very experienced and<br \/>\nbeloved Persons \/ in their<br \/>\ndeserved Honour on their honourable Wedding Feast<br \/>\nWith a modest \/ but wish-full<br \/>\nBrush presented<br \/>\nby<br \/>\nGottlieb Graff.<\/p>\n<p style=\"text-align: center;\">Altdorff ***)<\/p>\n<p style=\"text-align: center;\">In the year 1665. May 16th. ****)<\/p>\n\n\t\t<\/div>\n\t<\/div>\n<\/div><\/div><\/div><div class=\"wpb_column vc_column_container vc_col-sm-4\"><div class=\"vc_column-inner\"><div class=\"wpb_wrapper\">\n\t<div class=\"wpb_text_column wpb_content_element\" >\n\t\t<div class=\"wpb_wrapper\">\n\t\t\t<h4><strong>Transcription of the German Text<\/strong><\/h4>\n<p>Hymenaeisches  *)  Freuden-Gem\u00e4hl welches so wol Der Edlen Mahler-Kunst als bevorab Dem Erbarn Vorachtbarn und Kunsterfahrnen Herrn Johann Andreas Graffen<br \/>\nund Der Tugendreichen Jungfrauen Marien Sybillen Merianin  **)  als Zweyen in der Mahlerey wolge\u00fcbten und geliebten Personen zu schuldigen Ehren an Ihren Hochzeitlichen Ehren-Fest <br>\nMit geringf\u00fcgigem doch Wunschvollem Pinsel vorgestellet von Gottlieb Graffen. <br>\nAltdorff  ***)  Im Jahr 1665. den 16. Maij.  ****)<\/p>\n<p>*) Here synonym for \u201cnuptial\u201d, because Hymen was the Greek God of wedding.<\/p>\n<p>**) Female endings on women\u2019s names were common in German at that time.<\/p>\n<p>***)  The university town for Nuremberg in the latter\u2019s own territories.<\/p>\n<p>****) Reference: Ratsschulbibliothek Zwickau,<br \/>\n<a href=\"https:\/\/swb.bsz-bw.de\/DB=2.383\/PPNSET?PPN=1583301232&amp;PRS=HOL&amp;HILN=888&amp;INDEXSET=21\" target=\"_blank\" rel=\"noopener\"><strong>Shelfmark: 48.8.7.(6); MF 5628 <\/strong><\/a><br \/>\nUp to now (2023), only the title page has been digitised.<\/p>\n\n\t\t<\/div>\n\t<\/div>\n<\/div><\/div><\/div><\/div><div class=\"vc_empty_space\"   style=\"height: 40px\" ><span class=\"vc_empty_space_inner\"><\/span><\/div>\n<div class=\"vc_separator wpb_content_element vc_separator_align_center vc_sep_width_100 vc_sep_dotted vc_sep_border_width_2 vc_sep_pos_align_center vc_separator_no_text vc_sep_color_grey\" ><span class=\"vc_sep_holder vc_sep_holder_l\"><span  class=\"vc_sep_line\"><\/span><\/span><span class=\"vc_sep_holder vc_sep_holder_r\"><span  class=\"vc_sep_line\"><\/span><\/span>\n<\/div><div class=\"vc_empty_space\"   style=\"height: 40px\" ><span class=\"vc_empty_space_inner\"><\/span><\/div>\n<div class=\"vc_row wpb_row vc_inner vc_row-fluid\" ><div class=\"wpb_column vc_column_container vc_col-sm-4\"><div class=\"vc_column-inner\"><div class=\"wpb_wrapper\">\n\t<div class=\"wpb_text_column wpb_content_element\" >\n\t\t<div class=\"wpb_wrapper\">\n\t\t\t<h4><strong>The Author and his Poems <\/strong><\/h4>\n<p>While the other booklet contains nine pages of different poems by three authors, the \"good patrons and uncoloured friends\" (see separate analysis), this booklet comprises as many as fifteen pages of text and was created by a single author: Gottlieb Graff (1641-1708), the brother of Johann Andreas Graff and five years his junior. His elder brother must have been an important point of reference for him, because his father had died before his third birthday and his mother only five years later.<\/p>\n<p>(1) At that time Gottlieb Graff lived in Altdorf, a small country town in Nuremberg territory, where the important university of this imperial city was developing successfully. After his studies there, Gottlieb Graff was a respected teacher in Nuremberg for decades. His eloquent poems on the occasion of his brother's wedding show his comprehensive education.\n<p>(2) With the heading on the title page, \u201cHymen\u2019s Feast of Joy\u201d, he has already chosen an unusual title, because the first word (an alternative for nuptial) refers to Hymen, the Greek god of marriage in antiquity; and with \"portrait\" he wants to show that he has composed his verses as if painting a picture with a brush.<\/p><\/p>\n<p>(3) Gottlieb compares Frankfurt and Nuremberg and praises both of them. He calls Nuremberg \u2013 as was customary at the time \u2013 his brother's \"fatherland\" and praises the city of Frankfurt,<\/p>\n\n\t\t<\/div>\n\t<\/div>\n\n\t<div  class=\"wpb_single_image wpb_content_element vc_align_left\">\n\t\t\n\t\t<figure class=\"wpb_wrapper vc_figure\">\n\t\t\t<a data-rel=\"prettyPhoto[rel-6273-532208736]\" href=\"https:\/\/merianin.de\/wp-content\/uploads\/2024\/02\/Texte-Old-English-Kopie-1.jpg\" target=\"_self\" class=\"vc_single_image-wrapper vc_box_border  vc_box_border_grey prettyphoto\"><img loading=\"lazy\" decoding=\"async\" width=\"467\" height=\"42\" src=\"https:\/\/merianin.de\/wp-content\/uploads\/2024\/02\/Texte-Old-English-Kopie-1.jpg\" class=\"vc_single_image-img attachment-full\" alt=\"\" srcset=\"https:\/\/merianin.de\/wp-content\/uploads\/2024\/02\/Texte-Old-English-Kopie-1.jpg 513w, https:\/\/merianin.de\/wp-content\/uploads\/2024\/02\/Texte-Old-English-Kopie-1-300x32.jpg 300w, https:\/\/merianin.de\/wp-content\/uploads\/2024\/02\/Texte-Old-English-Kopie-1-18x2.jpg 18w\" sizes=\"auto, (max-width: 467px) 100vw, 467px\" \/><\/a>\n\t\t<\/figure>\n\t<\/div>\n\n\t<div class=\"wpb_text_column wpb_content_element\" >\n\t\t<div class=\"wpb_wrapper\">\n\t\t\t<p>(4) He recalls the deceased, Graff\u2019s parents as well as Merian\u2019s father, and lets them take part joyfully from the world beyond.<\/p>\n<p>(5) He is well acquainted with the history of painting and combines it with explanations about the meaning of the different colours.<\/p>\n<p>(6) Gottlieb defends painting \u2013 at that time viewed as a mere \"craft\" \u2013 as \"art\".<\/p>\n\n\t\t<\/div>\n\t<\/div>\n<\/div><\/div><\/div><div class=\"wpb_column vc_column_container vc_col-sm-4\"><div class=\"vc_column-inner\"><div class=\"wpb_wrapper\">\n\t<div  class=\"wpb_single_image wpb_content_element vc_align_left\">\n\t\t\n\t\t<figure class=\"wpb_wrapper vc_figure\">\n\t\t\t<a data-rel=\"prettyPhoto[rel-6273-964099653]\" href=\"https:\/\/merianin.de\/wp-content\/uploads\/2024\/02\/Texte-Old-English-Kopie-2.jpg\" target=\"_self\" class=\"vc_single_image-wrapper vc_box_border  vc_box_border_grey prettyphoto\"><img loading=\"lazy\" decoding=\"async\" width=\"566\" height=\"192\" src=\"https:\/\/merianin.de\/wp-content\/uploads\/2024\/02\/Texte-Old-English-Kopie-2.jpg\" class=\"vc_single_image-img attachment-full\" alt=\"\" srcset=\"https:\/\/merianin.de\/wp-content\/uploads\/2024\/02\/Texte-Old-English-Kopie-2.jpg 515w, https:\/\/merianin.de\/wp-content\/uploads\/2024\/02\/Texte-Old-English-Kopie-2-300x107.jpg 300w, https:\/\/merianin.de\/wp-content\/uploads\/2024\/02\/Texte-Old-English-Kopie-2-18x6.jpg 18w\" sizes=\"auto, (max-width: 566px) 100vw, 566px\" \/><\/a>\n\t\t<\/figure>\n\t<\/div>\n\n\t<div class=\"wpb_text_column wpb_content_element\" >\n\t\t<div class=\"wpb_wrapper\">\n\t\t\t<p>The author probably adopted this view of art from his elder brother. It can certainly be assumed that Johann Andreas was a formative role model for his younger brother throughout his life. These laudatory poems therefore contain much useful information, as well as judgements that also correspond to the convictions held by Johann Andreas. In addition, they indirectly reflect how positively many more open-minded Nuremberg citizens rated the importance of fine artistic work and promoted it by means of commissions.<\/p>\n<p>At that time travelling was expensive and arduous. Visits for family celebrations or educational trips (the \"Grand Tour\") could usually only be afforded by the wealthy upper class. The artisan Johann Andreas Graff had indeed travelled as far as Rome and had spent six years in Italy perfecting his skills as a painter and etcher, but such long \"continuing education\" abroad was unusual for the artisan class. In 1664, on his return to Frankfurt, he also came to Nuremberg and might already have told people about his plans to marry or might have written about them in his letters.<\/p>\n<p>It is unlikely that Gottlieb himself was in Frankfurt for the wedding in May 1665. He probably sent his carefully phrased and printed verses instead.<\/p>\n\n\t\t<\/div>\n\t<\/div>\n<\/div><\/div><\/div><div class=\"wpb_column vc_column_container vc_col-sm-4\"><div class=\"vc_column-inner\"><div class=\"wpb_wrapper\">\n\t<div class=\"wpb_text_column wpb_content_element\" >\n\t\t<div class=\"wpb_wrapper\">\n\t\t\t<p>Perhaps he did not meet his sister-in-law Maria Sibylla until three years after the wedding, when the young couple moved to Nuremberg with their first daughter Johanna Helena, who had been born shortly before.<\/p>\n<p>In line with the thesis already explained in this text about the importance of art for both brothers, it is assumed here that Gottlieb's verses reflect the groom's ideal concept of a future and equal \"sharing of roles\" in his own marriage.<\/p>\n\n\t\t<\/div>\n\t<\/div>\n\n\t<div  class=\"wpb_single_image wpb_content_element vc_align_left\">\n\t\t\n\t\t<figure class=\"wpb_wrapper vc_figure\">\n\t\t\t<a data-rel=\"prettyPhoto[rel-6273-425572501]\" href=\"https:\/\/merianin.de\/wp-content\/uploads\/2024\/02\/Texte-Old-English-Kopie-3.jpg\" target=\"_self\" class=\"vc_single_image-wrapper vc_box_border  vc_box_border_grey prettyphoto\"><img loading=\"lazy\" decoding=\"async\" width=\"508\" height=\"164\" src=\"https:\/\/merianin.de\/wp-content\/uploads\/2024\/02\/Texte-Old-English-Kopie-3.jpg\" class=\"vc_single_image-img attachment-full\" alt=\"\" srcset=\"https:\/\/merianin.de\/wp-content\/uploads\/2024\/02\/Texte-Old-English-Kopie-3.jpg 521w, https:\/\/merianin.de\/wp-content\/uploads\/2024\/02\/Texte-Old-English-Kopie-3-300x94.jpg 300w, https:\/\/merianin.de\/wp-content\/uploads\/2024\/02\/Texte-Old-English-Kopie-3-18x6.jpg 18w\" sizes=\"auto, (max-width: 508px) 100vw, 508px\" \/><\/a>\n\t\t<\/figure>\n\t<\/div>\n\n\t<div class=\"wpb_text_column wpb_content_element\" >\n\t\t<div class=\"wpb_wrapper\">\n\t\t\t<p>For the second part of his booklet of poems, Gottlieb invokes the Ancient Greek God Apollo with his chorus of Muses to sing the praises of the bride and groom: Johann Andreas and Maria Sibylla are kindly welcomed into the world of artists in many verses, such as:<\/p>\n\n\t\t<\/div>\n\t<\/div>\n\n\t<div  class=\"wpb_single_image wpb_content_element vc_align_left\">\n\t\t\n\t\t<figure class=\"wpb_wrapper vc_figure\">\n\t\t\t<a data-rel=\"prettyPhoto[rel-6273-1803608445]\" href=\"https:\/\/merianin.de\/wp-content\/uploads\/2024\/02\/Texte-Old-English-Kopie-4.jpg\" target=\"_self\" class=\"vc_single_image-wrapper vc_box_border  vc_box_border_grey prettyphoto\"><img loading=\"lazy\" decoding=\"async\" width=\"569\" height=\"143\" src=\"https:\/\/merianin.de\/wp-content\/uploads\/2024\/02\/Texte-Old-English-Kopie-4.jpg\" class=\"vc_single_image-img attachment-full\" alt=\"\" srcset=\"https:\/\/merianin.de\/wp-content\/uploads\/2024\/02\/Texte-Old-English-Kopie-4.jpg 523w, https:\/\/merianin.de\/wp-content\/uploads\/2024\/02\/Texte-Old-English-Kopie-4-300x78.jpg 300w, https:\/\/merianin.de\/wp-content\/uploads\/2024\/02\/Texte-Old-English-Kopie-4-18x5.jpg 18w\" sizes=\"auto, (max-width: 569px) 100vw, 569px\" \/><\/a>\n\t\t<\/figure>\n\t<\/div>\n\n\t<div class=\"wpb_text_column wpb_content_element\" >\n\t\t<div class=\"wpb_wrapper\">\n\t\t\t<p>The Muses bid farewell at the end of the booklet by hoping that the couple will be successful not only in Art, but also financially:<\/p>\n\n\t\t<\/div>\n\t<\/div>\n\n\t<div  class=\"wpb_single_image wpb_content_element vc_align_left\">\n\t\t\n\t\t<figure class=\"wpb_wrapper vc_figure\">\n\t\t\t<a data-rel=\"prettyPhoto[rel-6273-276743213]\" href=\"https:\/\/merianin.de\/wp-content\/uploads\/2024\/02\/Texte-Old-English-Kopie-5.jpg\" target=\"_self\" class=\"vc_single_image-wrapper vc_box_border  vc_box_border_grey prettyphoto\"><img loading=\"lazy\" decoding=\"async\" width=\"569\" height=\"143\" src=\"https:\/\/merianin.de\/wp-content\/uploads\/2024\/02\/Texte-Old-English-Kopie-5.jpg\" class=\"vc_single_image-img attachment-full\" alt=\"\" srcset=\"https:\/\/merianin.de\/wp-content\/uploads\/2024\/02\/Texte-Old-English-Kopie-5.jpg 522w, https:\/\/merianin.de\/wp-content\/uploads\/2024\/02\/Texte-Old-English-Kopie-5-300x92.jpg 300w, https:\/\/merianin.de\/wp-content\/uploads\/2024\/02\/Texte-Old-English-Kopie-5-18x6.jpg 18w\" sizes=\"auto, (max-width: 569px) 100vw, 569px\" \/><\/a>\n\t\t<\/figure>\n\t<\/div>\n\n\t<div class=\"wpb_text_column wpb_content_element\" >\n\t\t<div class=\"wpb_wrapper\">\n\t\t\t<p>Interpretation: Margot L\u00f6lh\u00f6ffel<\/p>\n\n\t\t<\/div>\n\t<\/div>\n<\/div><\/div><\/div><\/div><\/div><\/div><\/div><\/div><\/div><\/div>","protected":false},"excerpt":{"rendered":"Gedrucktes Hochzeitsheftchen GEDICHTE VON GOTTLIEB GRAFF Titelblatt und 15 gedruckte Seiten Hymenaeisches Freuden-Gem\u00e4hl *) welches so wol Der Edlen Mahler-Kunst als bevorab **) Dem Erbarn \/ Vorachtbarn und Kunsterfahrnen Herrn Johann Andreas Graffen \/ und Der Tugendreichen Jungfrauen Marien Sybillen Merianin \/ ***) Als Zweyen in der Mahlerey wolge\u00fcbten und geliebten Personen \/ [...]","protected":false},"author":2,"featured_media":0,"parent":23,"menu_order":0,"comment_status":"closed","ping_status":"closed","template":"full-width.php","meta":{"footnotes":""},"class_list":["post-6273","page","type-page","status-publish","hentry"],"yoast_head":"<!-- This site is optimized with the Yoast SEO plugin v26.1.1 - https:\/\/yoast.com\/wordpress\/plugins\/seo\/ -->\n<title>Gl\u00fcckw\u00fcnsche von Graffs j\u00fcngerem Bruder - merianin.de<\/title>\n<meta name=\"robots\" content=\"index, follow, max-snippet:-1, max-image-preview:large, max-video-preview:-1\" \/>\n<link rel=\"canonical\" href=\"https:\/\/merianin.de\/en\/home\/glueckwuensche-von-graffs-juengerem-bruder\/\" \/>\n<meta property=\"og:locale\" content=\"en_US\" \/>\n<meta property=\"og:type\" content=\"article\" \/>\n<meta property=\"og:title\" content=\"Gl\u00fcckw\u00fcnsche von Graffs j\u00fcngerem Bruder - merianin.de\" \/>\n<meta property=\"og:url\" content=\"https:\/\/merianin.de\/en\/home\/glueckwuensche-von-graffs-juengerem-bruder\/\" \/>\n<meta property=\"og:site_name\" content=\"merianin.de\" \/>\n<meta property=\"article:modified_time\" content=\"2024-02-15T09:55:57+00:00\" \/>\n<meta name=\"twitter:card\" content=\"summary_large_image\" \/>\n<meta name=\"twitter:label1\" content=\"Est. reading time\" \/>\n\t<meta name=\"twitter:data1\" content=\"5 minutes\" \/>\n<script type=\"application\/ld+json\" class=\"yoast-schema-graph\">{\"@context\":\"https:\/\/schema.org\",\"@graph\":[{\"@type\":\"WebPage\",\"@id\":\"https:\/\/merianin.de\/home\/glueckwuensche-von-graffs-juengerem-bruder\/\",\"url\":\"https:\/\/merianin.de\/home\/glueckwuensche-von-graffs-juengerem-bruder\/\",\"name\":\"Gl\u00fcckw\u00fcnsche von Graffs j\u00fcngerem Bruder - merianin.de\",\"isPartOf\":{\"@id\":\"https:\/\/merianin.de\/#website\"},\"datePublished\":\"2024-01-19T07:35:17+00:00\",\"dateModified\":\"2024-02-15T09:55:57+00:00\",\"breadcrumb\":{\"@id\":\"https:\/\/merianin.de\/home\/glueckwuensche-von-graffs-juengerem-bruder\/#breadcrumb\"},\"inLanguage\":\"en-US\",\"potentialAction\":[{\"@type\":\"ReadAction\",\"target\":[\"https:\/\/merianin.de\/home\/glueckwuensche-von-graffs-juengerem-bruder\/\"]}]},{\"@type\":\"BreadcrumbList\",\"@id\":\"https:\/\/merianin.de\/home\/glueckwuensche-von-graffs-juengerem-bruder\/#breadcrumb\",\"itemListElement\":[{\"@type\":\"ListItem\",\"position\":1,\"name\":\"Startseite\",\"item\":\"https:\/\/merianin.de\/\"},{\"@type\":\"ListItem\",\"position\":2,\"name\":\"Home\",\"item\":\"https:\/\/merianin.de\/\"},{\"@type\":\"ListItem\",\"position\":3,\"name\":\"Gl\u00fcckw\u00fcnsche von Graffs j\u00fcngerem Bruder\"}]},{\"@type\":\"WebSite\",\"@id\":\"https:\/\/merianin.de\/#website\",\"url\":\"https:\/\/merianin.de\/\",\"name\":\"merianin.de\",\"description\":\"MARIA SIBYLLA MERIAN\",\"potentialAction\":[{\"@type\":\"SearchAction\",\"target\":{\"@type\":\"EntryPoint\",\"urlTemplate\":\"https:\/\/merianin.de\/?s={search_term_string}\"},\"query-input\":{\"@type\":\"PropertyValueSpecification\",\"valueRequired\":true,\"valueName\":\"search_term_string\"}}],\"inLanguage\":\"en-US\"}]}<\/script>\n<!-- \/ Yoast SEO plugin. -->","yoast_head_json":{"title":"Gl\u00fcckw\u00fcnsche von Graffs j\u00fcngerem Bruder - merianin.de","robots":{"index":"index","follow":"follow","max-snippet":"max-snippet:-1","max-image-preview":"max-image-preview:large","max-video-preview":"max-video-preview:-1"},"canonical":"https:\/\/merianin.de\/en\/home\/glueckwuensche-von-graffs-juengerem-bruder\/","og_locale":"en_US","og_type":"article","og_title":"Gl\u00fcckw\u00fcnsche von Graffs j\u00fcngerem Bruder - merianin.de","og_url":"https:\/\/merianin.de\/en\/home\/glueckwuensche-von-graffs-juengerem-bruder\/","og_site_name":"merianin.de","article_modified_time":"2024-02-15T09:55:57+00:00","twitter_card":"summary_large_image","twitter_misc":{"Est. reading time":"5 minutes"},"schema":{"@context":"https:\/\/schema.org","@graph":[{"@type":"WebPage","@id":"https:\/\/merianin.de\/home\/glueckwuensche-von-graffs-juengerem-bruder\/","url":"https:\/\/merianin.de\/home\/glueckwuensche-von-graffs-juengerem-bruder\/","name":"Gl\u00fcckw\u00fcnsche von Graffs j\u00fcngerem Bruder - merianin.de","isPartOf":{"@id":"https:\/\/merianin.de\/#website"},"datePublished":"2024-01-19T07:35:17+00:00","dateModified":"2024-02-15T09:55:57+00:00","breadcrumb":{"@id":"https:\/\/merianin.de\/home\/glueckwuensche-von-graffs-juengerem-bruder\/#breadcrumb"},"inLanguage":"en-US","potentialAction":[{"@type":"ReadAction","target":["https:\/\/merianin.de\/home\/glueckwuensche-von-graffs-juengerem-bruder\/"]}]},{"@type":"BreadcrumbList","@id":"https:\/\/merianin.de\/home\/glueckwuensche-von-graffs-juengerem-bruder\/#breadcrumb","itemListElement":[{"@type":"ListItem","position":1,"name":"Startseite","item":"https:\/\/merianin.de\/"},{"@type":"ListItem","position":2,"name":"Home","item":"https:\/\/merianin.de\/"},{"@type":"ListItem","position":3,"name":"Gl\u00fcckw\u00fcnsche von Graffs j\u00fcngerem Bruder"}]},{"@type":"WebSite","@id":"https:\/\/merianin.de\/#website","url":"https:\/\/merianin.de\/","name":"merianin.de","description":"MARIA SIBYLLA MERIAN","potentialAction":[{"@type":"SearchAction","target":{"@type":"EntryPoint","urlTemplate":"https:\/\/merianin.de\/?s={search_term_string}"},"query-input":{"@type":"PropertyValueSpecification","valueRequired":true,"valueName":"search_term_string"}}],"inLanguage":"en-US"}]}},"_links":{"self":[{"href":"https:\/\/merianin.de\/en\/wp-json\/wp\/v2\/pages\/6273","targetHints":{"allow":["GET"]}}],"collection":[{"href":"https:\/\/merianin.de\/en\/wp-json\/wp\/v2\/pages"}],"about":[{"href":"https:\/\/merianin.de\/en\/wp-json\/wp\/v2\/types\/page"}],"author":[{"embeddable":true,"href":"https:\/\/merianin.de\/en\/wp-json\/wp\/v2\/users\/2"}],"replies":[{"embeddable":true,"href":"https:\/\/merianin.de\/en\/wp-json\/wp\/v2\/comments?post=6273"}],"version-history":[{"count":20,"href":"https:\/\/merianin.de\/en\/wp-json\/wp\/v2\/pages\/6273\/revisions"}],"predecessor-version":[{"id":6323,"href":"https:\/\/merianin.de\/en\/wp-json\/wp\/v2\/pages\/6273\/revisions\/6323"}],"up":[{"embeddable":true,"href":"https:\/\/merianin.de\/en\/wp-json\/wp\/v2\/pages\/23"}],"wp:attachment":[{"href":"https:\/\/merianin.de\/en\/wp-json\/wp\/v2\/media?parent=6273"}],"curies":[{"name":"wp","href":"https:\/\/api.w.org\/{rel}","templated":true}]}}