{"id":5180,"date":"2021-02-05T10:16:24","date_gmt":"2021-02-05T09:16:24","guid":{"rendered":"http:\/\/merianin.de\/?page_id=5180"},"modified":"2024-07-16T14:23:19","modified_gmt":"2024-07-16T12:23:19","slug":"merianin-oasen","status":"publish","type":"page","link":"https:\/\/merianin.de\/en\/merianin-oasen\/","title":{"rendered":"Merian Oases"},"content":{"rendered":"<div class=\"vc_row wpb_row vc_row-fluid\" ><div class=\"wpb_column vc_column_container vc_col-sm-12\"><div class=\"vc_column-inner\"><div class=\"wpb_wrapper\"><div class=\"wpb_gallery wpb_content_element vc_clearfix\" ><div class=\"wpb_wrapper\"><div class=\"wpb_gallery_slides wpb_flexslider flexslider_fade flexslider\" data-interval=\"3\" data-flex_fx=\"fade\"><ul class=\"slides\"><li><img loading=\"lazy\" decoding=\"async\" width=\"1920\" height=\"850\" src=\"https:\/\/merianin.de\/wp-content\/uploads\/2020\/07\/home1.jpg\" class=\"attachment-full\" alt=\"\" srcset=\"https:\/\/merianin.de\/wp-content\/uploads\/2020\/07\/home1.jpg 1920w, https:\/\/merianin.de\/wp-content\/uploads\/2020\/07\/home1-300x133.jpg 300w, https:\/\/merianin.de\/wp-content\/uploads\/2020\/07\/home1-1024x453.jpg 1024w, https:\/\/merianin.de\/wp-content\/uploads\/2020\/07\/home1-768x340.jpg 768w, https:\/\/merianin.de\/wp-content\/uploads\/2020\/07\/home1-1536x680.jpg 1536w\" sizes=\"auto, (max-width: 1920px) 100vw, 1920px\" \/><\/li><li><img loading=\"lazy\" decoding=\"async\" width=\"1920\" height=\"850\" src=\"https:\/\/merianin.de\/wp-content\/uploads\/2020\/07\/home4.jpg\" class=\"attachment-full\" alt=\"\" srcset=\"https:\/\/merianin.de\/wp-content\/uploads\/2020\/07\/home4.jpg 1920w, https:\/\/merianin.de\/wp-content\/uploads\/2020\/07\/home4-300x133.jpg 300w, https:\/\/merianin.de\/wp-content\/uploads\/2020\/07\/home4-1024x453.jpg 1024w, https:\/\/merianin.de\/wp-content\/uploads\/2020\/07\/home4-768x340.jpg 768w, https:\/\/merianin.de\/wp-content\/uploads\/2020\/07\/home4-1536x680.jpg 1536w\" sizes=\"auto, (max-width: 1920px) 100vw, 1920px\" \/><\/li><li><img loading=\"lazy\" decoding=\"async\" width=\"1920\" height=\"850\" src=\"https:\/\/merianin.de\/wp-content\/uploads\/2020\/07\/home9.jpg\" class=\"attachment-full\" alt=\"\" srcset=\"https:\/\/merianin.de\/wp-content\/uploads\/2020\/07\/home9.jpg 1920w, https:\/\/merianin.de\/wp-content\/uploads\/2020\/07\/home9-300x133.jpg 300w, https:\/\/merianin.de\/wp-content\/uploads\/2020\/07\/home9-1024x453.jpg 1024w, https:\/\/merianin.de\/wp-content\/uploads\/2020\/07\/home9-768x340.jpg 768w, https:\/\/merianin.de\/wp-content\/uploads\/2020\/07\/home9-1536x680.jpg 1536w\" sizes=\"auto, (max-width: 1920px) 100vw, 1920px\" \/><\/li><li><img loading=\"lazy\" decoding=\"async\" width=\"1920\" height=\"850\" src=\"https:\/\/merianin.de\/wp-content\/uploads\/2020\/07\/home8.jpg\" class=\"attachment-full\" alt=\"\" srcset=\"https:\/\/merianin.de\/wp-content\/uploads\/2020\/07\/home8.jpg 1920w, https:\/\/merianin.de\/wp-content\/uploads\/2020\/07\/home8-300x133.jpg 300w, https:\/\/merianin.de\/wp-content\/uploads\/2020\/07\/home8-1024x453.jpg 1024w, https:\/\/merianin.de\/wp-content\/uploads\/2020\/07\/home8-768x340.jpg 768w, https:\/\/merianin.de\/wp-content\/uploads\/2020\/07\/home8-1536x680.jpg 1536w\" sizes=\"auto, (max-width: 1920px) 100vw, 1920px\" \/><\/li><li><img loading=\"lazy\" decoding=\"async\" width=\"1920\" height=\"850\" src=\"https:\/\/merianin.de\/wp-content\/uploads\/2021\/02\/2018_plus_01.jpg\" class=\"attachment-full\" alt=\"\" srcset=\"https:\/\/merianin.de\/wp-content\/uploads\/2021\/02\/2018_plus_01.jpg 1920w, https:\/\/merianin.de\/wp-content\/uploads\/2021\/02\/2018_plus_01-300x133.jpg 300w, https:\/\/merianin.de\/wp-content\/uploads\/2021\/02\/2018_plus_01-1024x453.jpg 1024w, https:\/\/merianin.de\/wp-content\/uploads\/2021\/02\/2018_plus_01-768x340.jpg 768w, https:\/\/merianin.de\/wp-content\/uploads\/2021\/02\/2018_plus_01-1536x680.jpg 1536w, https:\/\/merianin.de\/wp-content\/uploads\/2021\/02\/2018_plus_01-16x7.jpg 16w\" sizes=\"auto, (max-width: 1920px) 100vw, 1920px\" \/><\/li><li><img loading=\"lazy\" decoding=\"async\" width=\"1920\" height=\"850\" src=\"https:\/\/merianin.de\/wp-content\/uploads\/2021\/02\/2018_plus_02.jpg\" class=\"attachment-full\" alt=\"\" srcset=\"https:\/\/merianin.de\/wp-content\/uploads\/2021\/02\/2018_plus_02.jpg 1920w, https:\/\/merianin.de\/wp-content\/uploads\/2021\/02\/2018_plus_02-300x133.jpg 300w, https:\/\/merianin.de\/wp-content\/uploads\/2021\/02\/2018_plus_02-1024x453.jpg 1024w, https:\/\/merianin.de\/wp-content\/uploads\/2021\/02\/2018_plus_02-768x340.jpg 768w, https:\/\/merianin.de\/wp-content\/uploads\/2021\/02\/2018_plus_02-1536x680.jpg 1536w, https:\/\/merianin.de\/wp-content\/uploads\/2021\/02\/2018_plus_02-16x7.jpg 16w\" sizes=\"auto, (max-width: 1920px) 100vw, 1920px\" \/><\/li><li><img loading=\"lazy\" decoding=\"async\" width=\"1920\" height=\"850\" src=\"https:\/\/merianin.de\/wp-content\/uploads\/2021\/02\/2018_plus_03.jpg\" class=\"attachment-full\" alt=\"\" srcset=\"https:\/\/merianin.de\/wp-content\/uploads\/2021\/02\/2018_plus_03.jpg 1920w, https:\/\/merianin.de\/wp-content\/uploads\/2021\/02\/2018_plus_03-300x133.jpg 300w, https:\/\/merianin.de\/wp-content\/uploads\/2021\/02\/2018_plus_03-1024x453.jpg 1024w, https:\/\/merianin.de\/wp-content\/uploads\/2021\/02\/2018_plus_03-768x340.jpg 768w, https:\/\/merianin.de\/wp-content\/uploads\/2021\/02\/2018_plus_03-1536x680.jpg 1536w, https:\/\/merianin.de\/wp-content\/uploads\/2021\/02\/2018_plus_03-16x7.jpg 16w\" sizes=\"auto, (max-width: 1920px) 100vw, 1920px\" \/><\/li><li><img loading=\"lazy\" decoding=\"async\" width=\"1920\" height=\"850\" src=\"https:\/\/merianin.de\/wp-content\/uploads\/2021\/02\/2018_plus_04.jpg\" class=\"attachment-full\" alt=\"\" srcset=\"https:\/\/merianin.de\/wp-content\/uploads\/2021\/02\/2018_plus_04.jpg 1920w, https:\/\/merianin.de\/wp-content\/uploads\/2021\/02\/2018_plus_04-300x133.jpg 300w, https:\/\/merianin.de\/wp-content\/uploads\/2021\/02\/2018_plus_04-1024x453.jpg 1024w, https:\/\/merianin.de\/wp-content\/uploads\/2021\/02\/2018_plus_04-768x340.jpg 768w, https:\/\/merianin.de\/wp-content\/uploads\/2021\/02\/2018_plus_04-1536x680.jpg 1536w, https:\/\/merianin.de\/wp-content\/uploads\/2021\/02\/2018_plus_04-16x7.jpg 16w\" sizes=\"auto, (max-width: 1920px) 100vw, 1920px\" \/><\/li><li><img loading=\"lazy\" decoding=\"async\" width=\"1920\" height=\"850\" src=\"https:\/\/merianin.de\/wp-content\/uploads\/2021\/02\/2018_plus_05.jpg\" class=\"attachment-full\" alt=\"\" srcset=\"https:\/\/merianin.de\/wp-content\/uploads\/2021\/02\/2018_plus_05.jpg 1920w, https:\/\/merianin.de\/wp-content\/uploads\/2021\/02\/2018_plus_05-300x133.jpg 300w, https:\/\/merianin.de\/wp-content\/uploads\/2021\/02\/2018_plus_05-1024x453.jpg 1024w, https:\/\/merianin.de\/wp-content\/uploads\/2021\/02\/2018_plus_05-768x340.jpg 768w, https:\/\/merianin.de\/wp-content\/uploads\/2021\/02\/2018_plus_05-1536x680.jpg 1536w, https:\/\/merianin.de\/wp-content\/uploads\/2021\/02\/2018_plus_05-16x7.jpg 16w\" sizes=\"auto, (max-width: 1920px) 100vw, 1920px\" \/><\/li><li><img loading=\"lazy\" decoding=\"async\" width=\"1920\" height=\"850\" src=\"https:\/\/merianin.de\/wp-content\/uploads\/2021\/02\/2018_plus_06.jpg\" class=\"attachment-full\" alt=\"\" srcset=\"https:\/\/merianin.de\/wp-content\/uploads\/2021\/02\/2018_plus_06.jpg 1920w, https:\/\/merianin.de\/wp-content\/uploads\/2021\/02\/2018_plus_06-300x133.jpg 300w, https:\/\/merianin.de\/wp-content\/uploads\/2021\/02\/2018_plus_06-1024x453.jpg 1024w, https:\/\/merianin.de\/wp-content\/uploads\/2021\/02\/2018_plus_06-768x340.jpg 768w, https:\/\/merianin.de\/wp-content\/uploads\/2021\/02\/2018_plus_06-1536x680.jpg 1536w, https:\/\/merianin.de\/wp-content\/uploads\/2021\/02\/2018_plus_06-16x7.jpg 16w\" sizes=\"auto, (max-width: 1920px) 100vw, 1920px\" \/><\/li><\/ul><\/div><\/div><\/div><\/div><\/div><\/div><\/div><div class=\"mkdf-row-grid-section-wrapper\"  ><div class=\"mkdf-row-grid-section\"><div class=\"vc_row wpb_row vc_row-fluid vc_custom_1612516825621\" ><div class=\"wpb_column vc_column_container vc_col-sm-12\"><div class=\"vc_column-inner\"><div class=\"wpb_wrapper\"><div class=\"mkdf-section-title-holder\" style=\"text-align: center\">\n\t<div class=\"mkdf-st-inner\">\n                <span class=\"mkdf-st-tagline-text\" >\n            With Merian\u2019s Legacy        <\/span>\n    \t\t\t\t\t<h2 class=\"mkdf-st-title\" >\n\t\t\t\tInto the future\t\t\t<\/h2>\n\t\t\t\t\t\t\t<h5 class=\"mkdf-st-text\" >\n\t\t\t\tTHE INITIATIVE \"MERIANIN 2018+\" WAS INTENDED TO PROMOTE GREATER GREEN DIVERSITY IN PUBLIC AREAS, IN PRIVATE GARDENS, IN HITHERTO-NEGLECTED PATCHES OF WASTE GROUND AND EVEN ON BALCONIES.  THOUGH LAUNCHED IN 2018, IT WAS ALWAYS MEANT TO BE SUSTAINABLE FOR THE LONG TERM. THAT IS WHY THE SMALL \"+\" IS AN IMPORTANT PART OF THIS SLOGAN.\t\t\t<\/h5>\n\t\t\t<\/div>\n<\/div><div class=\"mkdf-section-title-holder\" style=\"text-align: center\">\n\t<div class=\"mkdf-st-inner\">\n        \t\t\t\t\t\t\t<h5 class=\"mkdf-st-text\" >\n\t\t\t\tTHE INITIATIVE MERIANIN Oases WANTS TO HELP ENSURE THAT WELL INTO THE FUTURE WE ARE STILL ABLE TO ADMIRE BUZZING AND FLUTTERING CREATURES, NOT ONLY IN MERIAN\u2019S FASCINATING DEPICTIONS BUT THROUGHOUT THE NATURAL WORLD AS WELL.\t\t\t<\/h5>\n\t\t\t<\/div>\n<\/div><div class=\"vc_empty_space\"   style=\"height: 40px\" ><span class=\"vc_empty_space_inner\"><\/span><\/div>\n<\/div><\/div><\/div><\/div><\/div><\/div><div class=\"mkdf-row-grid-section-wrapper\"  style=\"background-color:#f1e2cd\"><div class=\"mkdf-row-grid-section\"><div class=\"vc_row wpb_row vc_row-fluid vc_custom_1612517050576\" ><div class=\"wpb_column vc_column_container vc_col-sm-12\"><div class=\"vc_column-inner\"><div class=\"wpb_wrapper\">\n\t<div  class=\"wpb_single_image wpb_content_element vc_align_center\">\n\t\t\n\t\t<figure class=\"wpb_wrapper vc_figure\">\n\t\t\t<div class=\"vc_single_image-wrapper   vc_box_border_grey\"><img loading=\"lazy\" decoding=\"async\" width=\"1920\" height=\"1138\" src=\"https:\/\/merianin.de\/wp-content\/uploads\/2023\/03\/trenner_merianin_oases.jpg\" class=\"vc_single_image-img attachment-full\" alt=\"\" srcset=\"https:\/\/merianin.de\/wp-content\/uploads\/2023\/03\/trenner_merianin_oases.jpg 1920w, https:\/\/merianin.de\/wp-content\/uploads\/2023\/03\/trenner_merianin_oases-300x178.jpg 300w, https:\/\/merianin.de\/wp-content\/uploads\/2023\/03\/trenner_merianin_oases-1024x607.jpg 1024w, https:\/\/merianin.de\/wp-content\/uploads\/2023\/03\/trenner_merianin_oases-768x455.jpg 768w, https:\/\/merianin.de\/wp-content\/uploads\/2023\/03\/trenner_merianin_oases-1536x910.jpg 1536w, https:\/\/merianin.de\/wp-content\/uploads\/2023\/03\/trenner_merianin_oases-18x12.jpg 18w\" sizes=\"auto, (max-width: 1920px) 100vw, 1920px\" \/><\/div>\n\t\t<\/figure>\n\t<\/div>\n<\/div><\/div><\/div><\/div><\/div><\/div><div class=\"vc_row wpb_row vc_row-fluid vc_custom_1617959541154 vc_row-has-fill\" ><div class=\"wpb_column vc_column_container vc_col-sm-12\"><div class=\"vc_column-inner\"><div class=\"wpb_wrapper\"><div class=\"mkdf-row-grid-section-wrapper\" ><div class=\"mkdf-row-grid-section\"><div class=\"vc_row wpb_row vc_inner vc_row-fluid\" ><div class=\"wpb_column vc_column_container vc_col-sm-2\"><div class=\"vc_column-inner\"><div class=\"wpb_wrapper\">\n\t<div  class=\"wpb_single_image wpb_content_element vc_align_center\">\n\t\t\n\t\t<figure class=\"wpb_wrapper vc_figure\">\n\t\t\t<div class=\"vc_single_image-wrapper   vc_box_border_grey\"><img loading=\"lazy\" decoding=\"async\" width=\"300\" height=\"300\" src=\"https:\/\/merianin.de\/wp-content\/uploads\/2020\/03\/insekt_17.png\" class=\"vc_single_image-img attachment-full\" alt=\"\" srcset=\"https:\/\/merianin.de\/wp-content\/uploads\/2020\/03\/insekt_17.png 300w, https:\/\/merianin.de\/wp-content\/uploads\/2020\/03\/insekt_17-150x150.png 150w\" sizes=\"auto, (max-width: 300px) 100vw, 300px\" \/><\/div>\n\t\t<\/figure>\n\t<\/div>\n<div class=\"vc_btn3-container vc_btn3-center\" >\n\t<a class=\"vc_general vc_btn3 vc_btn3-size-md vc_btn3-shape-square vc_btn3-style-flat vc_btn3-color-inverse\" href=\"https:\/\/merianin.de\/en\/home\/unsere-absicht\/\" title=\"Our Intention\" target=\"_blank\">Intention<\/a><\/div>\n<div class=\"vc_separator wpb_content_element vc_separator_align_center vc_sep_width_100 vc_sep_dotted vc_sep_border_width_2 vc_sep_pos_align_center vc_separator_no_text vc_custom_1585146294196  vc_custom_1585146294196\" ><span class=\"vc_sep_holder vc_sep_holder_l\"><span  style=\"border-color:#ffffff;\" class=\"vc_sep_line\"><\/span><\/span><span class=\"vc_sep_holder vc_sep_holder_r\"><span  style=\"border-color:#ffffff;\" class=\"vc_sep_line\"><\/span><\/span>\n<\/div><\/div><\/div><\/div><div class=\"wpb_column vc_column_container vc_col-sm-2\"><div class=\"vc_column-inner\"><div class=\"wpb_wrapper\">\n\t<div  class=\"wpb_single_image wpb_content_element vc_align_center\">\n\t\t\n\t\t<figure class=\"wpb_wrapper vc_figure\">\n\t\t\t<div class=\"vc_single_image-wrapper   vc_box_border_grey\"><img loading=\"lazy\" decoding=\"async\" width=\"300\" height=\"300\" src=\"https:\/\/merianin.de\/wp-content\/uploads\/2020\/03\/insekt_20.png\" class=\"vc_single_image-img attachment-full\" alt=\"\" srcset=\"https:\/\/merianin.de\/wp-content\/uploads\/2020\/03\/insekt_20.png 300w, https:\/\/merianin.de\/wp-content\/uploads\/2020\/03\/insekt_20-150x150.png 150w\" sizes=\"auto, (max-width: 300px) 100vw, 300px\" \/><\/div>\n\t\t<\/figure>\n\t<\/div>\n<div class=\"vc_btn3-container vc_btn3-center\" >\n\t<a class=\"vc_general vc_btn3 vc_btn3-size-md vc_btn3-shape-square vc_btn3-style-flat vc_btn3-color-inverse\" href=\"http:\/\/merianin.de\/en\/home\/schuetzlinge\/\" title=\"Our Prot\u00e9g\u00e9s\" target=\"_blank\">Prot\u00e9g\u00e9s<\/a><\/div>\n<div class=\"vc_separator wpb_content_element vc_separator_align_center vc_sep_width_100 vc_sep_dotted vc_sep_border_width_2 vc_sep_pos_align_center vc_separator_no_text vc_custom_1585146294196  vc_custom_1585146294196\" ><span class=\"vc_sep_holder vc_sep_holder_l\"><span  style=\"border-color:#ffffff;\" class=\"vc_sep_line\"><\/span><\/span><span class=\"vc_sep_holder vc_sep_holder_r\"><span  style=\"border-color:#ffffff;\" class=\"vc_sep_line\"><\/span><\/span>\n<\/div><\/div><\/div><\/div><div class=\"wpb_column vc_column_container vc_col-sm-2\"><div class=\"vc_column-inner\"><div class=\"wpb_wrapper\">\n\t<div  class=\"wpb_single_image wpb_content_element vc_align_center\">\n\t\t\n\t\t<figure class=\"wpb_wrapper vc_figure\">\n\t\t\t<div class=\"vc_single_image-wrapper   vc_box_border_grey\"><img loading=\"lazy\" decoding=\"async\" width=\"300\" height=\"300\" src=\"https:\/\/merianin.de\/wp-content\/uploads\/2020\/03\/insekt_14.png\" class=\"vc_single_image-img attachment-full\" alt=\"\" srcset=\"https:\/\/merianin.de\/wp-content\/uploads\/2020\/03\/insekt_14.png 300w, https:\/\/merianin.de\/wp-content\/uploads\/2020\/03\/insekt_14-150x150.png 150w\" sizes=\"auto, (max-width: 300px) 100vw, 300px\" \/><\/div>\n\t\t<\/figure>\n\t<\/div>\n<div class=\"vc_btn3-container vc_btn3-center\" >\n\t<a class=\"vc_general vc_btn3 vc_btn3-size-md vc_btn3-shape-square vc_btn3-style-flat vc_btn3-color-inverse\" href=\"http:\/\/merianin.de\/en\/home\/partner\/\" title=\"Our Partners\" target=\"_blank\">Partners<\/a><\/div>\n<div class=\"vc_separator wpb_content_element vc_separator_align_center vc_sep_width_100 vc_sep_dotted vc_sep_border_width_2 vc_sep_pos_align_center vc_separator_no_text vc_custom_1585146294196  vc_custom_1585146294196\" ><span class=\"vc_sep_holder vc_sep_holder_l\"><span  style=\"border-color:#ffffff;\" class=\"vc_sep_line\"><\/span><\/span><span class=\"vc_sep_holder vc_sep_holder_r\"><span  style=\"border-color:#ffffff;\" class=\"vc_sep_line\"><\/span><\/span>\n<\/div><\/div><\/div><\/div><div class=\"wpb_column vc_column_container vc_col-sm-2\"><div class=\"vc_column-inner\"><div class=\"wpb_wrapper\">\n\t<div  class=\"wpb_single_image wpb_content_element vc_align_center\">\n\t\t\n\t\t<figure class=\"wpb_wrapper vc_figure\">\n\t\t\t<div class=\"vc_single_image-wrapper   vc_box_border_grey\"><img loading=\"lazy\" decoding=\"async\" width=\"300\" height=\"300\" src=\"https:\/\/merianin.de\/wp-content\/uploads\/2020\/03\/insekt_12.png\" class=\"vc_single_image-img attachment-full\" alt=\"\" srcset=\"https:\/\/merianin.de\/wp-content\/uploads\/2020\/03\/insekt_12.png 300w, https:\/\/merianin.de\/wp-content\/uploads\/2020\/03\/insekt_12-150x150.png 150w\" sizes=\"auto, (max-width: 300px) 100vw, 300px\" \/><\/div>\n\t\t<\/figure>\n\t<\/div>\n<div class=\"vc_btn3-container vc_btn3-center\" >\n\t<a class=\"vc_general vc_btn3 vc_btn3-size-md vc_btn3-shape-square vc_btn3-style-flat vc_btn3-color-inverse\" href=\"http:\/\/merianin.de\/en\/home\/projekte\/\" title=\"Projects\" target=\"_blank\">Projects<\/a><\/div>\n<div class=\"vc_separator wpb_content_element vc_separator_align_center vc_sep_width_100 vc_sep_dotted vc_sep_border_width_2 vc_sep_pos_align_center vc_separator_no_text vc_custom_1585146294196  vc_custom_1585146294196\" ><span class=\"vc_sep_holder vc_sep_holder_l\"><span  style=\"border-color:#ffffff;\" class=\"vc_sep_line\"><\/span><\/span><span class=\"vc_sep_holder vc_sep_holder_r\"><span  style=\"border-color:#ffffff;\" class=\"vc_sep_line\"><\/span><\/span>\n<\/div><\/div><\/div><\/div><div class=\"wpb_column vc_column_container vc_col-sm-2\"><div class=\"vc_column-inner\"><div class=\"wpb_wrapper\">\n\t<div  class=\"wpb_single_image wpb_content_element vc_align_center\">\n\t\t\n\t\t<figure class=\"wpb_wrapper vc_figure\">\n\t\t\t<div class=\"vc_single_image-wrapper   vc_box_border_grey\"><img loading=\"lazy\" decoding=\"async\" width=\"300\" height=\"300\" src=\"https:\/\/merianin.de\/wp-content\/uploads\/2020\/03\/insekt_03.png\" class=\"vc_single_image-img attachment-full\" alt=\"\" srcset=\"https:\/\/merianin.de\/wp-content\/uploads\/2020\/03\/insekt_03.png 300w, https:\/\/merianin.de\/wp-content\/uploads\/2020\/03\/insekt_03-150x150.png 150w\" sizes=\"auto, (max-width: 300px) 100vw, 300px\" \/><\/div>\n\t\t<\/figure>\n\t<\/div>\n<div class=\"vc_btn3-container vc_btn3-center\" >\n\t<a class=\"vc_general vc_btn3 vc_btn3-size-md vc_btn3-shape-square vc_btn3-style-flat vc_btn3-color-inverse\" href=\"http:\/\/merianin.de\/en\/home\/mitmachen\/\" title=\"\" target=\"_blank\">Join in!<\/a><\/div>\n<div class=\"vc_separator wpb_content_element vc_separator_align_center vc_sep_width_100 vc_sep_dotted vc_sep_border_width_2 vc_sep_pos_align_center vc_separator_no_text vc_custom_1585146294196  vc_custom_1585146294196\" ><span class=\"vc_sep_holder vc_sep_holder_l\"><span  style=\"border-color:#ffffff;\" class=\"vc_sep_line\"><\/span><\/span><span class=\"vc_sep_holder vc_sep_holder_r\"><span  style=\"border-color:#ffffff;\" class=\"vc_sep_line\"><\/span><\/span>\n<\/div><\/div><\/div><\/div><div class=\"wpb_column vc_column_container vc_col-sm-2\"><div class=\"vc_column-inner\"><div class=\"wpb_wrapper\">\n\t<div  class=\"wpb_single_image wpb_content_element vc_align_center\">\n\t\t\n\t\t<figure class=\"wpb_wrapper vc_figure\">\n\t\t\t<div class=\"vc_single_image-wrapper   vc_box_border_grey\"><img loading=\"lazy\" decoding=\"async\" width=\"300\" height=\"300\" src=\"https:\/\/merianin.de\/wp-content\/uploads\/2020\/03\/insekt_19.png\" class=\"vc_single_image-img attachment-full\" alt=\"\" srcset=\"https:\/\/merianin.de\/wp-content\/uploads\/2020\/03\/insekt_19.png 300w, https:\/\/merianin.de\/wp-content\/uploads\/2020\/03\/insekt_19-150x150.png 150w\" sizes=\"auto, (max-width: 300px) 100vw, 300px\" \/><\/div>\n\t\t<\/figure>\n\t<\/div>\n<div class=\"vc_btn3-container vc_btn3-center\" >\n\t<a class=\"vc_general vc_btn3 vc_btn3-size-md vc_btn3-shape-square vc_btn3-style-flat vc_btn3-color-inverse\" href=\"http:\/\/merianin.de\/en\/home\/geschenke\/\" title=\"Gifts\" target=\"_blank\">Gifts<\/a><\/div>\n<div class=\"vc_separator wpb_content_element vc_separator_align_center vc_sep_width_100 vc_sep_dotted vc_sep_border_width_2 vc_sep_pos_align_center vc_separator_no_text vc_custom_1585146294196  vc_custom_1585146294196\" ><span class=\"vc_sep_holder vc_sep_holder_l\"><span  style=\"border-color:#ffffff;\" class=\"vc_sep_line\"><\/span><\/span><span class=\"vc_sep_holder vc_sep_holder_r\"><span  style=\"border-color:#ffffff;\" class=\"vc_sep_line\"><\/span><\/span>\n<\/div><\/div><\/div><\/div><\/div><\/div><\/div><\/div><\/div><\/div><\/div><div class=\"wpb_column vc_column_container vc_col-sm-2\"><div class=\"vc_column-inner\"><div class=\"wpb_wrapper\"><\/div><\/div><\/div><div class=\"wpb_column vc_column_container vc_col-sm-8\"><div class=\"vc_column-inner\"><div class=\"wpb_wrapper\"><\/div><\/div><\/div>","protected":false},"excerpt":{"rendered":"Mit dem Erbe der Merianin In die Zukunft Die Initiative \u201eMerianin 2018+\u201c f\u00fcr mehr Vielfalt auf Gr\u00fcnfl\u00e4chen im \u00f6ffentlichen Raum, in privaten G\u00e4rten, auf bisher vernachl\u00e4ssigten Restfl\u00e4chen und sogar auf Balkonen sollte nicht nur 2018, sondern soll nachhaltig und langfristig wirken. Deshalb ist das kleine \u201e+\u201c ein wichtiger Bestandteil dieses Mottos. Die Initiative [...]","protected":false},"author":2,"featured_media":0,"parent":0,"menu_order":0,"comment_status":"closed","ping_status":"closed","template":"full-width.php","meta":{"footnotes":""},"class_list":["post-5180","page","type-page","status-publish","hentry"],"yoast_head":"<!-- This site is optimized with the Yoast SEO plugin v26.1.1 - https:\/\/yoast.com\/wordpress\/plugins\/seo\/ -->\n<title>Merianin-Oasen - merianin.de<\/title>\n<meta name=\"description\" content=\"Maria Sibylla Merianin war eine Spezialistin in mehreren verschiedenen Berufen.\" \/>\n<meta name=\"robots\" content=\"index, follow, max-snippet:-1, max-image-preview:large, max-video-preview:-1\" \/>\n<link rel=\"canonical\" href=\"https:\/\/merianin.de\/en\/merianin-oasen\/\" \/>\n<meta property=\"og:locale\" content=\"en_US\" \/>\n<meta property=\"og:type\" content=\"article\" \/>\n<meta property=\"og:title\" content=\"Merianin-Oasen - merianin.de\" \/>\n<meta property=\"og:description\" content=\"Maria Sibylla Merianin war eine Spezialistin in mehreren verschiedenen Berufen.\" \/>\n<meta property=\"og:url\" content=\"https:\/\/merianin.de\/en\/merianin-oasen\/\" \/>\n<meta property=\"og:site_name\" content=\"merianin.de\" \/>\n<meta property=\"article:modified_time\" content=\"2024-07-16T12:23:19+00:00\" \/>\n<meta name=\"twitter:card\" content=\"summary_large_image\" \/>\n<meta name=\"twitter:label1\" content=\"Est. reading time\" \/>\n\t<meta name=\"twitter:data1\" content=\"2 minutes\" \/>\n<script type=\"application\/ld+json\" class=\"yoast-schema-graph\">{\"@context\":\"https:\/\/schema.org\",\"@graph\":[{\"@type\":\"WebPage\",\"@id\":\"https:\/\/merianin.de\/merianin-oasen\/\",\"url\":\"https:\/\/merianin.de\/merianin-oasen\/\",\"name\":\"Merianin-Oasen - merianin.de\",\"isPartOf\":{\"@id\":\"https:\/\/merianin.de\/#website\"},\"datePublished\":\"2021-02-05T09:16:24+00:00\",\"dateModified\":\"2024-07-16T12:23:19+00:00\",\"description\":\"Maria Sibylla Merianin war eine Spezialistin in mehreren verschiedenen Berufen.\",\"breadcrumb\":{\"@id\":\"https:\/\/merianin.de\/merianin-oasen\/#breadcrumb\"},\"inLanguage\":\"en-US\",\"potentialAction\":[{\"@type\":\"ReadAction\",\"target\":[\"https:\/\/merianin.de\/merianin-oasen\/\"]}]},{\"@type\":\"BreadcrumbList\",\"@id\":\"https:\/\/merianin.de\/merianin-oasen\/#breadcrumb\",\"itemListElement\":[{\"@type\":\"ListItem\",\"position\":1,\"name\":\"Startseite\",\"item\":\"https:\/\/merianin.de\/\"},{\"@type\":\"ListItem\",\"position\":2,\"name\":\"Merianin-Oasen\"}]},{\"@type\":\"WebSite\",\"@id\":\"https:\/\/merianin.de\/#website\",\"url\":\"https:\/\/merianin.de\/\",\"name\":\"merianin.de\",\"description\":\"MARIA SIBYLLA MERIAN\",\"potentialAction\":[{\"@type\":\"SearchAction\",\"target\":{\"@type\":\"EntryPoint\",\"urlTemplate\":\"https:\/\/merianin.de\/?s={search_term_string}\"},\"query-input\":{\"@type\":\"PropertyValueSpecification\",\"valueRequired\":true,\"valueName\":\"search_term_string\"}}],\"inLanguage\":\"en-US\"}]}<\/script>\n<!-- \/ Yoast SEO plugin. -->","yoast_head_json":{"title":"Merianin-Oasen - merianin.de","description":"Maria Sibylla Merianin war eine Spezialistin in mehreren verschiedenen Berufen.","robots":{"index":"index","follow":"follow","max-snippet":"max-snippet:-1","max-image-preview":"max-image-preview:large","max-video-preview":"max-video-preview:-1"},"canonical":"https:\/\/merianin.de\/en\/merianin-oasen\/","og_locale":"en_US","og_type":"article","og_title":"Merianin-Oasen - merianin.de","og_description":"Maria Sibylla Merianin war eine Spezialistin in mehreren verschiedenen Berufen.","og_url":"https:\/\/merianin.de\/en\/merianin-oasen\/","og_site_name":"merianin.de","article_modified_time":"2024-07-16T12:23:19+00:00","twitter_card":"summary_large_image","twitter_misc":{"Est. reading time":"2 minutes"},"schema":{"@context":"https:\/\/schema.org","@graph":[{"@type":"WebPage","@id":"https:\/\/merianin.de\/merianin-oasen\/","url":"https:\/\/merianin.de\/merianin-oasen\/","name":"Merianin-Oasen - merianin.de","isPartOf":{"@id":"https:\/\/merianin.de\/#website"},"datePublished":"2021-02-05T09:16:24+00:00","dateModified":"2024-07-16T12:23:19+00:00","description":"Maria Sibylla Merianin war eine Spezialistin in mehreren verschiedenen Berufen.","breadcrumb":{"@id":"https:\/\/merianin.de\/merianin-oasen\/#breadcrumb"},"inLanguage":"en-US","potentialAction":[{"@type":"ReadAction","target":["https:\/\/merianin.de\/merianin-oasen\/"]}]},{"@type":"BreadcrumbList","@id":"https:\/\/merianin.de\/merianin-oasen\/#breadcrumb","itemListElement":[{"@type":"ListItem","position":1,"name":"Startseite","item":"https:\/\/merianin.de\/"},{"@type":"ListItem","position":2,"name":"Merianin-Oasen"}]},{"@type":"WebSite","@id":"https:\/\/merianin.de\/#website","url":"https:\/\/merianin.de\/","name":"merianin.de","description":"MARIA SIBYLLA MERIAN","potentialAction":[{"@type":"SearchAction","target":{"@type":"EntryPoint","urlTemplate":"https:\/\/merianin.de\/?s={search_term_string}"},"query-input":{"@type":"PropertyValueSpecification","valueRequired":true,"valueName":"search_term_string"}}],"inLanguage":"en-US"}]}},"_links":{"self":[{"href":"https:\/\/merianin.de\/en\/wp-json\/wp\/v2\/pages\/5180","targetHints":{"allow":["GET"]}}],"collection":[{"href":"https:\/\/merianin.de\/en\/wp-json\/wp\/v2\/pages"}],"about":[{"href":"https:\/\/merianin.de\/en\/wp-json\/wp\/v2\/types\/page"}],"author":[{"embeddable":true,"href":"https:\/\/merianin.de\/en\/wp-json\/wp\/v2\/users\/2"}],"replies":[{"embeddable":true,"href":"https:\/\/merianin.de\/en\/wp-json\/wp\/v2\/comments?post=5180"}],"version-history":[{"count":21,"href":"https:\/\/merianin.de\/en\/wp-json\/wp\/v2\/pages\/5180\/revisions"}],"predecessor-version":[{"id":6382,"href":"https:\/\/merianin.de\/en\/wp-json\/wp\/v2\/pages\/5180\/revisions\/6382"}],"wp:attachment":[{"href":"https:\/\/merianin.de\/en\/wp-json\/wp\/v2\/media?parent=5180"}],"curies":[{"name":"wp","href":"https:\/\/api.w.org\/{rel}","templated":true}]}}