{"id":4148,"date":"2020-05-22T09:21:48","date_gmt":"2020-05-22T07:21:48","guid":{"rendered":"http:\/\/merianin.de\/?page_id=4148"},"modified":"2021-02-17T15:58:59","modified_gmt":"2021-02-17T14:58:59","slug":"juengere-tochter","status":"publish","type":"page","link":"https:\/\/merianin.de\/en\/home\/juengere-tochter\/","title":{"rendered":"The Younger Daughter"},"content":{"rendered":"<div class=\"mkdf-row-grid-section-wrapper\"  ><div class=\"mkdf-row-grid-section\"><div class=\"vc_row wpb_row vc_row-fluid vc_custom_1585577159611\" ><div class=\"wpb_column vc_column_container vc_col-sm-12\"><div class=\"vc_column-inner\"><div class=\"wpb_wrapper\"><div class=\"mkdf-section-title-holder\" style=\"text-align: center\">\n\t<div class=\"mkdf-st-inner\">\n                <span class=\"mkdf-st-tagline-text\" >\n            Nuremberg \u2013 Frankfurt \u2013 Frisia \u2013 Amsterdam \u2013 Paramaribo \u2013        <\/span>\n    \t\t\t\t\t<\/div>\n<\/div><div class=\"mkdf-section-title-holder\" style=\"text-align: center\">\n\t<div class=\"mkdf-st-inner\">\n                <span class=\"mkdf-st-tagline-text\" >\n            Amsterdam - St. Petersburg        <\/span>\n    \t\t\t\t\t<h2 class=\"mkdf-st-title\" >\n\t\t\t\tDOROTHEA MARIA GRAFF (1678-1743)\t\t\t<\/h2>\n\t\t\t\t\t<\/div>\n<\/div><div class=\"vc_empty_space\"   style=\"height: 40px\" ><span class=\"vc_empty_space_inner\"><\/span><\/div>\n<div class=\"vc_row wpb_row vc_inner vc_row-fluid\" ><div class=\"wpb_column vc_column_container vc_col-sm-6\"><div class=\"vc_column-inner\"><div class=\"wpb_wrapper\">\n\t<div class=\"wpb_text_column wpb_content_element\" >\n\t\t<div class=\"wpb_wrapper\">\n\t\t\t<p>The younger sister had a much more restless childhood; important years of development coincided with the family\u2019s time in the Labadist colony where the children were separated from their parents and were educated with great strictness to become God-fearing people. She was 13-14 years old when the family moved to Amsterdam. She lived in her mother\u2019s household and accompanied her on her great expedition to Suriname. For a long time, the dominant opinion in Merian research was that the mother had undertaken this major voyage with the older, more experienced daughter. In the surviving passenger list for the return voyage, the entry only mentions \u201cMaria Sibilla Merian, her daughter and a native Indian woman\u201d:<\/p>\n\n\t\t<\/div>\n\t<\/div>\n<div class=\"vc_empty_space\"   style=\"height: 20px\" ><span class=\"vc_empty_space_inner\"><\/span><\/div>\n\n\t<div  class=\"wpb_single_image wpb_content_element vc_align_left\">\n\t\t\n\t\t<figure class=\"wpb_wrapper vc_figure\">\n\t\t\t<a data-rel=\"prettyPhoto[rel-4148-2046839720]\" href=\"https:\/\/merianin.de\/wp-content\/uploads\/2020\/06\/Passagierliste.jpg\" target=\"_self\" class=\"vc_single_image-wrapper vc_box_border  vc_box_border_grey prettyphoto\"><img loading=\"lazy\" decoding=\"async\" width=\"637\" height=\"47\" src=\"https:\/\/merianin.de\/wp-content\/uploads\/2020\/06\/Passagierliste.jpg\" class=\"vc_single_image-img attachment-full\" alt=\"\" srcset=\"https:\/\/merianin.de\/wp-content\/uploads\/2020\/06\/Passagierliste.jpg 637w, https:\/\/merianin.de\/wp-content\/uploads\/2020\/06\/Passagierliste-300x22.jpg 300w\" sizes=\"auto, (max-width: 637px) 100vw, 637px\" \/><\/a>\n\t\t<\/figure>\n\t<\/div>\n\n\t<div class=\"wpb_text_column wpb_content_element\" >\n\t\t<div class=\"wpb_wrapper\">\n\t\t\t<p><em>Excerpt from the Passenger List of the \u201cDe Freede\u201d of 18 June, 1701 <\/em>(1)<\/p>\n\n\t\t<\/div>\n\t<\/div>\n\n\t<div class=\"wpb_text_column wpb_content_element\" >\n\t\t<div class=\"wpb_wrapper\">\n\t\t\t<p>So a nameless daughter and a nameless native Indian woman who left no trace in the Netherlands: no official document about her release, unlike several other slaves, no entry in a death register, no grave. (2) By now Dorothea Maria\u2019s participation in the expedition is considered to be proven after the find of a correspondence of third parties. (3)<\/p>\n\n\t\t<\/div>\n\t<\/div>\n<\/div><\/div><\/div><div class=\"wpb_column vc_column_container vc_col-sm-6\"><div class=\"vc_column-inner\"><div class=\"wpb_wrapper\">\n\t<div class=\"wpb_text_column wpb_content_element\" >\n\t\t<div class=\"wpb_wrapper\">\n\t\t\t<p>Three weeks after their return, Phillip Hendriks\u2019 (Hendrix), a ship\u2019s physician from Heidelberg, published the banns for his intended marriage to Dorothea Maria in Amsterdam and they were married soon after. (4) Where did they meet? Before the voyage or on the ship? (5) Or in Suriname? (6) \u2013 Definitely not after the voyage, for then the preparation time before the wedding would have been much too short. Probably this Dr Hendriks, just like Jakob Hendrik Herolt, was an experienced advisor to his future mother-in-law even before the expedition.<\/p>\n<p>The married couple lived in a house with Dorothea\u2019s mother. But the ship\u2019s physician was working on the East India route and was often away for more than a year. (7) He also brought back natural objects for the \u201cfirm\u201d from his voyages. (8) Dorothea Maria became her mother\u2019s most important collaborator (9), her \u201cright hand\u201d, and through the daily collaboration could develop the knowledge and craft skills she might have lacked.<\/p>\n\n\t\t<\/div>\n\t<\/div>\n<\/div><\/div><\/div><\/div><\/div><\/div><\/div><\/div><\/div><\/div><div class=\"mkdf-row-grid-section-wrapper\"  style=\"background-color:#cdd6d5\"><div class=\"mkdf-row-grid-section\"><div class=\"vc_row wpb_row vc_row-fluid vc_custom_1585577433745\" ><div class=\"wpb_column vc_column_container vc_col-sm-12\"><div class=\"vc_column-inner\"><div class=\"wpb_wrapper\"><div class=\"vc_row wpb_row vc_inner vc_row-fluid\" ><div class=\"wpb_column vc_column_container vc_col-sm-6\"><div class=\"vc_column-inner\"><div class=\"wpb_wrapper\">\n\t<div class=\"wpb_text_column wpb_content_element\" >\n\t\t<div class=\"wpb_wrapper\">\n\t\t\t<p>Maybe later on she not only copied her mother\u2019s motifs, but even imitated her signature; (19) for an original by Merian was, of course, more valuable to the customers than a copy fashioned by her daughter. Because the signature was used as a \u201cbrand name\u201d, the involvement of several hands had become an important topic in research on Merian.<\/p>\n<p>Ella Reitsma, through careful comparisons, discovered that works may be attributed not only to the older, but also to the younger daughter, particularly when other animals are also depicted in addition to butterflies. Thus in the Metamorphosis, there are some compositions (such as the one shown in the plate to the left) which do not correspond to Merian\u2019s usual design layout, and where Dorothea Maria might have been involved. (11)<\/p>\n<p>In the works allocated to Dorothea, the force and also the cruelty of nature in the tropics are expressed in an almost playful way. In the family firm, she was the specialist on reptiles (e.g. snakes), amphibians (kaimans) and tropical birds (e.g. ibises) which she painted with bolder brush strokes than her mother. (12)<\/p>\n<p>Merian drew and painted water-colours for the eyes, the antennae and the fragile wings of insects with the finest of brush strokes and in delicate colours. Dorothea Maria\u2019s plant motifs sometimes had a very special note when her mother added a butterfly and a caterpillar. (13)<\/p>\n<p>When Merian died in early 1717, Tsar Peter the Great was just paying his second visit to Amsterdam and commissioned his personal physician and close confidant to purchase works of art for his collection in his new residence in St Petersburg. Dorothea Maria sold him a large part of her mother\u2019s artistic estate. This physician, the highly educated Scotsman Robert Areskin (Erskine) noticed the Merian\u2019s insect sketch book, probably insignificant to look at from the outside, and he bought it for his personal possession. (16)<\/p>\n<p>In the same year, Dorothea Maria brought the family firm\u2019s work to a successful completion by publishing another 50 plates, analogue to the first and second Caterpillar Book, containing descriptions and Dutch text, as her mother\u2019s posthumous work.  (17)<\/p>\n\n\t\t<\/div>\n\t<\/div>\n<\/div><\/div><\/div><div class=\"wpb_column vc_column_container vc_col-sm-6\"><div class=\"vc_column-inner\"><div class=\"wpb_wrapper\">\n\t<div  class=\"wpb_single_image wpb_content_element vc_align_left\">\n\t\t\n\t\t<figure class=\"wpb_wrapper vc_figure\">\n\t\t\t<a data-rel=\"prettyPhoto[rel-4148-1638142656]\" href=\"https:\/\/merianin.de\/wp-content\/uploads\/2020\/07\/meta_56_hyazinthee-667x1024.jpg\" target=\"_self\" class=\"vc_single_image-wrapper vc_box_border  vc_box_border_grey prettyphoto\"><img loading=\"lazy\" decoding=\"async\" width=\"1251\" height=\"1920\" src=\"https:\/\/merianin.de\/wp-content\/uploads\/2020\/07\/meta_56_hyazinthee.jpg\" class=\"vc_single_image-img attachment-full\" alt=\"\" srcset=\"https:\/\/merianin.de\/wp-content\/uploads\/2020\/07\/meta_56_hyazinthee.jpg 1251w, https:\/\/merianin.de\/wp-content\/uploads\/2020\/07\/meta_56_hyazinthee-195x300.jpg 195w, https:\/\/merianin.de\/wp-content\/uploads\/2020\/07\/meta_56_hyazinthee-667x1024.jpg 667w, https:\/\/merianin.de\/wp-content\/uploads\/2020\/07\/meta_56_hyazinthee-768x1179.jpg 768w, https:\/\/merianin.de\/wp-content\/uploads\/2020\/07\/meta_56_hyazinthee-1001x1536.jpg 1001w\" sizes=\"auto, (max-width: 1251px) 100vw, 1251px\" \/><\/a>\n\t\t<\/figure>\n\t<\/div>\n\n\t<div class=\"wpb_text_column wpb_content_element\" >\n\t\t<div class=\"wpb_wrapper\">\n\t\t\t<p><em>Thick-stemmed Water Hyacinth with Pepper Tree Frog and Giant Water Bug<\/em> (10)<\/p>\n\n\t\t<\/div>\n\t<\/div>\n<\/div><\/div><\/div><\/div><\/div><\/div><\/div><\/div><\/div><\/div><div class=\"mkdf-row-grid-section-wrapper\"  ><div class=\"mkdf-row-grid-section\"><div class=\"vc_row wpb_row vc_row-fluid vc_custom_1585577159611\" ><div class=\"wpb_column vc_column_container vc_col-sm-8\"><div class=\"vc_column-inner\"><div class=\"wpb_wrapper\">\n\t<div  class=\"wpb_single_image wpb_content_element vc_align_left\">\n\t\t\n\t\t<figure class=\"wpb_wrapper vc_figure\">\n\t\t\t<a data-rel=\"prettyPhoto[rel-4148-522330163]\" href=\"https:\/\/merianin.de\/wp-content\/uploads\/2020\/07\/meta_69_kaiman_artis_z.jpg\" target=\"_self\" class=\"vc_single_image-wrapper vc_box_border  vc_box_border_grey prettyphoto\"><img loading=\"lazy\" decoding=\"async\" width=\"1000\" height=\"658\" src=\"https:\/\/merianin.de\/wp-content\/uploads\/2020\/07\/meta_69_kaiman_artis_z.jpg\" class=\"vc_single_image-img attachment-full\" alt=\"\" srcset=\"https:\/\/merianin.de\/wp-content\/uploads\/2020\/07\/meta_69_kaiman_artis_z.jpg 1000w, https:\/\/merianin.de\/wp-content\/uploads\/2020\/07\/meta_69_kaiman_artis_z-300x197.jpg 300w, https:\/\/merianin.de\/wp-content\/uploads\/2020\/07\/meta_69_kaiman_artis_z-768x505.jpg 768w\" sizes=\"auto, (max-width: 1000px) 100vw, 1000px\" \/><\/a>\n\t\t<\/figure>\n\t<\/div>\n\n\t<div class=\"wpb_text_column wpb_content_element\" >\n\t\t<div class=\"wpb_wrapper\">\n\t\t\t<p><em>Kaiman with Snake<\/em> (13)<\/p>\n\n\t\t<\/div>\n\t<\/div>\n<\/div><\/div><\/div><div class=\"wpb_column vc_column_container vc_col-sm-4\"><div class=\"vc_column-inner\"><div class=\"wpb_wrapper\">\n\t<div class=\"wpb_text_column wpb_content_element\" >\n\t\t<div class=\"wpb_wrapper\">\n\t\t\t<p class=\"translation-block\">In September 1717, Dorothea Maria sold the entire stocks of the Merian publishing enterprise to an Amsterdam book seller: printed copies of the Caterpillar Books, of the Flower Book, and the Suriname Book, also illuminated copies, copperplates (some of them still from the Nuremberg times!) for further prints, but also books by other authors from the family library. This radical break with everything which had been part of her working life for decades suggests that she wanted to set off for new shores, both literally and metaphorically speaking. She signed the contract at the notary public with <em>\u201cDorothea Maria Merian Weduwe (= widow) van Philip Hendrix\u201c<\/em>. (18)<\/p>\n<p>For her, almost forty years old, a new life began, and she found a new life partner: the painter Georg Gsell (1673-1740) hailing from St Gallen and also a widower who had been a lodger in the Merian\u2019s house with his daughters. (19) Gsell was called by the Tsar to his Art Academy in St Petersburg, and Dorothea Maria emigrated with him. Just like the court painter Gsell, she became a recognised teacher at the Art Academy there. As \u201cGsellscha\u201d she did meritorious work for the cultural life in this new residence city. (20)<\/p>\n\n\t\t<\/div>\n\t<\/div>\n<\/div><\/div><\/div><\/div><\/div><\/div><div class=\"mkdf-row-grid-section-wrapper\"  style=\"background-color:#cdd6d5\"><div class=\"mkdf-row-grid-section\"><div class=\"vc_row wpb_row vc_row-fluid vc_custom_1585577433745\" ><div class=\"wpb_column vc_column_container vc_col-sm-12\"><div class=\"vc_column-inner\"><div class=\"wpb_wrapper\">\n\t<div class=\"wpb_text_column wpb_content_element\" >\n\t\t<div class=\"wpb_wrapper\">\n\t\t\t<p>In her many years of work, together with her husband, she organised the Tsar\u2019s collection and promoted the dissemination of her mother\u2019s scientific and artistic heritage. (21) Today, St Petersburg has one of the world\u2019s largest and most valuable Merian collections. But the Merian literature only rarely points out that her daughter Dorothea Maria was probably one of the most important keepers of this treasure. The Tsar even let her travel to Amsterdam again in 1734, (22) to purchase even more Merian works.<\/p>\n<p>People in Nuremberg (and many international Merian researchers) should be particularly grateful to her, for without her, Merian\u2019s insect sketch book probably would not exist any more. Who but her would have recognised the value of this unique book, and rescued it for the Tsar\u2019s collection when Areskin died one year after his Amsterdam journey (1719)? One fact which is not often recognised in relevant publications, is that the former family garden in Nuremberg could not have been located without Merian\u2019s personal sketch book \u2013 and apart from that a lot of interesting information about other sites of finds for her caterpillar collection would have been lost forever.<\/p>\n\n\t\t<\/div>\n\t<\/div>\n<\/div><\/div><\/div><\/div><\/div><\/div><div class=\"mkdf-row-grid-section-wrapper\"  ><div class=\"mkdf-row-grid-section\"><div class=\"vc_row wpb_row vc_row-fluid vc_custom_1589806714210\" ><div class=\"wpb_column vc_column_container vc_col-sm-12\"><div class=\"vc_column-inner\"><div class=\"wpb_wrapper\"><div class=\"vc_message_box vc_message_box-standard vc_message_box-rounded vc_color-chino\" >\n\t<div class=\"vc_message_box-icon\"><i class=\"fa fa-info-circle\"><\/i>\n\t<\/div><ol>\n<li>Excerpt from \u201cPassenger Manifest\u201c 18.06.1701, National Archives, The Hague, Society of Suriname; printed in Reitsma (2008), p. 198; free \u2013 no permission necessary; information in National Archives, Amsterdam<\/li>\n<li>Reitsma (Lit 2008), p. 198 und 205<\/li>\n<li>Details of this complicated chain of proof in Davis (Lit 1995), p. 316, endnote 127<\/li>\n<li>Davis (Lit 1995), p. 178<\/li>\n<li>Pfister-Burkhalter(Lit 1980), p. 51, suggests that Hendriks might have to Suriname on the same freighter as Merian and her daughter (no source quoted).<\/li>\n<li>Suggested by Reitsma (Lit 2008), p. 200<\/li>\n<li>Reitsma (Lit 2008), p. 201<\/li>\n<li>Davis (Lit 1995), p. 199<\/li>\n<li>Reitsma (Lit 2008), p. 214<\/li>\n<li>Reitsma (Lit 2008), p. 102, with comparison of handwriting<\/li>\n<li>Reitsma (Lit 2008) p. 214: \u201cDorothea Maria creates rather stiff compositions, among them the spiders (pl. 18) Scarlet hippeastrum (pl. 22), coca tree (pl. 26) and water hyacinth with a frog and a bud (pl. 56).\u201d In the digital copy of GNM http:\/\/dlib.gnm.de\/item\/2KzMER034_37\/78html, direct click on left column \u201dContent\u201d\u201c<\/li>\n<li>Reitsma, p. 227 ff<\/li>\n<li>loc. cit.  (Lit 2008), p. 214, Reitsma (Lit 2008) e.g. sees examples of the cooperation between mother and daughters in the plates p. 169, p. 221, p. 224; similar joint watercolours with the older daughter e. g. p. 152<\/li>\n<li>Merian, Maria Sibylla (Dorothea Maria), Thick-stemmed Water Hyacinth; courtesy of Artis Library, University of Amsterdam, Legkast 019.01; title taken from Schmidt-Loske (Nat 2007), p. 126; cd GNM, Inv. No. Kz MER 034, Im Digitalisat des GNM http:\/\/dlib.gnm.de\/item\/2KzMER034_37\/78html, direct click in left column \u201cInhalt\u201d<\/li>\n<li>Merian, Maria Sibylla (Dorothea Maria), Cayman with Serpent; courtesy of Artis Library, University of Amsterdam, Legkast 019.01; on the extended edition of the Metamorphosis with additional plates: Dissertation sur la g\u00e9n\u00e9ration et les transformations des insectes de Suriname, edition Gosse 1726; courtesy of Artis Library, University of Amsterdam, Legkast 019.01; cf. non-illuminated edition with exceptional precision in UBErl, Sig. No. H61\/2 TREW.B 13\/14<\/li>\n<li>Pfister-Burkhalter (Lit 1998), p. 28; Reitsma (Lit 2008), p. 234<\/li>\n<li>Wettengl (Lit 1997) catalogue No. 152, p. 245, ill. 72, p. 258; details regarding title and dating in Davis (Lit 1995) p. 333, endnote 234<\/li>\n<li>Reitsma (Lit 2008, Dutch edition), p. 234 and p. 232 footnote 20: death of Philip Hendriks between 1711 and by January 1714<\/li>\n<li>Davis (Lit 1995) p. 201; Stuldreher-Nienhuis (Lit 1944), p. 132f, Endnote 12: An entry for a marriage was found neither in the marriage register in Amsterdam nor in Frankfurt a. M. nor in Nuremberg.<\/li>\n<li>Reitsma (Lit 2008) p. 235ff; maybe descendants of her four children are still living in Russia or in other countries<\/li>\n<li>Castellani (Kun 2003), p. 182<\/li>\n<li>Reitsma (Lit 2008) p. 237, maybe it was art inherited from her sister Johanna Helena who had died in 1728.<\/li>\n<\/ol>\n<\/div>\n<\/div><\/div><\/div><\/div><\/div><\/div>","protected":false},"excerpt":{"rendered":"N\u00fcrnberg - Frankfurt - Friesland - Amsterdam - Paramaribo - Amsterdam - St. Petersburg Dorothea Maria Gr\u00e4ffin (1678-1743) Die j\u00fcngere Schwester hatte eine viel unruhigere Kindheit. Wichtige ihrer Entwicklungsjahre fallen in die Zeit bei der Labadistengemeinde. Dort wurden die Kinder in eigenen Gruppen untergebracht, um mit gro\u00dfer Strenge zu gottesf\u00fcrchtigen Menschen erzogen zu [...]","protected":false},"author":2,"featured_media":0,"parent":23,"menu_order":0,"comment_status":"closed","ping_status":"closed","template":"full-width.php","meta":{"footnotes":""},"class_list":["post-4148","page","type-page","status-publish","hentry"],"yoast_head":"<!-- This site is optimized with the Yoast SEO plugin v26.1.1 - https:\/\/yoast.com\/wordpress\/plugins\/seo\/ -->\n<title>Die j\u00fcngere Tochter - merianin.de<\/title>\n<meta name=\"robots\" content=\"index, follow, max-snippet:-1, max-image-preview:large, max-video-preview:-1\" \/>\n<link rel=\"canonical\" href=\"https:\/\/merianin.de\/en\/home\/juengere-tochter\/\" \/>\n<meta property=\"og:locale\" content=\"en_US\" \/>\n<meta property=\"og:type\" content=\"article\" \/>\n<meta property=\"og:title\" content=\"Die j\u00fcngere Tochter - merianin.de\" \/>\n<meta property=\"og:url\" content=\"https:\/\/merianin.de\/en\/home\/juengere-tochter\/\" \/>\n<meta property=\"og:site_name\" content=\"merianin.de\" \/>\n<meta property=\"article:modified_time\" content=\"2021-02-17T14:58:59+00:00\" \/>\n<meta name=\"twitter:card\" content=\"summary_large_image\" \/>\n<meta name=\"twitter:label1\" content=\"Est. reading time\" \/>\n\t<meta name=\"twitter:data1\" content=\"7 minutes\" \/>\n<script type=\"application\/ld+json\" class=\"yoast-schema-graph\">{\"@context\":\"https:\/\/schema.org\",\"@graph\":[{\"@type\":\"WebPage\",\"@id\":\"https:\/\/merianin.de\/en\/home\/juengere-tochter\/\",\"url\":\"https:\/\/merianin.de\/en\/home\/juengere-tochter\/\",\"name\":\"Die j\u00fcngere Tochter - merianin.de\",\"isPartOf\":{\"@id\":\"https:\/\/merianin.de\/#website\"},\"datePublished\":\"2020-05-22T07:21:48+00:00\",\"dateModified\":\"2021-02-17T14:58:59+00:00\",\"breadcrumb\":{\"@id\":\"https:\/\/merianin.de\/en\/home\/juengere-tochter\/#breadcrumb\"},\"inLanguage\":\"en-US\",\"potentialAction\":[{\"@type\":\"ReadAction\",\"target\":[\"https:\/\/merianin.de\/en\/home\/juengere-tochter\/\"]}]},{\"@type\":\"BreadcrumbList\",\"@id\":\"https:\/\/merianin.de\/en\/home\/juengere-tochter\/#breadcrumb\",\"itemListElement\":[{\"@type\":\"ListItem\",\"position\":1,\"name\":\"Startseite\",\"item\":\"https:\/\/merianin.de\/\"},{\"@type\":\"ListItem\",\"position\":2,\"name\":\"Home\",\"item\":\"https:\/\/merianin.de\/\"},{\"@type\":\"ListItem\",\"position\":3,\"name\":\"Die j\u00fcngere Tochter\"}]},{\"@type\":\"WebSite\",\"@id\":\"https:\/\/merianin.de\/#website\",\"url\":\"https:\/\/merianin.de\/\",\"name\":\"merianin.de\",\"description\":\"MARIA SIBYLLA MERIAN\",\"potentialAction\":[{\"@type\":\"SearchAction\",\"target\":{\"@type\":\"EntryPoint\",\"urlTemplate\":\"https:\/\/merianin.de\/?s={search_term_string}\"},\"query-input\":{\"@type\":\"PropertyValueSpecification\",\"valueRequired\":true,\"valueName\":\"search_term_string\"}}],\"inLanguage\":\"en-US\"}]}<\/script>\n<!-- \/ Yoast SEO plugin. -->","yoast_head_json":{"title":"Die j\u00fcngere Tochter - merianin.de","robots":{"index":"index","follow":"follow","max-snippet":"max-snippet:-1","max-image-preview":"max-image-preview:large","max-video-preview":"max-video-preview:-1"},"canonical":"https:\/\/merianin.de\/en\/home\/juengere-tochter\/","og_locale":"en_US","og_type":"article","og_title":"Die j\u00fcngere Tochter - merianin.de","og_url":"https:\/\/merianin.de\/en\/home\/juengere-tochter\/","og_site_name":"merianin.de","article_modified_time":"2021-02-17T14:58:59+00:00","twitter_card":"summary_large_image","twitter_misc":{"Est. reading time":"7 minutes"},"schema":{"@context":"https:\/\/schema.org","@graph":[{"@type":"WebPage","@id":"https:\/\/merianin.de\/en\/home\/juengere-tochter\/","url":"https:\/\/merianin.de\/en\/home\/juengere-tochter\/","name":"Die j\u00fcngere Tochter - merianin.de","isPartOf":{"@id":"https:\/\/merianin.de\/#website"},"datePublished":"2020-05-22T07:21:48+00:00","dateModified":"2021-02-17T14:58:59+00:00","breadcrumb":{"@id":"https:\/\/merianin.de\/en\/home\/juengere-tochter\/#breadcrumb"},"inLanguage":"en-US","potentialAction":[{"@type":"ReadAction","target":["https:\/\/merianin.de\/en\/home\/juengere-tochter\/"]}]},{"@type":"BreadcrumbList","@id":"https:\/\/merianin.de\/en\/home\/juengere-tochter\/#breadcrumb","itemListElement":[{"@type":"ListItem","position":1,"name":"Startseite","item":"https:\/\/merianin.de\/"},{"@type":"ListItem","position":2,"name":"Home","item":"https:\/\/merianin.de\/"},{"@type":"ListItem","position":3,"name":"Die j\u00fcngere Tochter"}]},{"@type":"WebSite","@id":"https:\/\/merianin.de\/#website","url":"https:\/\/merianin.de\/","name":"merianin.de","description":"MARIA SIBYLLA MERIAN","potentialAction":[{"@type":"SearchAction","target":{"@type":"EntryPoint","urlTemplate":"https:\/\/merianin.de\/?s={search_term_string}"},"query-input":{"@type":"PropertyValueSpecification","valueRequired":true,"valueName":"search_term_string"}}],"inLanguage":"en-US"}]}},"_links":{"self":[{"href":"https:\/\/merianin.de\/en\/wp-json\/wp\/v2\/pages\/4148","targetHints":{"allow":["GET"]}}],"collection":[{"href":"https:\/\/merianin.de\/en\/wp-json\/wp\/v2\/pages"}],"about":[{"href":"https:\/\/merianin.de\/en\/wp-json\/wp\/v2\/types\/page"}],"author":[{"embeddable":true,"href":"https:\/\/merianin.de\/en\/wp-json\/wp\/v2\/users\/2"}],"replies":[{"embeddable":true,"href":"https:\/\/merianin.de\/en\/wp-json\/wp\/v2\/comments?post=4148"}],"version-history":[{"count":33,"href":"https:\/\/merianin.de\/en\/wp-json\/wp\/v2\/pages\/4148\/revisions"}],"predecessor-version":[{"id":5246,"href":"https:\/\/merianin.de\/en\/wp-json\/wp\/v2\/pages\/4148\/revisions\/5246"}],"up":[{"embeddable":true,"href":"https:\/\/merianin.de\/en\/wp-json\/wp\/v2\/pages\/23"}],"wp:attachment":[{"href":"https:\/\/merianin.de\/en\/wp-json\/wp\/v2\/media?parent=4148"}],"curies":[{"name":"wp","href":"https:\/\/api.w.org\/{rel}","templated":true}]}}