{"id":4146,"date":"2020-05-22T09:21:09","date_gmt":"2020-05-22T07:21:09","guid":{"rendered":"http:\/\/merianin.de\/?page_id=4146"},"modified":"2022-10-21T14:01:50","modified_gmt":"2022-10-21T12:01:50","slug":"aeltere-tochter","status":"publish","type":"page","link":"https:\/\/merianin.de\/en\/home\/aeltere-tochter\/","title":{"rendered":"The Elder Daughter"},"content":{"rendered":"<div class=\"mkdf-row-grid-section-wrapper\"  ><div class=\"mkdf-row-grid-section\"><div class=\"vc_row wpb_row vc_row-fluid vc_custom_1585577159611\" ><div class=\"wpb_column vc_column_container vc_col-sm-12\"><div class=\"vc_column-inner\"><div class=\"wpb_wrapper\"><div class=\"mkdf-section-title-holder\" style=\"text-align: center\">\n\t<div class=\"mkdf-st-inner\">\n                <span class=\"mkdf-st-tagline-text\" >\n            Frankfurt \u2013 Nuremberg \u2013 Frankfurt \u2013 Frisia \u2013 Amsterdam \u2013 Paramaribo        <\/span>\n    \t\t\t\t\t<h2 class=\"mkdf-st-title\" >\n\t\t\t\tJohanna Helena Gr\u00e4ffin (1668-1728)\t\t\t<\/h2>\n\t\t\t\t\t<\/div>\n<\/div><div class=\"vc_empty_space\"   style=\"height: 40px\" ><span class=\"vc_empty_space_inner\"><\/span><\/div>\n<div class=\"vc_row wpb_row vc_inner vc_row-fluid\" ><div class=\"wpb_column vc_column_container vc_col-sm-6\"><div class=\"vc_column-inner\"><div class=\"wpb_wrapper\">\n\t<div class=\"wpb_text_column wpb_content_element\" >\n\t\t<div class=\"wpb_wrapper\">\n\t\t\t<p>The elder daughter Johanna Helena came to Nuremberg shortly after her birth when her parents moved from Frankfurt to Nuremberg. She doubtlessly got her artisan\u2019s \u201cbasic training\u201d from both parents, both in Nuremberg and in Frankfurt. She experienced the time in the Labadist colony, and perhaps did not suffer as greatly as her younger sister from growing up separately from their parents, because she got to know a young man who did not bow to Pierre Yvon\u2019s unrelenting severity. Hendrick Herolt (~1660-1715) from Bacharach (1) in spite of being a \u201cbrother\u201d and belonging to the \u201cselected\u201d, finally dissociated himself from the Labadists and became a successful merchant in Amsterdam, trading with and travelling to Suriname, (2)<\/p>\n<p>After mother and daughters had moved to Amsterdam in late June 1692, the banns of Johanna Helena and Hendrick were published at the Amsterdam City Hall. Nothing stood in the way of their wedding - or rather of the official confirmation and legalisation of their marriage, which had already taken place in the Labadist colony but had to be officially ratified in Amsterdam in order to be considered legally binding. (3)<\/p>\n<p>At the same time Johanna Helena developed her own style, which, following Ella Reitsma, we can call her \u201cown hand\u201d: her water colours are bolder, more three-dimensional than those of her mother. (4) Might she have learned this illusion of depth in her drawings from her father, the master of perspective drawing?<\/p>\n<p>The daughter\u2019s flower motifs often seem so very much alive because they keep growing beyond the margins of the page, just like this passion flower, which belongs to a series of 49 of her drawings on parchment kept in the Herzog-Anton-Ulrich-Museum in Brunswick where they are classified as gouaches, with the boundary between them and watercolours defined as a flowing one by art experts. (5)<\/p>\n<p>Some of these masterpieces of which she herself has written an inventory and which are dated 1698, are signed by her personally. They are a fascinating example of her artistic talent. (6)\n<p>Some motifs can also be found in other collections. In this context, Ella Reitsma raises the question of the value of the distinction between an original, a replica and a copy. It would be wrong to talk pejoratively about \u201cserial production\u201d in the \u201cMerian\u201d family firm, though a significant part of the household\u2019s income was based \u2013 according to customers\u2019 wishes \u2013 on duplications of the popular motifs of the Merian water colours (7) and on illuminating the Caterpillar Books. <\/p><\/p>\n\n\t\t<\/div>\n\t<\/div>\n<\/div><\/div><\/div><div class=\"wpb_column vc_column_container vc_col-sm-6\"><div class=\"vc_column-inner\"><div class=\"wpb_wrapper\">\n\t<div  class=\"wpb_single_image wpb_content_element vc_align_left\">\n\t\t\n\t\t<figure class=\"wpb_wrapper vc_figure\">\n\t\t\t<a data-rel=\"prettyPhoto[rel-4146-857595990]\" href=\"https:\/\/merianin.de\/wp-content\/uploads\/2020\/07\/passionsblume_jhherolt.jpg\" target=\"_self\" class=\"vc_single_image-wrapper vc_box_border  vc_box_border_grey prettyphoto\"><img loading=\"lazy\" decoding=\"async\" width=\"810\" height=\"1000\" src=\"https:\/\/merianin.de\/wp-content\/uploads\/2020\/07\/passionsblume_jhherolt.jpg\" class=\"vc_single_image-img attachment-full\" alt=\"\" srcset=\"https:\/\/merianin.de\/wp-content\/uploads\/2020\/07\/passionsblume_jhherolt.jpg 810w, https:\/\/merianin.de\/wp-content\/uploads\/2020\/07\/passionsblume_jhherolt-243x300.jpg 243w, https:\/\/merianin.de\/wp-content\/uploads\/2020\/07\/passionsblume_jhherolt-768x948.jpg 768w\" sizes=\"auto, (max-width: 810px) 100vw, 810px\" \/><\/a>\n\t\t<\/figure>\n\t<\/div>\n\n\t<div class=\"wpb_text_column wpb_content_element\" >\n\t\t<div class=\"wpb_wrapper\">\n\t\t\t<p><em>Blue Passion Flower <\/em>(8)<\/p>\n\n\t\t<\/div>\n\t<\/div>\n<\/div><\/div><\/div><\/div><\/div><\/div><\/div><\/div><\/div><\/div><div class=\"mkdf-row-grid-section-wrapper\"  style=\"background-color:#cdd6d5\"><div class=\"mkdf-row-grid-section\"><div class=\"vc_row wpb_row vc_row-fluid vc_custom_1591780129429\" ><div class=\"wpb_column vc_column_container vc_col-sm-12\"><div class=\"vc_column-inner\"><div class=\"wpb_wrapper\"><div class=\"vc_row wpb_row vc_inner vc_row-fluid\" ><div class=\"wpb_column vc_column_container vc_col-sm-6\"><div class=\"vc_column-inner\"><div class=\"wpb_wrapper\">\n\t<div  class=\"wpb_single_image wpb_content_element vc_align_left\">\n\t\t\n\t\t<figure class=\"wpb_wrapper vc_figure\">\n\t\t\t<a data-rel=\"prettyPhoto[rel-4146-1775226548]\" href=\"https:\/\/merianin.de\/wp-content\/uploads\/2020\/07\/sepentaria_jhherolt.jpg\" target=\"_self\" class=\"vc_single_image-wrapper vc_box_border  vc_box_border_grey prettyphoto\"><img loading=\"lazy\" decoding=\"async\" width=\"835\" height=\"1000\" src=\"https:\/\/merianin.de\/wp-content\/uploads\/2020\/07\/sepentaria_jhherolt.jpg\" class=\"vc_single_image-img attachment-full\" alt=\"\" srcset=\"https:\/\/merianin.de\/wp-content\/uploads\/2020\/07\/sepentaria_jhherolt.jpg 835w, https:\/\/merianin.de\/wp-content\/uploads\/2020\/07\/sepentaria_jhherolt-251x300.jpg 251w, https:\/\/merianin.de\/wp-content\/uploads\/2020\/07\/sepentaria_jhherolt-768x920.jpg 768w\" sizes=\"auto, (max-width: 835px) 100vw, 835px\" \/><\/a>\n\t\t<\/figure>\n\t<\/div>\n\n\t<div class=\"wpb_text_column wpb_content_element\" >\n\t\t<div class=\"wpb_wrapper\">\n\t\t\t<p><em>Serpentaria with Butterflies <\/em>(9)<\/p>\n\n\t\t<\/div>\n\t<\/div>\n<\/div><\/div><\/div><div class=\"wpb_column vc_column_container vc_col-sm-6\"><div class=\"vc_column-inner\"><div class=\"wpb_wrapper\">\n\t<div class=\"wpb_text_column wpb_content_element\" >\n\t\t<div class=\"wpb_wrapper\">\n\t\t\t<p>As a painter, Johanna Helena took on some of her mother\u2019s commissions, and the daughter\u2019s \u201cvariations\u201d have their own, independent value. The term \u201cvariation\u201d is used deliberately here, in analogy to a form much appreciated in music. Sometimes (as shown on the right), she succeeds in creating fascinating compositions quite unlike those we know from her mother\u2019s work. (10)<\/p>\n<p>Johanna Helena remained integrated in the \u201cfamily firm\u201d with her mother and her younger sister, even after her daughter (Maria) Abigail was born, probably around 1700 in Amsterdam. (11) Jacob Hendrik Herolt, because of his wide travels and good local knowledge, could also assist and advise his mother-in-law with the preparations for her expedition to Suriname. Maybe his wife Johanna Helena even accompanied him on one of these voyages in the 1690s. (12) So the Merian\u2019s expedition to Suriname was not a journey into the unknown.<\/p>\n<p>There is no doubt that Johanna Helena also helped her mother with the mammoth, large-format work containing copper etchings of plants and animals in the Tropics after the latter\u2019s return from Suriname. Individual folios from the \"Surinamese Insects\" were printed and the first already sold even before the entire book had been completed.  Especially in the form of coloured counter proofs, they can hardly be distinguished from hand-drawn and coloured one-off depictions, also called \"unica. (13) Ella Reitsma even sees Johanna Helena as the creator of the most powerful compositions amongst the templates for some copper etchings. (14)<\/p>\n<p>When, after four years of intensive labour, the volume was published in 1705 as Merian\u2019s crowning glory (15), considerable work still went into colouring - then called \"illuminating\" - several as yet unbound copies, which could achieve a much higher price than the black-and-white prints. Only a few of these \"original coloured\" counter proofs have survived to our day and they are amongst the most valuable printed works from the \"Merian workshop\".<\/p>\n\n\t\t<\/div>\n\t<\/div>\n<\/div><\/div><\/div><\/div><div class=\"vc_empty_space\"   style=\"height: 20px\" ><span class=\"vc_empty_space_inner\"><\/span><\/div>\n\n\t<div class=\"wpb_text_column wpb_content_element\" >\n\t\t<div class=\"wpb_wrapper\">\n\t\t\t<p>Johanna Helena probably emigrated permanently to Suriname around 1711. She did so with her daughter Maria Abigail and her husband, who not only worked there as a merchant, but also as one of the rectors of the orphanage in Paramaribo and supervisor of any legacies bequeathed to orphans. (16) From there she continued to work for the Merian family firm in Amsterdam \u2013 we know that because in 1712 her mother informed a client in a letter that she had received Surinamese insects and other taxidermied animals for sale from this daughter. (17) In the letters from Merian which have been preserved to this day, no evidence could be found that Johanna Helena also continued to paint in Suriname, but her mother would not have revealed this in her letters. As a businesswoman, Merian paid great attention to quality, but when she could offer new \"Merian watercolours\" for sale, her customers did not need to know that they had been painted and sent by her daughter in Suriname. Several watercolours that bear the hallmark of the daughter's style are unsigned or signed with her mother's name.<\/p>\n<p>A pointer to the continuing collaboration can be found on the title page of the third Caterpillar Book (1717). There, a future additional supplement (\u201cAppendix\u201d) was announced and in the preface the younger daughter, as editor, promised tropical insects observed by Johanna Helena, currently resident in Suriname.(18) For Ella Reitsma, these sentences are proof that Johanna Helena \"was still in the business\". (19) This supplement was never published and questions about it remain unresolved. Did Johanna Helena find time to observe and draw the insects? Did these precious sketches sink in a sailing boat which capsized on the voyage to Amsterdam? Or, after the younger sister had emigrated to Russia, was there nobody left in Amsterdam who could have looked after the publication?<\/p>\n<p>1728 starb Johanna Helena als Witwe in Paramaribo. (20) Sie hatte zahlreiche Enkel, von denen vier zu ihren Lebzeiten geboren wurden. (21).<\/p>\n<p>In Merian\u2019s St. Petersburg watercolours there are several depictions of tropical plants without the four stages of metamorphosis typical of Maria Sibylla Merian. Their lively, \"Baroque\" style suggests the artist was Johanna Helena rather than her mother and they might even have arrived in Amsterdam after Johanna Helena's death. In 1734 the younger daughter, Dorothea Maria, once more travelled from St. Petersburg to Amsterdam, with the permission and on behalf of the Tsar, to acquire more artwork for the Academy.(22) Perhaps the 30 drawings which Dorothea Maria took back to St. Petersburg at that time (23) not only belonged to the estate of her elder sister, but had even been painted (at least in part?) by Johanna Helena. This is more likely than that such fragile originals by her mother were preserved for more than 20 years in a tropical climate and exposed to the risks involved in being transported to and fro.<\/p>\n<p>This opens up a wide field for the stylistic comparison of the \"hands\" of mother and daughter. This has already been attempted by Ella Reitsma for watercolours in the monograph (24) and additionally for her coloured counter proofs in an exhibition of Merian works by Royal Collection at the Queen's Gallery in London in 2016. (25)<\/p>\n\n\t\t<\/div>\n\t<\/div>\n<\/div><\/div><\/div><\/div><\/div><\/div><div class=\"mkdf-row-grid-section-wrapper\"  ><div class=\"mkdf-row-grid-section\"><div class=\"vc_row wpb_row vc_row-fluid vc_custom_1589806714210\" ><div class=\"wpb_column vc_column_container vc_col-sm-12\"><div class=\"vc_column-inner\"><div class=\"wpb_wrapper\"><div class=\"vc_message_box vc_message_box-standard vc_message_box-rounded vc_color-chino\" >\n\t<div class=\"vc_message_box-icon\"><i class=\"fa fa-info-circle\"><\/i>\n\t<\/div><ol>\n<li>Davis (Lit 1995), p.164<\/li>\n<li>loc. cit. p. 166 und p. 312, footnote No. 109<\/li>\n<li>Reitsma (Lit 2008), p. 105; Davis (Lit 1995) p. 312 endnote 109, mentions a marriage contract<\/li>\n<li>loc. cit. (Lit 2008), 139 ff<\/li>\n<li>loc. cit. p. 160 concerning \u201cwatercolour\u201d and \u201cbody colour\u201d<\/li>\n<li>loc. cit. p. 150f<\/li>\n<li>loc. cit. p. 135<\/li>\n<li>Herolt, Johanna Helena, Blaue Passionsblume, gouache, 37.5 x 30.2 cm; double frame line of brown ink on whitened parchment; courtesy of Herzog-Anton-Ulrich-Museum, Braunschweig, Inv. No. H 27 No. 24b, Bl. 43<\/li>\n<li>Herolt, Johanna Helena, Serpentaria, gouache, 379 x 302 mm, double frame line of brown ink on whitened parchment; courtesy of Herzog-Anton-Ulrich-Museums, Braunschweig, Inv. No. H 27 No. 24b, Bl. 6<\/li>\n<li>Reitsma loc.cit. (Lit 2008), p. 139ff<\/li>\n<li>loc. cit. p. 238<\/li>\n<li>R\u00fccker (Lit 1967), p. 14, even assumes that Johanna Helena had already lived in Suriname with her husband before her mother\u2019s expedition<\/li>\n<li>MSM+Lit 2016, Heard, Maria Merian\u2018s butterflies with catalogue of this exhibition, compare esp. p. 33<\/li>\n<li>Lit-2008, Reitsma, p. 214: \u201ede meest krachtige (powerful) composities\u201c: examples: plate XXXIII (=33) Feigenzweig [branch of a fig], plate XL (=40); Papaybaum [papaya tree], plate XLI (=41) Winde mit Patate [convolvulus with sweet potato].<\/li>\n<li>German National Museum Nuremberg, title of the exhibition from 28.2.2012 to 4.2.2013: \u201eMERIANS KR\u00d6NUNGSWERK \u2013 DIE WUNDERWELT DER TROPEN\u201c<\/li>\n<li>Lit 2015, Davis dates the permanent move to 1711, Lit 1995, p. 200 and footnote 236, pp. 333f \/\/ Lit 1980, Pfister-Burkhalter, p. 55 dated to 1702 \/\/ Lit 2008, Reitsma, p. 237 auf 1714. The passenger lists of ships returning from Suriname are still extant (SocSur). Davis has checked them all and has not found the names Johanna Helena or Jacob Hendrik Herolt anywhere before 1723: Davis (Lit 1995) p. 334, there endnote 237<\/li>\n<li>Lit 2020 - Merian-Briefe, letter 18, to James Petiver, London, August 29th 1712, p. 88ff, in Dutch, by a different hand, with signature <em>Maria Sibilla Merian: \u201e&#8230; dat ik von meyne dogter heb ontfangen <\/em><em>van Surinaam<\/em><em>sche Insecten \u2026.\u201c <\/em>[that I have received some Surinamese insects from my daughter]; also in Lit 1997 \u2013 Wettengl, Kurt, p. 269 (there only translation)<\/li>\n<li>Preface from the third part of the Caterpillar Books in Dutch: \u201eDaar by voegende, een Appendix van Surinaamsche Insecten, geobserveert door myne Suster Johanna Helena Herolt, tegenwoordig noch tot Surinaame woonende, niet twyfelende of het eene en andere fal aangenaam zyn\u201c [Including an appendix with Surinamese insects observed by my sister Johanna Helena Herolt, currently residing in Suriname; and not doubting that this will be agreeable to the one or the other reader]. Compare, too, Lit 2008, Reitsma, Ella, p. 237, and Lit 1997, Wettengl with an essay by Davis, p. 200<\/li>\n<li>Lit 2008, Reitsma, Ella, p. 238<\/li>\n<li>The year of death given in the internet file card of the Nationaal Archief, The Hague, for \"Herolt, Johanna Helena\" is not correct. In the church books of the death with the burial dates in Surinam, which the same archive has published on the internet, there is no such entry for 9 Oct. 1728, but there is one for 9 Oct. 1730 (volume 23 and volume 23a).<\/li>\n<li>Cf. the detailed family tree by Renate Ell: <a href=\"https:\/\/gw.geneanet.org\/meriangraff\" target=\"_blank\" rel=\"noopener\">https:\/\/gw.geneanet.org\/meriangraff<\/a><br \/>\nThanks to the author for further interesting genealogical research sent by email: The Herolt daughter Maria Abigail was married to Carel de Hoij from 1722 onwards and together they had at least seven children.  Thus also Reitsma (Lit 2008) p. 238; possibly there are still descendants of hers living in the Netherlands or in other countries in the world.<\/li>\n<li>Lit 2008, Reitsma, p. 237<\/li>\n<li>ibidem<\/li>\n<li>Loc. cit., p. 197 ff<\/li>\n<li>MSM+Lit 2016, Heard, p. 33<\/li>\n<\/ol>\n<\/div>\n<\/div><\/div><\/div><\/div><\/div><\/div>","protected":false},"excerpt":{"rendered":"Frankfurt - N\u00fcrnberg - Frankfurt- Friesland - Amsterdam - Paramaribo Johanna Helena Gr\u00e4ffin (1668-1728) Johanna Helena kam kurz nach ihrer Geburt nach N\u00fcrnberg, als ihre Eltern von Frankfurt hierher umzogen. Die \u00e4ltere Tochter hat ihre kunsthandwerkliche \u201eGrundausbildung\u201c zweifellos von beiden Elternteilen noch in N\u00fcrnberg und Frankfurt erhalten. Sie hat die Zeit bei den [...]","protected":false},"author":2,"featured_media":0,"parent":23,"menu_order":0,"comment_status":"closed","ping_status":"closed","template":"full-width.php","meta":{"footnotes":""},"class_list":["post-4146","page","type-page","status-publish","hentry"],"yoast_head":"<!-- This site is optimized with the Yoast SEO plugin v26.1.1 - https:\/\/yoast.com\/wordpress\/plugins\/seo\/ -->\n<title>Die \u00e4ltere Tochter - merianin.de<\/title>\n<meta name=\"robots\" content=\"index, follow, max-snippet:-1, max-image-preview:large, max-video-preview:-1\" \/>\n<link rel=\"canonical\" href=\"https:\/\/merianin.de\/en\/home\/aeltere-tochter\/\" \/>\n<meta property=\"og:locale\" content=\"en_US\" \/>\n<meta property=\"og:type\" content=\"article\" \/>\n<meta property=\"og:title\" content=\"Die \u00e4ltere Tochter - merianin.de\" \/>\n<meta property=\"og:url\" content=\"https:\/\/merianin.de\/en\/home\/aeltere-tochter\/\" \/>\n<meta property=\"og:site_name\" content=\"merianin.de\" \/>\n<meta property=\"article:modified_time\" content=\"2022-10-21T12:01:50+00:00\" \/>\n<meta name=\"twitter:card\" content=\"summary_large_image\" \/>\n<meta name=\"twitter:label1\" content=\"Est. reading time\" \/>\n\t<meta name=\"twitter:data1\" content=\"8 minutes\" \/>\n<script type=\"application\/ld+json\" class=\"yoast-schema-graph\">{\"@context\":\"https:\/\/schema.org\",\"@graph\":[{\"@type\":\"WebPage\",\"@id\":\"https:\/\/merianin.de\/home\/aeltere-tochter\/\",\"url\":\"https:\/\/merianin.de\/home\/aeltere-tochter\/\",\"name\":\"Die \u00e4ltere Tochter - merianin.de\",\"isPartOf\":{\"@id\":\"https:\/\/merianin.de\/#website\"},\"datePublished\":\"2020-05-22T07:21:09+00:00\",\"dateModified\":\"2022-10-21T12:01:50+00:00\",\"breadcrumb\":{\"@id\":\"https:\/\/merianin.de\/home\/aeltere-tochter\/#breadcrumb\"},\"inLanguage\":\"en-US\",\"potentialAction\":[{\"@type\":\"ReadAction\",\"target\":[\"https:\/\/merianin.de\/home\/aeltere-tochter\/\"]}]},{\"@type\":\"BreadcrumbList\",\"@id\":\"https:\/\/merianin.de\/home\/aeltere-tochter\/#breadcrumb\",\"itemListElement\":[{\"@type\":\"ListItem\",\"position\":1,\"name\":\"Startseite\",\"item\":\"https:\/\/merianin.de\/\"},{\"@type\":\"ListItem\",\"position\":2,\"name\":\"Home\",\"item\":\"https:\/\/merianin.de\/\"},{\"@type\":\"ListItem\",\"position\":3,\"name\":\"Die \u00e4ltere Tochter\"}]},{\"@type\":\"WebSite\",\"@id\":\"https:\/\/merianin.de\/#website\",\"url\":\"https:\/\/merianin.de\/\",\"name\":\"merianin.de\",\"description\":\"MARIA SIBYLLA MERIAN\",\"potentialAction\":[{\"@type\":\"SearchAction\",\"target\":{\"@type\":\"EntryPoint\",\"urlTemplate\":\"https:\/\/merianin.de\/?s={search_term_string}\"},\"query-input\":{\"@type\":\"PropertyValueSpecification\",\"valueRequired\":true,\"valueName\":\"search_term_string\"}}],\"inLanguage\":\"en-US\"}]}<\/script>\n<!-- \/ Yoast SEO plugin. -->","yoast_head_json":{"title":"Die \u00e4ltere Tochter - merianin.de","robots":{"index":"index","follow":"follow","max-snippet":"max-snippet:-1","max-image-preview":"max-image-preview:large","max-video-preview":"max-video-preview:-1"},"canonical":"https:\/\/merianin.de\/en\/home\/aeltere-tochter\/","og_locale":"en_US","og_type":"article","og_title":"Die \u00e4ltere Tochter - merianin.de","og_url":"https:\/\/merianin.de\/en\/home\/aeltere-tochter\/","og_site_name":"merianin.de","article_modified_time":"2022-10-21T12:01:50+00:00","twitter_card":"summary_large_image","twitter_misc":{"Est. reading time":"8 minutes"},"schema":{"@context":"https:\/\/schema.org","@graph":[{"@type":"WebPage","@id":"https:\/\/merianin.de\/home\/aeltere-tochter\/","url":"https:\/\/merianin.de\/home\/aeltere-tochter\/","name":"Die \u00e4ltere Tochter - merianin.de","isPartOf":{"@id":"https:\/\/merianin.de\/#website"},"datePublished":"2020-05-22T07:21:09+00:00","dateModified":"2022-10-21T12:01:50+00:00","breadcrumb":{"@id":"https:\/\/merianin.de\/home\/aeltere-tochter\/#breadcrumb"},"inLanguage":"en-US","potentialAction":[{"@type":"ReadAction","target":["https:\/\/merianin.de\/home\/aeltere-tochter\/"]}]},{"@type":"BreadcrumbList","@id":"https:\/\/merianin.de\/home\/aeltere-tochter\/#breadcrumb","itemListElement":[{"@type":"ListItem","position":1,"name":"Startseite","item":"https:\/\/merianin.de\/"},{"@type":"ListItem","position":2,"name":"Home","item":"https:\/\/merianin.de\/"},{"@type":"ListItem","position":3,"name":"Die \u00e4ltere Tochter"}]},{"@type":"WebSite","@id":"https:\/\/merianin.de\/#website","url":"https:\/\/merianin.de\/","name":"merianin.de","description":"MARIA SIBYLLA MERIAN","potentialAction":[{"@type":"SearchAction","target":{"@type":"EntryPoint","urlTemplate":"https:\/\/merianin.de\/?s={search_term_string}"},"query-input":{"@type":"PropertyValueSpecification","valueRequired":true,"valueName":"search_term_string"}}],"inLanguage":"en-US"}]}},"_links":{"self":[{"href":"https:\/\/merianin.de\/en\/wp-json\/wp\/v2\/pages\/4146","targetHints":{"allow":["GET"]}}],"collection":[{"href":"https:\/\/merianin.de\/en\/wp-json\/wp\/v2\/pages"}],"about":[{"href":"https:\/\/merianin.de\/en\/wp-json\/wp\/v2\/types\/page"}],"author":[{"embeddable":true,"href":"https:\/\/merianin.de\/en\/wp-json\/wp\/v2\/users\/2"}],"replies":[{"embeddable":true,"href":"https:\/\/merianin.de\/en\/wp-json\/wp\/v2\/comments?post=4146"}],"version-history":[{"count":24,"href":"https:\/\/merianin.de\/en\/wp-json\/wp\/v2\/pages\/4146\/revisions"}],"predecessor-version":[{"id":5879,"href":"https:\/\/merianin.de\/en\/wp-json\/wp\/v2\/pages\/4146\/revisions\/5879"}],"up":[{"embeddable":true,"href":"https:\/\/merianin.de\/en\/wp-json\/wp\/v2\/pages\/23"}],"wp:attachment":[{"href":"https:\/\/merianin.de\/en\/wp-json\/wp\/v2\/media?parent=4146"}],"curies":[{"name":"wp","href":"https:\/\/api.w.org\/{rel}","templated":true}]}}