{"id":4107,"date":"2020-05-18T14:38:56","date_gmt":"2020-05-18T12:38:56","guid":{"rendered":"http:\/\/merianin.de\/?page_id=4107"},"modified":"2021-02-25T13:12:41","modified_gmt":"2021-02-25T12:12:41","slug":"baustruktur","status":"publish","type":"page","link":"https:\/\/merianin.de\/en\/home\/baustruktur\/","title":{"rendered":"Building Structure"},"content":{"rendered":"<div class=\"mkdf-row-grid-section-wrapper\"  ><div class=\"mkdf-row-grid-section\"><div class=\"vc_row wpb_row vc_row-fluid vc_custom_1602167074164\" ><div class=\"wpb_column vc_column_container vc_col-sm-12\"><div class=\"vc_column-inner\"><div class=\"wpb_wrapper\"><div class=\"mkdf-section-title-holder\" style=\"text-align: center\">\n\t<div class=\"mkdf-st-inner\">\n                <span class=\"mkdf-st-tagline-text\" >\n            Half-Timbered Buildings more than 600 Years ago and Their Modifications        <\/span>\n    \t\t\t\t\t<h2 class=\"mkdf-st-title\" >\n\t\t\t\tDESCRIPTION BY THE EXPERT MICHAEL TASCHNER\t\t\t<\/h2>\n\t\t\t\t\t\t\t<h5 class=\"mkdf-st-text\" >\n\t\t\t\tBergstra\u00dfe 10, multi-storied building, timber-framed appearance from the 15th century, scarf and mortise with tenon joints till 1525\t\t\t<\/h5>\n\t\t\t<\/div>\n<\/div><div class=\"vc_empty_space\"   style=\"height: 40px\" ><span class=\"vc_empty_space_inner\"><\/span><\/div>\n\n\t<div class=\"wpb_text_column wpb_content_element\" >\n\t\t<div class=\"wpb_wrapper\">\n\t\t\t<p>Around 1400, Nuremberg saw a change in the technique of constructing timber frames for buildings, away from the stand storey construction (with long beams fixing the floors together) to a pure storey-by-storey construction. (1) Why the carpenters themselves decided to use the technique of constructing storey-by-storey from then, on or whether they were ordered to do so, remains a mystery to this day. The assumption that storey-by-storey construction would make work easier on the building site and also provide flexibility in the design of the fa\u00e7ade and floor plan is ultimately only a guess. The most obvious difference between the two construction methods is the height of the half-timbered stands, which in the case of multi-storey construction are no higher than one storey. The multi-storey construction technique was basically nothing new, as it was often used above stud-floor building, e.g., on the 2nd floor (see Obere Schmiedgasse 54\/56).<\/p>\n<p>The house at Bergstrasse 10, known mainly for its residents Maria Sibylla Merian (1647-1717) and Johann Andreas Graff (1636-1701), was built in 1412 as a half-timbered house in a storeyed construction and, due to its early construction date, is a good example of the changes in half-timbered construction around 1400.<\/p>\n\n\t\t<\/div>\n\t<\/div>\n<div class=\"vc_empty_space\"   style=\"height: 20px\" ><span class=\"vc_empty_space_inner\"><\/span><\/div>\n<div class=\"vc_row wpb_row vc_inner vc_row-fluid\" ><div class=\"wpb_column vc_column_container vc_col-sm-3\"><div class=\"vc_column-inner\"><div class=\"wpb_wrapper\">\n\t<div  class=\"wpb_single_image wpb_content_element vc_align_left\">\n\t\t\n\t\t<figure class=\"wpb_wrapper vc_figure\">\n\t\t\t<a data-rel=\"prettyPhoto[rel-4107-964064846]\" href=\"https:\/\/merianin.de\/wp-content\/uploads\/2020\/06\/6_Fachwerk_AB-2017_Taschner.jpg\" target=\"_self\" class=\"vc_single_image-wrapper vc_box_border  vc_box_border_grey prettyphoto\"><img loading=\"lazy\" decoding=\"async\" width=\"287\" height=\"456\" src=\"https:\/\/merianin.de\/wp-content\/uploads\/2020\/06\/6_Fachwerk_AB-2017_Taschner.jpg\" class=\"vc_single_image-img attachment-full\" alt=\"\" srcset=\"https:\/\/merianin.de\/wp-content\/uploads\/2020\/06\/6_Fachwerk_AB-2017_Taschner.jpg 287w, https:\/\/merianin.de\/wp-content\/uploads\/2020\/06\/6_Fachwerk_AB-2017_Taschner-189x300.jpg 189w\" sizes=\"auto, (max-width: 287px) 100vw, 287px\" \/><\/a>\n\t\t<\/figure>\n\t<\/div>\n\n\t<div class=\"wpb_text_column wpb_content_element\" >\n\t\t<div class=\"wpb_wrapper\">\n\t\t\t<p><em>The original scarf-jointed timber framing was replaced in the second half of the 17th century by simple timber frameworks or by sandstone masonry (photo 2017).<\/em><\/p>\n<p>.<\/p>\n\n\t\t<\/div>\n\t<\/div>\n<\/div><\/div><\/div><div class=\"wpb_column vc_column_container vc_col-sm-6\"><div class=\"vc_column-inner\"><div class=\"wpb_wrapper\">\n\t<div class=\"wpb_text_column wpb_content_element\" >\n\t\t<div class=\"wpb_wrapper\">\n\t\t\t<p>The corner house with the name \"Zur goldenen Sonne\" (At the Golden Sun) probably underwent major changes in the 2nd half of the 17th century. The medieval half-timbered structure on the ground floor was replaced by sandstone ashlar masonry and the half-timbered structure on the first floor was partly replaced by a simple timber-framed structure. Plaster was applied over the entire surface to cover the no longer homogeneous half-timbered structure. In 1974, the Altstadtfreunde (Friends of the Old Town) sponsored the uncovering of the half-timbered fa\u00e7ades. (2)<\/p>\n<p>Uncovering the half-timbered construction revealed appearance of the medieval half-timbered house, for example, on the gable and eaves side of the 2nd floor. This demonstrates the construction of the multi-storey building, which is composed of threshold, stands, frame, head and foot struts and window sills. As one can readily deduce from the term \u2018storey construction\u2019, any edifice built using this technique is constructed storey by storey. It is striking that the ends of the struts required to reinforce the building are placed very close together on the stands, sometimes even touching one other - a type of half-timbered structure that can be observed throughout the entire 15th century. Moreover, the doubled short struts, also known as braces, are not used for stability but solely for ornamental purposes.<\/p>\n\n\t\t<\/div>\n\t<\/div>\n<\/div><\/div><\/div><div class=\"wpb_column vc_column_container vc_col-sm-3\"><div class=\"vc_column-inner\"><div class=\"wpb_wrapper\">\n\t<div  class=\"wpb_single_image wpb_content_element vc_align_left\">\n\t\t\n\t\t<figure class=\"wpb_wrapper vc_figure\">\n\t\t\t<a data-rel=\"prettyPhoto[rel-4107-315004884]\" href=\"https:\/\/merianin.de\/wp-content\/uploads\/2020\/06\/7_Fachwerk_AB-2017_Taschner.jpg\" target=\"_self\" class=\"vc_single_image-wrapper vc_box_border  vc_box_border_grey prettyphoto\"><img loading=\"lazy\" decoding=\"async\" width=\"253\" height=\"456\" src=\"https:\/\/merianin.de\/wp-content\/uploads\/2020\/06\/7_Fachwerk_AB-2017_Taschner.jpg\" class=\"vc_single_image-img attachment-full\" alt=\"\" srcset=\"https:\/\/merianin.de\/wp-content\/uploads\/2020\/06\/7_Fachwerk_AB-2017_Taschner.jpg 253w, https:\/\/merianin.de\/wp-content\/uploads\/2020\/06\/7_Fachwerk_AB-2017_Taschner-166x300.jpg 166w\" sizes=\"auto, (max-width: 253px) 100vw, 253px\" \/><\/a>\n\t\t<\/figure>\n\t<\/div>\n\n\t<div class=\"wpb_text_column wpb_content_element\" >\n\t\t<div class=\"wpb_wrapper\">\n\t\t\t<p><em>Das 2. OG, das 1. und 2. DG zeigen noch die bauzeitliche Fachwerkarchitektur von 1412. Anhand der abgeschnittenen Bl\u00e4tter (ehem. Kopfstreben) im Schwellholz des 2. OG kann man das Fachwerk im 1. OG rekonstruieren (Foto 2012)<\/em><\/p>\n<p>.<\/p>\n\n\t\t<\/div>\n\t<\/div>\n<\/div><\/div><\/div><\/div><\/div><\/div><\/div><\/div><\/div><\/div><div class=\"mkdf-row-grid-section-wrapper\"  style=\"background-color:#cdd6d5\"><div class=\"mkdf-row-grid-section\"><div class=\"vc_row wpb_row vc_row-fluid vc_custom_1591702867503\" ><div class=\"wpb_column vc_column_container vc_col-sm-12\"><div class=\"vc_column-inner\"><div class=\"wpb_wrapper\"><div class=\"vc_row wpb_row vc_inner vc_row-fluid\" ><div class=\"wpb_column vc_column_container vc_col-sm-8\"><div class=\"vc_column-inner\"><div class=\"wpb_wrapper\">\n\t<div class=\"wpb_text_column wpb_content_element\" >\n\t\t<div class=\"wpb_wrapper\">\n\t\t\t<p>An important component in half-timbered construction are the timber joints (3), which are briefly explained here to enable better understanding of the individual stages. While the horizontal and vertical timbers were connected to each other by means of pins, the diagonal struts were joined to the horizontal and vertical timbers by means of scarf joints. The roof space was an exception here. There the horizontal beams (collar beams) were slotted into the rafters by means of scarf joints. The carpenters used oak nails to secure and fix the joints, as these were more stable, less prone to break under stress and more durable than nails made of softwood. The scarfed wooden joints were used until around 1525. (4)<\/p>\n\n\t\t<\/div>\n\t<\/div>\n<div class=\"vc_empty_space\"   style=\"height: 20px\" ><span class=\"vc_empty_space_inner\"><\/span><\/div>\n<div class=\"vc_message_box vc_message_box-standard vc_message_box-rounded vc_color-alert-info\" >\n\t<div class=\"vc_message_box-icon\"><i class=\"fa fa-info-circle\"><\/i>\n\t<\/div><p>Excerpt: Michael Taschner, Das Fachwerk in N\u00fcrnberg von 1300 bis 1700, published in N\u00fcrnberger Altstadtberichte der Altstadtfreunde N\u00fcrnberg, No. 42\/2017, ISSN 2566-6630, p. 97-99.<\/p>\n<\/div>\n<\/div><\/div><\/div><div class=\"wpb_column vc_column_container vc_col-sm-4\"><div class=\"vc_column-inner\"><div class=\"wpb_wrapper\">\n\t<div  class=\"wpb_single_image wpb_content_element vc_align_left\">\n\t\t\n\t\t<figure class=\"wpb_wrapper vc_figure\">\n\t\t\t<a data-rel=\"prettyPhoto[rel-4107-32639327]\" href=\"https:\/\/merianin.de\/wp-content\/uploads\/2020\/08\/2Fachwerk-verblattetverzapft-1024x679.jpg\" target=\"_self\" class=\"vc_single_image-wrapper vc_box_border  vc_box_border_grey prettyphoto\"><img loading=\"lazy\" decoding=\"async\" width=\"1655\" height=\"1097\" src=\"https:\/\/merianin.de\/wp-content\/uploads\/2020\/08\/2Fachwerk-verblattetverzapft.jpg\" class=\"vc_single_image-img attachment-full\" alt=\"\" srcset=\"https:\/\/merianin.de\/wp-content\/uploads\/2020\/08\/2Fachwerk-verblattetverzapft.jpg 1655w, https:\/\/merianin.de\/wp-content\/uploads\/2020\/08\/2Fachwerk-verblattetverzapft-300x199.jpg 300w, https:\/\/merianin.de\/wp-content\/uploads\/2020\/08\/2Fachwerk-verblattetverzapft-1024x679.jpg 1024w, https:\/\/merianin.de\/wp-content\/uploads\/2020\/08\/2Fachwerk-verblattetverzapft-768x509.jpg 768w, https:\/\/merianin.de\/wp-content\/uploads\/2020\/08\/2Fachwerk-verblattetverzapft-1536x1018.jpg 1536w\" sizes=\"auto, (max-width: 1655px) 100vw, 1655px\" \/><\/a>\n\t\t<\/figure>\n\t<\/div>\n\n\t<div class=\"wpb_text_column wpb_content_element\" >\n\t\t<div class=\"wpb_wrapper\">\n\t\t\t<p><em>Connection of the (diagonal) struts or bows in horizontal and vertical timber framework within the old town.<br \/>\nOn the left: Scarf joints until 1525 - Right: Mortise and Tenon Joints from 1525<\/em><\/p>\n\n\t\t<\/div>\n\t<\/div>\n<\/div><\/div><\/div><\/div><\/div><\/div><\/div><\/div><\/div><\/div><div class=\"mkdf-row-grid-section-wrapper\"  ><div class=\"mkdf-row-grid-section\"><div class=\"vc_row wpb_row vc_row-fluid vc_custom_1614248217913\" ><div class=\"wpb_column vc_column_container vc_col-sm-12\"><div class=\"vc_column-inner\"><div class=\"wpb_wrapper\"><div class=\"vc_message_box vc_message_box-standard vc_message_box-rounded vc_color-chino\" >\n\t<div class=\"vc_message_box-icon\"><i class=\"fa fa-info-circle\"><\/i>\n\t<\/div><ol>\n<li>Bedal, Konrad: Fachwerk vor 1600 in Franken. Eine Bestandsaufnahme. 2. edition, Petersberg 2006, pp. 32 f.<\/li>\n<li>Mulzer, Erich, Maria Sibylla Merian und das Haus Bergstra\u00dfe 10, in: N\u00fcrnberger Altstadtberichte no. 24 (1999), p. 27-56; Mulzer, Erich: T\u00e4tigkeitsbericht der Vereinigung Altstadtfreunde vom 1. November 1973 bis 31. Dezember 1975. in: N\u00fcrnberger Altstadtberichte no. 1 (1976). pp. 9, 18; Bedal, Konrad, Fachwerk vor 1600 in Franken. pp. 463: Dendrochronological analysis: test core drilled by Michael Taschner, evaluation: planning company Tisje, 1992, result 1412 <strong>Holzaltersbestimmung: gebohrt von Michael Taschner, Auswertung: Planungsb\u00fcro Tisje, 1992: Ergebnis 1412<\/strong><\/li>\n<li>Bedal, Konrad (Hrsg.), Unter Dach und Fach, H\u00e4userbauen in N\u00fcrnberg vom 14. bis ins 20. Jahrhundert, Bad Windsheim 2002, pp. 173 f<\/li>\n<li>Bedal, Konrad, Fachwerk vor 1600 in Franken. S. 44 f; Bedal, Konrad: Fachwerkkunst in Franken 1600-1750. Eine Bestandsaufnahme. Bad Windsheim 2014. pp. 62 f; Taschner, Michael: Die Sieben Zeilen in N\u00fcrnberg (in many respects important houses for research into old buildings) \u2013 in: N\u00fcrnberger Altstadtberichte no. 38 (2013). pp. 49-62<\/li>\n<\/ol>\n<\/div>\n<\/div><\/div><\/div><\/div><\/div><\/div>","protected":false},"excerpt":{"rendered":"Der Fachwerkbau vor mehr als 600 Jahren und seine Ver\u00e4nderungen Beschreibung des Fachmanns Michael Taschner Bergstra\u00dfe 10: Stockwerkbau, Fachwerkbild im 15. Jahrhundert, verblattete und verzapfte Holzverbindungen bis 1525 In N\u00fcrnberg vollzog sich um 1400 ein Wandel in der Fachwerkbauweise, weg vom St\u00e4ndergeschossbau hin zum reinen Stockwerkbau. (1) Warum sich die Zimmerleute von nun [...]","protected":false},"author":2,"featured_media":0,"parent":23,"menu_order":0,"comment_status":"closed","ping_status":"closed","template":"full-width.php","meta":{"footnotes":""},"class_list":["post-4107","page","type-page","status-publish","hentry"],"yoast_head":"<!-- This site is optimized with the Yoast SEO plugin v26.1.1 - https:\/\/yoast.com\/wordpress\/plugins\/seo\/ -->\n<title>Baustruktur - merianin.de<\/title>\n<meta name=\"robots\" content=\"index, follow, max-snippet:-1, max-image-preview:large, max-video-preview:-1\" \/>\n<link rel=\"canonical\" href=\"https:\/\/merianin.de\/en\/home\/baustruktur\/\" \/>\n<meta property=\"og:locale\" content=\"en_US\" \/>\n<meta property=\"og:type\" content=\"article\" \/>\n<meta property=\"og:title\" content=\"Baustruktur - merianin.de\" \/>\n<meta property=\"og:url\" content=\"https:\/\/merianin.de\/en\/home\/baustruktur\/\" \/>\n<meta property=\"og:site_name\" content=\"merianin.de\" \/>\n<meta property=\"article:modified_time\" content=\"2021-02-25T12:12:41+00:00\" \/>\n<meta name=\"twitter:card\" content=\"summary_large_image\" \/>\n<meta name=\"twitter:label1\" content=\"Est. reading time\" \/>\n\t<meta name=\"twitter:data1\" content=\"4 minutes\" \/>\n<script type=\"application\/ld+json\" class=\"yoast-schema-graph\">{\"@context\":\"https:\/\/schema.org\",\"@graph\":[{\"@type\":\"WebPage\",\"@id\":\"https:\/\/merianin.de\/home\/baustruktur\/\",\"url\":\"https:\/\/merianin.de\/home\/baustruktur\/\",\"name\":\"Baustruktur - merianin.de\",\"isPartOf\":{\"@id\":\"https:\/\/merianin.de\/#website\"},\"datePublished\":\"2020-05-18T12:38:56+00:00\",\"dateModified\":\"2021-02-25T12:12:41+00:00\",\"breadcrumb\":{\"@id\":\"https:\/\/merianin.de\/home\/baustruktur\/#breadcrumb\"},\"inLanguage\":\"en-US\",\"potentialAction\":[{\"@type\":\"ReadAction\",\"target\":[\"https:\/\/merianin.de\/home\/baustruktur\/\"]}]},{\"@type\":\"BreadcrumbList\",\"@id\":\"https:\/\/merianin.de\/home\/baustruktur\/#breadcrumb\",\"itemListElement\":[{\"@type\":\"ListItem\",\"position\":1,\"name\":\"Startseite\",\"item\":\"https:\/\/merianin.de\/\"},{\"@type\":\"ListItem\",\"position\":2,\"name\":\"Home\",\"item\":\"https:\/\/merianin.de\/\"},{\"@type\":\"ListItem\",\"position\":3,\"name\":\"Baustruktur\"}]},{\"@type\":\"WebSite\",\"@id\":\"https:\/\/merianin.de\/#website\",\"url\":\"https:\/\/merianin.de\/\",\"name\":\"merianin.de\",\"description\":\"MARIA SIBYLLA MERIAN\",\"potentialAction\":[{\"@type\":\"SearchAction\",\"target\":{\"@type\":\"EntryPoint\",\"urlTemplate\":\"https:\/\/merianin.de\/?s={search_term_string}\"},\"query-input\":{\"@type\":\"PropertyValueSpecification\",\"valueRequired\":true,\"valueName\":\"search_term_string\"}}],\"inLanguage\":\"en-US\"}]}<\/script>\n<!-- \/ Yoast SEO plugin. -->","yoast_head_json":{"title":"Baustruktur - merianin.de","robots":{"index":"index","follow":"follow","max-snippet":"max-snippet:-1","max-image-preview":"max-image-preview:large","max-video-preview":"max-video-preview:-1"},"canonical":"https:\/\/merianin.de\/en\/home\/baustruktur\/","og_locale":"en_US","og_type":"article","og_title":"Baustruktur - merianin.de","og_url":"https:\/\/merianin.de\/en\/home\/baustruktur\/","og_site_name":"merianin.de","article_modified_time":"2021-02-25T12:12:41+00:00","twitter_card":"summary_large_image","twitter_misc":{"Est. reading time":"4 minutes"},"schema":{"@context":"https:\/\/schema.org","@graph":[{"@type":"WebPage","@id":"https:\/\/merianin.de\/home\/baustruktur\/","url":"https:\/\/merianin.de\/home\/baustruktur\/","name":"Baustruktur - merianin.de","isPartOf":{"@id":"https:\/\/merianin.de\/#website"},"datePublished":"2020-05-18T12:38:56+00:00","dateModified":"2021-02-25T12:12:41+00:00","breadcrumb":{"@id":"https:\/\/merianin.de\/home\/baustruktur\/#breadcrumb"},"inLanguage":"en-US","potentialAction":[{"@type":"ReadAction","target":["https:\/\/merianin.de\/home\/baustruktur\/"]}]},{"@type":"BreadcrumbList","@id":"https:\/\/merianin.de\/home\/baustruktur\/#breadcrumb","itemListElement":[{"@type":"ListItem","position":1,"name":"Startseite","item":"https:\/\/merianin.de\/"},{"@type":"ListItem","position":2,"name":"Home","item":"https:\/\/merianin.de\/"},{"@type":"ListItem","position":3,"name":"Baustruktur"}]},{"@type":"WebSite","@id":"https:\/\/merianin.de\/#website","url":"https:\/\/merianin.de\/","name":"merianin.de","description":"MARIA SIBYLLA MERIAN","potentialAction":[{"@type":"SearchAction","target":{"@type":"EntryPoint","urlTemplate":"https:\/\/merianin.de\/?s={search_term_string}"},"query-input":{"@type":"PropertyValueSpecification","valueRequired":true,"valueName":"search_term_string"}}],"inLanguage":"en-US"}]}},"_links":{"self":[{"href":"https:\/\/merianin.de\/en\/wp-json\/wp\/v2\/pages\/4107","targetHints":{"allow":["GET"]}}],"collection":[{"href":"https:\/\/merianin.de\/en\/wp-json\/wp\/v2\/pages"}],"about":[{"href":"https:\/\/merianin.de\/en\/wp-json\/wp\/v2\/types\/page"}],"author":[{"embeddable":true,"href":"https:\/\/merianin.de\/en\/wp-json\/wp\/v2\/users\/2"}],"replies":[{"embeddable":true,"href":"https:\/\/merianin.de\/en\/wp-json\/wp\/v2\/comments?post=4107"}],"version-history":[{"count":29,"href":"https:\/\/merianin.de\/en\/wp-json\/wp\/v2\/pages\/4107\/revisions"}],"predecessor-version":[{"id":5238,"href":"https:\/\/merianin.de\/en\/wp-json\/wp\/v2\/pages\/4107\/revisions\/5238"}],"up":[{"embeddable":true,"href":"https:\/\/merianin.de\/en\/wp-json\/wp\/v2\/pages\/23"}],"wp:attachment":[{"href":"https:\/\/merianin.de\/en\/wp-json\/wp\/v2\/media?parent=4107"}],"curies":[{"name":"wp","href":"https:\/\/api.w.org\/{rel}","templated":true}]}}