{"id":3964,"date":"2020-05-11T09:11:35","date_gmt":"2020-05-11T07:11:35","guid":{"rendered":"http:\/\/merianin.de\/?page_id=3964"},"modified":"2021-02-19T13:56:13","modified_gmt":"2021-02-19T12:56:13","slug":"stadt-der-gartenkultur","status":"publish","type":"page","link":"https:\/\/merianin.de\/en\/home\/stadt-der-gartenkultur\/","title":{"rendered":"City of Garden Culture"},"content":{"rendered":"<div class=\"mkdf-row-grid-section-wrapper\"  ><div class=\"mkdf-row-grid-section\"><div class=\"vc_row wpb_row vc_row-fluid vc_custom_1585148942021\" ><div class=\"wpb_column vc_column_container vc_col-sm-12\"><div class=\"vc_column-inner\"><div class=\"wpb_wrapper\"><div class=\"vc_row wpb_row vc_inner vc_row-fluid\" ><div class=\"wpb_column vc_column_container vc_col-sm-12\"><div class=\"vc_column-inner\"><div class=\"wpb_wrapper\"><div class=\"mkdf-section-title-holder\" style=\"text-align: center\">\n\t<div class=\"mkdf-st-inner\">\n                <span class=\"mkdf-st-tagline-text\" >\n            Apples and Pomegranates        <\/span>\n    \t\t\t\t\t<h2 class=\"mkdf-st-title\" >\n\t\t\t\tPARADISE FOR BUTTERFLY RESEARCHERS\t\t\t<\/h2>\n\t\t\t\t\t<\/div>\n<\/div><div class=\"vc_empty_space\"   style=\"height: 40px\" ><span class=\"vc_empty_space_inner\"><\/span><\/div>\n\n\t<div class=\"wpb_text_column wpb_content_element\" >\n\t\t<div class=\"wpb_wrapper\">\n\t\t\t<p>Since the Middle Ages Nuremberg had been a city of gardens. With a growing population and denser building, many gardens were relocated outside the city walls in the protected area inside the outer defence ring right through to the fortified boundary ring with the redoubts. This is where not only the rich families who made up the city council, but also civil servants, medical doctors, lawyers, craftsmen and publicans created their own little paradise beyond the city, which in summer was stuffy and foul-smelling.<\/p>\n\n\t\t<\/div>\n\t<\/div>\n<\/div><\/div><\/div><\/div><div class=\"vc_empty_space\"   style=\"height: 20px\" ><span class=\"vc_empty_space_inner\"><\/span><\/div>\n\n\t<div  class=\"wpb_single_image wpb_content_element vc_align_center\">\n\t\t\n\t\t<figure class=\"wpb_wrapper vc_figure\">\n\t\t\t<div class=\"vc_single_image-wrapper vc_box_border  vc_box_border_grey\"><img loading=\"lazy\" decoding=\"async\" width=\"1145\" height=\"579\" src=\"https:\/\/merianin.de\/wp-content\/uploads\/2020\/05\/Johannisg\u00e4rten.jpg\" class=\"vc_single_image-img attachment-full\" alt=\"\" srcset=\"https:\/\/merianin.de\/wp-content\/uploads\/2020\/05\/Johannisg\u00e4rten.jpg 1145w, https:\/\/merianin.de\/wp-content\/uploads\/2020\/05\/Johannisg\u00e4rten-300x152.jpg 300w, https:\/\/merianin.de\/wp-content\/uploads\/2020\/05\/Johannisg\u00e4rten-1024x518.jpg 1024w, https:\/\/merianin.de\/wp-content\/uploads\/2020\/05\/Johannisg\u00e4rten-768x388.jpg 768w\" sizes=\"auto, (max-width: 1145px) 100vw, 1145px\" \/><\/div>\n\t\t<\/figure>\n\t<\/div>\n\n\t<div class=\"wpb_text_column wpb_content_element\" >\n\t\t<div class=\"wpb_wrapper\">\n\t\t\t<p style=\"text-align: center;\"><em>Johannis Gardens between St. John\u2019s Cemetery (top left) and Hallert\u00fcrlein (bottom right)<br \/>\nIn the lower centre above the river: Hallerwiese, Nuremberg\u2019s first public park from 1432 onwards<\/em><\/p>\n\n\t\t<\/div>\n\t<\/div>\n<div class=\"vc_empty_space\"   style=\"height: 20px\" ><span class=\"vc_empty_space_inner\"><\/span><\/div>\n\n\t<div class=\"wpb_text_column wpb_content_element\" >\n\t\t<div class=\"wpb_wrapper\">\n\t\t\t<p>The ingenious draughtsman Hans Bien created a special image depicting the green belt of gardens during the Thirty Years' War, of which only the section between the small pedestrian gate called the Hallert\u00fcrlein and St. John\u2019s Cemetery is shown here. Within the city wall Bien has depicted only important buildings such as churches in detail, while outside the city wall the individual gardens can be seen in the minutest detail: the summer houses along the street; the side buildings in an L or U shape; the terrace behind the house with the balustrade and the lower part of the garden, which was often used for agriculture and where fruit and vegetables were harvested. The southern slope of the gardens captured the heat of the sun and favoured the growth of the precious citrus trees, which had to be protected in winter in a heated outbuilding.<\/p>\n<p>During the Thirty Years\u2019 War many gardens were damaged and summer houses even had to be demolished in order to safeguard a clear field of fire for the canons fired in defence of the city. But they were mostly half-timbered houses, whose beams were carefully preserved. By the time Sibylla Maria Merian came to Nuremberg in 1668, the houses had long been rebuilt and gardening had once again become the dominant passion of Nuremberg people from the upper and middle classes.<\/p>\n\n\t\t<\/div>\n\t<\/div>\n<div class=\"vc_empty_space\"   style=\"height: 20px\" ><span class=\"vc_empty_space_inner\"><\/span><\/div>\n<div class=\"vc_row wpb_row vc_inner vc_row-fluid\" ><div class=\"wpb_column vc_column_container vc_col-sm-8\"><div class=\"vc_column-inner\"><div class=\"wpb_wrapper\">\n\t<div class=\"wpb_text_column wpb_content_element\" >\n\t\t<div class=\"wpb_wrapper\">\n\t\t\t<p>The western summer gardens shown in the above illustration are only a small part of the many gardens that encircled the city like a necklace. At the end of the 17th century there were about 380 gardens in the protected area between the ring of the city walls and the Landwehr. (1) They were complemented by the large, noble gardens in the Old Town, e.g. in the east on the Schwabenberg and behind the Tucherschloss as well as on the Zwinger of the city wall - a total of more than 400 gardens.<\/p>\n<p>Maria Sibylla was permitted to observe fauna and flora in quite a few of them. In several places in the Caterpillar Books as well as in her Book of Notes and Studies (<em>Studienbuch<\/em>) we find notes on where she collected her finds. In the course of her research in the large territory outside the Imperial City, she found interesting caterpillars in the \u201cIrrhain\u201d (labyrinth grove), the little park of the \u201cPegnesischer Blumenorden\u201d (a literary society founded in 1644) near ,the village of Kraftshof north of Nuremberg, and in the city moat of Altdorf, a day\u2019s journey to the east. (2) News about her research interests spread fast, her female disciples (3) helped her and a rare caterpillar was even sent to her from Regensburg. (4)<\/p>\n<p>In Nuremberg, not only were the many private gardens a special attraction, but there had even been a public park since the Middle Ages, after the Council had acquired, in 1432, a sizable strip of river bank directly west of the city wall from one of the oldest and most distinguished Nuremberg families (the Haller). This \"Hallerwiese\", named after the previous owners, can be easily recognized in the above drawing by Bien by the regularly planted trees along the riverbank. The details become even clearer on the detail from a 360-degree view of the city from around 1580 (5) which depicts tree-lined alleys, two fountains and many leisure activities: a small boat on the river, walkers with a dog and a sunbather. Little has changed since then. Today, after almost 600 years, the Hallerwiese is still a very popular public park close to the city centre.<\/p>\n\n\t\t<\/div>\n\t<\/div>\n<\/div><\/div><\/div><div class=\"wpb_column vc_column_container vc_col-sm-4\"><div class=\"vc_column-inner\"><div class=\"wpb_wrapper\">\n\t<div  class=\"wpb_single_image wpb_content_element vc_align_center\">\n\t\t\n\t\t<figure class=\"wpb_wrapper vc_figure\">\n\t\t\t<a data-rel=\"prettyPhoto[rel-3964-487373450]\" href=\"https:\/\/merianin.de\/wp-content\/uploads\/2021\/02\/Hallerwiese-Rundprospekt-694x1024.jpg\" target=\"_self\" class=\"vc_single_image-wrapper vc_box_border  vc_box_border_grey prettyphoto\"><img loading=\"lazy\" decoding=\"async\" width=\"1302\" height=\"1920\" src=\"https:\/\/merianin.de\/wp-content\/uploads\/2021\/02\/Hallerwiese-Rundprospekt.jpg\" class=\"vc_single_image-img attachment-full\" alt=\"\" srcset=\"https:\/\/merianin.de\/wp-content\/uploads\/2021\/02\/Hallerwiese-Rundprospekt.jpg 1302w, https:\/\/merianin.de\/wp-content\/uploads\/2021\/02\/Hallerwiese-Rundprospekt-203x300.jpg 203w, https:\/\/merianin.de\/wp-content\/uploads\/2021\/02\/Hallerwiese-Rundprospekt-694x1024.jpg 694w, https:\/\/merianin.de\/wp-content\/uploads\/2021\/02\/Hallerwiese-Rundprospekt-768x1133.jpg 768w, https:\/\/merianin.de\/wp-content\/uploads\/2021\/02\/Hallerwiese-Rundprospekt-1042x1536.jpg 1042w, https:\/\/merianin.de\/wp-content\/uploads\/2021\/02\/Hallerwiese-Rundprospekt-8x12.jpg 8w\" sizes=\"auto, (max-width: 1302px) 100vw, 1302px\" \/><\/a>\n\t\t<\/figure>\n\t<\/div>\n\n\t<div class=\"wpb_text_column wpb_content_element\" >\n\t\t<div class=\"wpb_wrapper\">\n\t\t\t<p><em>View from the city wall to the west on the Hallerwiese up to the Weidenm\u00fchlen (water mills)<\/em><\/p>\n\n\t\t<\/div>\n\t<\/div>\n<\/div><\/div><\/div><\/div><\/div><\/div><\/div><\/div><\/div><\/div><div class=\"mkdf-row-grid-section-wrapper\"  style=\"background-color:#cbd6d2\"><div class=\"mkdf-row-grid-section\"><div class=\"vc_row wpb_row vc_row-fluid vc_custom_1585149100051\" ><div class=\"wpb_column vc_column_container vc_col-sm-12\"><div class=\"vc_column-inner\"><div class=\"wpb_wrapper\">\n\t<div class=\"wpb_text_column wpb_content_element\" >\n\t\t<div class=\"wpb_wrapper\">\n\t\t\t<p>The green ring around the historic city was almost completely destroyed in the 19th century through industrialisation and the growing population. But its memory is preserved, because the merchant Johann Christoph Volkamer (1644-1720) wrote a comprehensive book about the gardens in Nuremberg and their culture, which he published in 1708. Volkamer was the brother of Merian's longtime correspondent, he was only three years older than her and they knew and esteemed each other.<\/p>\n<p>Volkamer's book is one of the most important and peculiar publications about the gardens of that age. At first glance, the views of gardens, landscapes and other sights (<em>veduta<\/em>) on the engravings appear to be of secondary importance. Their cultural and historical significance only becomes apparent on closer inspection, for most of the space is taken up by the many varieties of citrus fruit known in Nuremberg, in their original size, without leaves if they were sent in by other collectors, with green foliage if they grew and were harvested there. (6)<\/p>\n\n\t\t<\/div>\n\t<\/div>\n<div class=\"vc_empty_space\"   style=\"height: 20px\" ><span class=\"vc_empty_space_inner\"><\/span><\/div>\n<div class=\"vc_row wpb_row vc_inner vc_row-fluid\" ><div class=\"wpb_column vc_column_container vc_col-sm-4\"><div class=\"vc_column-inner\"><div class=\"wpb_wrapper\">\n\t<div  class=\"wpb_single_image wpb_content_element vc_align_center\">\n\t\t\n\t\t<figure class=\"wpb_wrapper vc_figure\">\n\t\t\t<a href=\"https:\/\/merianin.de\/wp-content\/uploads\/2020\/05\/Gartenhaus.jpg\" target=\"_blank\" class=\"vc_single_image-wrapper vc_box_border  vc_box_border_grey\"><img loading=\"lazy\" decoding=\"async\" width=\"634\" height=\"1024\" src=\"https:\/\/merianin.de\/wp-content\/uploads\/2020\/05\/Gartenhaus.jpg\" class=\"vc_single_image-img attachment-full\" alt=\"\" srcset=\"https:\/\/merianin.de\/wp-content\/uploads\/2020\/05\/Gartenhaus.jpg 634w, https:\/\/merianin.de\/wp-content\/uploads\/2020\/05\/Gartenhaus-186x300.jpg 186w\" sizes=\"auto, (max-width: 634px) 100vw, 634px\" \/><\/a>\n\t\t<\/figure>\n\t<\/div>\n\n\t<div class=\"wpb_text_column wpb_content_element\" >\n\t\t<div class=\"wpb_wrapper\">\n\t\t\t<p><em>The impressive stone garden house of the Imhoffs\nat the edge of the public Hallerwiese<\/em><\/p>\n\n\t\t<\/div>\n\t<\/div>\n<\/div><\/div><\/div><div class=\"wpb_column vc_column_container vc_col-sm-4\"><div class=\"vc_column-inner\"><div class=\"wpb_wrapper\">\n\t<div  class=\"wpb_single_image wpb_content_element vc_align_center\">\n\t\t\n\t\t<figure class=\"wpb_wrapper vc_figure\">\n\t\t\t<a href=\"https:\/\/merianin.de\/wp-content\/uploads\/2020\/05\/Volkamer_Garten.jpg\" target=\"_blank\" class=\"vc_single_image-wrapper vc_box_border  vc_box_border_grey\"><img loading=\"lazy\" decoding=\"async\" width=\"654\" height=\"1024\" src=\"https:\/\/merianin.de\/wp-content\/uploads\/2020\/05\/Volkamer_Garten.jpg\" class=\"vc_single_image-img attachment-full\" alt=\"\" srcset=\"https:\/\/merianin.de\/wp-content\/uploads\/2020\/05\/Volkamer_Garten.jpg 654w, https:\/\/merianin.de\/wp-content\/uploads\/2020\/05\/Volkamer_Garten-192x300.jpg 192w\" sizes=\"auto, (max-width: 654px) 100vw, 654px\" \/><\/a>\n\t\t<\/figure>\n\t<\/div>\n\n\t<div class=\"wpb_text_column wpb_content_element\" >\n\t\t<div class=\"wpb_wrapper\">\n\t\t\t<p><em>The Volkamer Garden in the suburb Gostenhof with the greenhouse open in summer (right<\/em><\/p>\n\n\t\t<\/div>\n\t<\/div>\n<\/div><\/div><\/div><div class=\"wpb_column vc_column_container vc_col-sm-4\"><div class=\"vc_column-inner\"><div class=\"wpb_wrapper\">\n\t<div  class=\"wpb_single_image wpb_content_element vc_align_center\">\n\t\t\n\t\t<figure class=\"wpb_wrapper vc_figure\">\n\t\t\t<a href=\"https:\/\/merianin.de\/wp-content\/uploads\/2020\/10\/X-Gartenkultur-Pellergarten.jpg\" target=\"_blank\" class=\"vc_single_image-wrapper vc_box_border  vc_box_border_grey\"><img loading=\"lazy\" decoding=\"async\" width=\"654\" height=\"1024\" src=\"https:\/\/merianin.de\/wp-content\/uploads\/2020\/10\/X-Gartenkultur-Pellergarten.jpg\" class=\"vc_single_image-img attachment-full\" alt=\"\" srcset=\"https:\/\/merianin.de\/wp-content\/uploads\/2020\/10\/X-Gartenkultur-Pellergarten.jpg 654w, https:\/\/merianin.de\/wp-content\/uploads\/2020\/10\/X-Gartenkultur-Pellergarten-192x300.jpg 192w\" sizes=\"auto, (max-width: 654px) 100vw, 654px\" \/><\/a>\n\t\t<\/figure>\n\t<\/div>\n\n\t<div class=\"wpb_text_column wpb_content_element\" >\n\t\t<div class=\"wpb_wrapper\">\n\t\t\t<p><em>Upper terrace of the Peller Garden with fountain and Baroque balustrade towards the lower garden<\/em><\/p>\n\n\t\t<\/div>\n\t<\/div>\n<\/div><\/div><\/div><\/div><div class=\"vc_empty_space\"   style=\"height: 20px\" ><span class=\"vc_empty_space_inner\"><\/span><\/div>\n\n\t<div class=\"wpb_text_column wpb_content_element\" >\n\t\t<div class=\"wpb_wrapper\">\n\t\t\t<p>Since Nurembergers in the Baroque period also liked to show off their knowledge of the ancient world of the gods, Johann Christoph Volkamer (the brother of Maria Sibylla's correspondent) named his book the \"Nuremberg Hesperides\", referring to an ancient legend: these nymphs were commissioned to guard the tree with the golden apples (oranges?) belonging to the mother goddess Hera. This work is a lasting testimony to the Nurembergers' love of nature, their curiosity about the unknown, such as exotic plants, their willingness to invest not only money but also a lot of time in this hobby and to share their experiences with one other.<\/p>\n<p>Like Maria Sibylla Merian, Volkamer combines two themes in his work:  a comprehensive botanical representation and description of the exotic citrus fruits; and the buildings and garden layout necessary to provide the basic conditions for the cultivation of these plants, namely, gardens and garden houses to accommodate these guests from far-away countries.<\/p>\n<p>This book contained so much advice on the cultivation and care of plants and even on the combating of parasites that it was considered a standard work of garden culture in the 18th century. Volkamer also wrote a separate chapter on gardeners as a class, which for him was \"blessed before others\". At the end of the chapter he placed an engraving of a gardener and his assistant at work.<\/p>\n\n\t\t<\/div>\n\t<\/div>\n<div class=\"vc_empty_space\"   style=\"height: 20px\" ><span class=\"vc_empty_space_inner\"><\/span><\/div>\n\n\t<div  class=\"wpb_single_image wpb_content_element vc_align_center\">\n\t\t\n\t\t<figure class=\"wpb_wrapper vc_figure\">\n\t\t\t<a data-rel=\"prettyPhoto[rel-3964-1769261059]\" href=\"https:\/\/merianin.de\/wp-content\/uploads\/2020\/05\/G\u00e4rtner.jpg\" target=\"_self\" class=\"vc_single_image-wrapper vc_box_border  vc_box_border_grey prettyphoto\"><img loading=\"lazy\" decoding=\"async\" width=\"1024\" height=\"612\" src=\"https:\/\/merianin.de\/wp-content\/uploads\/2020\/05\/G\u00e4rtner.jpg\" class=\"vc_single_image-img attachment-full\" alt=\"\" srcset=\"https:\/\/merianin.de\/wp-content\/uploads\/2020\/05\/G\u00e4rtner.jpg 1024w, https:\/\/merianin.de\/wp-content\/uploads\/2020\/05\/G\u00e4rtner-300x179.jpg 300w, https:\/\/merianin.de\/wp-content\/uploads\/2020\/05\/G\u00e4rtner-768x459.jpg 768w\" sizes=\"auto, (max-width: 1024px) 100vw, 1024px\" \/><\/a>\n\t\t<\/figure>\n\t<\/div>\n<div class=\"vc_empty_space\"   style=\"height: 20px\" ><span class=\"vc_empty_space_inner\"><\/span><\/div>\n\n\t<div class=\"wpb_text_column wpb_content_element\" >\n\t\t<div class=\"wpb_wrapper\">\n\t\t\t<p>On the solid, stone balustrade stand the expensive, exotic trees that the gardener waters while his assistant works on an ornamental bed. Both are framed by a variety of tools which bring everything together to create a true-to-life, miniature work of art.<\/p>\n<p>Volkamer's book has certainly also contributed to the fact that since the 1980s, at the request of the citizens of Nuremberg, three Hesperides Gardens have been reconstructed according to old plans in the Johannis quarter. For this, the city of Nuremberg was awarded a Europa Nostra Medal in 1988. The flourishing horticultural heritage from the time when Maria Sibylla Merian lived in Nuremberg can thus remain alive.<\/p>\n\n\t\t<\/div>\n\t<\/div>\n<\/div><\/div><\/div><\/div><\/div><\/div><div class=\"mkdf-row-grid-section-wrapper\"  ><div class=\"mkdf-row-grid-section\"><div class=\"vc_row wpb_row vc_row-fluid vc_custom_1588842005662\" ><div class=\"wpb_column vc_column_container vc_col-sm-12\"><div class=\"vc_column-inner\"><div class=\"wpb_wrapper\"><div class=\"vc_message_box vc_message_box-standard vc_message_box-rounded vc_color-chino vc_custom_1589182941879\" >\n\t<div class=\"vc_message_box-icon\"><i class=\"fa fa-info-circle\"><\/i>\n\t<\/div><ol>\n<li>Tschoeke (Lit 2008), with essay by Ruth Bach-Damaskinos, p. 21: in Sebalder Landfrieden (northern area), 160 gardens and in Lorenzer Landfrieden (southern area) 220 gardens<\/li>\n<li>Study Book (Studienbuch \/ Beer (Lit 1976), No. 132, sheet 48, transcription p. 235 (Irrhain); No. 119, sheet 44, p. 227 (Altdorf)<\/li>\n<li>Study Book (Studienbuch \/ Beer (Lit 1976), No. 110, sheet 41, transcription p. 221<\/li>\n<li>Study Book (Studienbuch \/ Beer (Lit 1976), No. 140, sheet 51, transcription p. 241<\/li>\n<li>Stefan Gans\u00f6der after Paulus Reinhart, woodcut, paper on canvas, StaatsAN, Reichsstadt N\u00fcrnberg, Karten und Pl\u00e4ne no. 202<\/li>\n<li>Universit\u00e4tsbibliothek Halle, Historische Sammlungen, RAR C 118<\/li>\n<\/ol>\n<\/div>\n<\/div><\/div><\/div><\/div><\/div><\/div>","protected":false},"excerpt":{"rendered":"\u00c4pfel und Pomeranzen Paradies f\u00fcr Schmetterlingsforscher Schon seit dem Mittelalter war N\u00fcrnberg eine Stadt der G\u00e4rten. Mit wachsender Bev\u00f6lkerung und verdichteter Bebauung wurden viele G\u00e4rten vor die Stadtmauer im gesch\u00fctzten Bereich des vorgelagerten Verteidigungsrings bis zur Landwehr mit den Schanzen verlegt. Dort schufen sich nicht nur die reichen Ratsfamilien, sondern auch Beamte, \u00c4rzte, [...]","protected":false},"author":2,"featured_media":0,"parent":23,"menu_order":0,"comment_status":"closed","ping_status":"closed","template":"full-width.php","meta":{"footnotes":""},"class_list":["post-3964","page","type-page","status-publish","hentry"],"yoast_head":"<!-- This site is optimized with the Yoast SEO plugin v26.1.1 - https:\/\/yoast.com\/wordpress\/plugins\/seo\/ -->\n<title>Stadt der Gartenkultur - merianin.de<\/title>\n<meta name=\"robots\" content=\"index, follow, max-snippet:-1, max-image-preview:large, max-video-preview:-1\" \/>\n<link rel=\"canonical\" href=\"https:\/\/merianin.de\/en\/home\/stadt-der-gartenkultur\/\" \/>\n<meta property=\"og:locale\" content=\"en_US\" \/>\n<meta property=\"og:type\" content=\"article\" \/>\n<meta property=\"og:title\" content=\"Stadt der Gartenkultur - merianin.de\" \/>\n<meta property=\"og:url\" content=\"https:\/\/merianin.de\/en\/home\/stadt-der-gartenkultur\/\" \/>\n<meta property=\"og:site_name\" content=\"merianin.de\" \/>\n<meta property=\"article:modified_time\" content=\"2021-02-19T12:56:13+00:00\" \/>\n<meta name=\"twitter:card\" content=\"summary_large_image\" \/>\n<meta name=\"twitter:label1\" content=\"Est. reading time\" \/>\n\t<meta name=\"twitter:data1\" content=\"6 minutes\" \/>\n<script type=\"application\/ld+json\" class=\"yoast-schema-graph\">{\"@context\":\"https:\/\/schema.org\",\"@graph\":[{\"@type\":\"WebPage\",\"@id\":\"https:\/\/merianin.de\/home\/stadt-der-gartenkultur\/\",\"url\":\"https:\/\/merianin.de\/home\/stadt-der-gartenkultur\/\",\"name\":\"Stadt der Gartenkultur - merianin.de\",\"isPartOf\":{\"@id\":\"https:\/\/merianin.de\/#website\"},\"datePublished\":\"2020-05-11T07:11:35+00:00\",\"dateModified\":\"2021-02-19T12:56:13+00:00\",\"breadcrumb\":{\"@id\":\"https:\/\/merianin.de\/home\/stadt-der-gartenkultur\/#breadcrumb\"},\"inLanguage\":\"en-US\",\"potentialAction\":[{\"@type\":\"ReadAction\",\"target\":[\"https:\/\/merianin.de\/home\/stadt-der-gartenkultur\/\"]}]},{\"@type\":\"BreadcrumbList\",\"@id\":\"https:\/\/merianin.de\/home\/stadt-der-gartenkultur\/#breadcrumb\",\"itemListElement\":[{\"@type\":\"ListItem\",\"position\":1,\"name\":\"Startseite\",\"item\":\"https:\/\/merianin.de\/\"},{\"@type\":\"ListItem\",\"position\":2,\"name\":\"Home\",\"item\":\"https:\/\/merianin.de\/\"},{\"@type\":\"ListItem\",\"position\":3,\"name\":\"Stadt der Gartenkultur\"}]},{\"@type\":\"WebSite\",\"@id\":\"https:\/\/merianin.de\/#website\",\"url\":\"https:\/\/merianin.de\/\",\"name\":\"merianin.de\",\"description\":\"MARIA SIBYLLA MERIAN\",\"potentialAction\":[{\"@type\":\"SearchAction\",\"target\":{\"@type\":\"EntryPoint\",\"urlTemplate\":\"https:\/\/merianin.de\/?s={search_term_string}\"},\"query-input\":{\"@type\":\"PropertyValueSpecification\",\"valueRequired\":true,\"valueName\":\"search_term_string\"}}],\"inLanguage\":\"en-US\"}]}<\/script>\n<!-- \/ Yoast SEO plugin. -->","yoast_head_json":{"title":"Stadt der Gartenkultur - merianin.de","robots":{"index":"index","follow":"follow","max-snippet":"max-snippet:-1","max-image-preview":"max-image-preview:large","max-video-preview":"max-video-preview:-1"},"canonical":"https:\/\/merianin.de\/en\/home\/stadt-der-gartenkultur\/","og_locale":"en_US","og_type":"article","og_title":"Stadt der Gartenkultur - merianin.de","og_url":"https:\/\/merianin.de\/en\/home\/stadt-der-gartenkultur\/","og_site_name":"merianin.de","article_modified_time":"2021-02-19T12:56:13+00:00","twitter_card":"summary_large_image","twitter_misc":{"Est. reading time":"6 minutes"},"schema":{"@context":"https:\/\/schema.org","@graph":[{"@type":"WebPage","@id":"https:\/\/merianin.de\/home\/stadt-der-gartenkultur\/","url":"https:\/\/merianin.de\/home\/stadt-der-gartenkultur\/","name":"Stadt der Gartenkultur - merianin.de","isPartOf":{"@id":"https:\/\/merianin.de\/#website"},"datePublished":"2020-05-11T07:11:35+00:00","dateModified":"2021-02-19T12:56:13+00:00","breadcrumb":{"@id":"https:\/\/merianin.de\/home\/stadt-der-gartenkultur\/#breadcrumb"},"inLanguage":"en-US","potentialAction":[{"@type":"ReadAction","target":["https:\/\/merianin.de\/home\/stadt-der-gartenkultur\/"]}]},{"@type":"BreadcrumbList","@id":"https:\/\/merianin.de\/home\/stadt-der-gartenkultur\/#breadcrumb","itemListElement":[{"@type":"ListItem","position":1,"name":"Startseite","item":"https:\/\/merianin.de\/"},{"@type":"ListItem","position":2,"name":"Home","item":"https:\/\/merianin.de\/"},{"@type":"ListItem","position":3,"name":"Stadt der Gartenkultur"}]},{"@type":"WebSite","@id":"https:\/\/merianin.de\/#website","url":"https:\/\/merianin.de\/","name":"merianin.de","description":"MARIA SIBYLLA MERIAN","potentialAction":[{"@type":"SearchAction","target":{"@type":"EntryPoint","urlTemplate":"https:\/\/merianin.de\/?s={search_term_string}"},"query-input":{"@type":"PropertyValueSpecification","valueRequired":true,"valueName":"search_term_string"}}],"inLanguage":"en-US"}]}},"_links":{"self":[{"href":"https:\/\/merianin.de\/en\/wp-json\/wp\/v2\/pages\/3964","targetHints":{"allow":["GET"]}}],"collection":[{"href":"https:\/\/merianin.de\/en\/wp-json\/wp\/v2\/pages"}],"about":[{"href":"https:\/\/merianin.de\/en\/wp-json\/wp\/v2\/types\/page"}],"author":[{"embeddable":true,"href":"https:\/\/merianin.de\/en\/wp-json\/wp\/v2\/users\/2"}],"replies":[{"embeddable":true,"href":"https:\/\/merianin.de\/en\/wp-json\/wp\/v2\/comments?post=3964"}],"version-history":[{"count":30,"href":"https:\/\/merianin.de\/en\/wp-json\/wp\/v2\/pages\/3964\/revisions"}],"predecessor-version":[{"id":5221,"href":"https:\/\/merianin.de\/en\/wp-json\/wp\/v2\/pages\/3964\/revisions\/5221"}],"up":[{"embeddable":true,"href":"https:\/\/merianin.de\/en\/wp-json\/wp\/v2\/pages\/23"}],"wp:attachment":[{"href":"https:\/\/merianin.de\/en\/wp-json\/wp\/v2\/media?parent=3964"}],"curies":[{"name":"wp","href":"https:\/\/api.w.org\/{rel}","templated":true}]}}