{"id":3961,"date":"2020-05-07T14:35:15","date_gmt":"2020-05-07T12:35:15","guid":{"rendered":"http:\/\/merianin.de\/?page_id=3961"},"modified":"2021-02-09T14:34:34","modified_gmt":"2021-02-09T13:34:34","slug":"stadt-fuer-zuwanderer-und-frauen","status":"publish","type":"page","link":"https:\/\/merianin.de\/en\/home\/stadt-fuer-zuwanderer-und-frauen\/","title":{"rendered":"CITY FOR IMMIGRANTS"},"content":{"rendered":"<div class=\"mkdf-row-grid-section-wrapper\"  ><div class=\"mkdf-row-grid-section\"><div class=\"vc_row wpb_row vc_row-fluid vc_custom_1585148942021\" ><div class=\"wpb_column vc_column_container vc_col-sm-12\"><div class=\"vc_column-inner\"><div class=\"wpb_wrapper\"><div class=\"vc_row wpb_row vc_inner vc_row-fluid\" ><div class=\"wpb_column vc_column_container vc_col-sm-12\"><div class=\"vc_column-inner\"><div class=\"wpb_wrapper\"><div class=\"mkdf-section-title-holder\" style=\"text-align: center\">\n\t<div class=\"mkdf-st-inner\">\n                <span class=\"mkdf-st-tagline-text\" >\n            Nuremberg on the Upswing        <\/span>\n    \t\t\t\t\t<h2 class=\"mkdf-st-title\" >\n\t\t\t\tPROSPEROUS TIME FOR THE CITIZENS OF NUREMBERG\t\t\t<\/h2>\n\t\t\t\t\t<\/div>\n<\/div><div class=\"vc_empty_space\"   style=\"height: 40px\" ><span class=\"vc_empty_space_inner\"><\/span><\/div>\n<\/div><\/div><\/div><\/div><div class=\"vc_row wpb_row vc_inner vc_row-fluid\" ><div class=\"wpb_column vc_column_container vc_col-sm-6\"><div class=\"vc_column-inner\"><div class=\"wpb_wrapper\">\n\t<div class=\"wpb_text_column wpb_content_element\" >\n\t\t<div class=\"wpb_wrapper\">\n\t\t\t<p>The Thirty Years\u2019 War marked a decisive turning point in the city\u2019s development. While the city was never conquered, the price were major financial contributions to the war.  Many lives were lost due to epidemics; and the economy and cultural life suffered badly. Nevertheless, the city recovered quickly after the Treaty of Westphalia (1648). For a year after the war, the Congress for the Implementation of Peace sat in Nuremberg, negotiating the demobilisation of troops, the payment of compensation, and other important details. Diplomats and their delegations lodged in the city; they needed food and new, elegant clothes; they had their portraits painted in oil or etched in copper; they celebrated many festivities. All this was an effective economic and cultural stimulus package (more comprehensive than a Marshall Plan).<\/p>\n<p class=\"translation-block\">When the young couple, the Graffs, came to Nuremberg in 1668 with a still very small infant, a refreshing wind blew through this city. Maybe Nuremberg urban society made settling down relatively easy, with newcomers able to find a foothold here in the first generation, in this centre of draftsmen, painters, copperplate etchers, printers and illuminators. This positive development continued into the last decades of the 17th century, even though some qualified immigrants had to overcome initial difficulties. The printers of the First and Second Caterpillar Book (1679 and 1682), Andreas Knortz from Kulmbach and Michael Sp\u00f6rlin from Frankfurt, are interesting examples of the opportunities and risks for such \"new citizens\" (cf. chapter on  <a href=\"http:\/\/merianin.de\/en\/nuernberger-werke\/\" target=\"_blank\" rel=\"noopener noreferrer\">Maria Sibylla Merian's Nuremberg Works<\/a>).<\/p>\n\n\t\t<\/div>\n\t<\/div>\n<\/div><\/div><\/div><div class=\"wpb_column vc_column_container vc_col-sm-6\"><div class=\"vc_column-inner\"><div class=\"wpb_wrapper\">\n\t<div class=\"wpb_text_column wpb_content_element\" >\n\t\t<div class=\"wpb_wrapper\">\n\t\t\t<p>In Lutheran Nuremberg it was not unusual for women to work as painters, embroiderers or teachers of girls. Idleness was considered a vice and even girls in the upper strata of society had to learn something useful. Maria Sibylla\u2019s \u201cJungfern Combann\u00ff\u201d (Company of Maidens) included daughters from the elite families which served on the City Council, such as Clara Regina Imhoff, as well as from the middle classes which worked in trade and the arts and crafts, such as a daughter of the art dealer and publisher Paul F\u00fcrst.<\/p>\n<p>Many Nuremberg citizens were curious about everything connected to nature and plants and they were prepared to spend money on this interest, including the buzzing and fluttering creatures living on the plants. Therefore Merian\u2019s interest in caterpillars was not considered \u201csinful\u201d and caterpillars were by no means despised as <em>\u201cTeufelsgew\u00fcrm\u201d<\/em> [the Devil\u2019s worms]. Prepared butterflies were an attractive part of private collections in cabinets of curiosities (\u201cWunderkammern\u201d).<\/p>\n\n\t\t<\/div>\n\t<\/div>\n<\/div><\/div><\/div><\/div><\/div><\/div><\/div><\/div><\/div><\/div><div class=\"mkdf-row-grid-section-wrapper\"  style=\"background-color:#cdd6d5\"><div class=\"mkdf-row-grid-section\"><div class=\"vc_row wpb_row vc_row-fluid vc_custom_1589370250674\" ><div class=\"wpb_column vc_column_container vc_col-sm-12\"><div class=\"vc_column-inner\"><div class=\"wpb_wrapper\"><div class=\"vc_row wpb_row vc_inner vc_row-fluid\" ><div class=\"wpb_column vc_column_container vc_col-sm-6\"><div class=\"vc_column-inner\"><div class=\"wpb_wrapper\">\n\t<div class=\"wpb_text_column wpb_content_element\" >\n\t\t<div class=\"wpb_wrapper\">\n\t\t\t<p>Science and reverence for God\u2019s wonderful creation, including the smallest and most insignificant creatures, corresponded closely to the attitude to life in Nuremberg civic society. Thus in Nuremberg Maria Sibylla did not have to fear being prosecuted for her research into insects. On the contrary, her work was supported.<\/p>\n<p>Particularly eloquent examples of the recognition and admiration of Nuremberg civic society are the poems by her mentor Professor Christoph Arnold in both Caterpillar Books. In her First Caterpillar Book we find such a poem directly after the title etching and printed title page. There Arnold places the female author on a par with the most famous insect researchers of the sixteenth and seventeenth centuries who had published their findings before Maria Sibylla.<\/p>\n\n\t\t<\/div>\n\t<\/div>\n<div class=\"vc_empty_space\"   style=\"height: 20px\" ><span class=\"vc_empty_space_inner\"><\/span><\/div>\n\n\t<div  class=\"wpb_single_image wpb_content_element vc_align_left\">\n\t\t\n\t\t<figure class=\"wpb_wrapper vc_figure\">\n\t\t\t<a data-rel=\"prettyPhoto[rel-3961-2074214278]\" href=\"https:\/\/merianin.de\/wp-content\/uploads\/2020\/05\/Christoph-Arnold.jpg\" target=\"_self\" class=\"vc_single_image-wrapper vc_box_border  vc_box_border_grey prettyphoto\"><img loading=\"lazy\" decoding=\"async\" class=\"vc_single_image-img\" src=\"https:\/\/merianin.de\/wp-content\/uploads\/2020\/05\/Christoph-Arnold-350x501.jpg\" width=\"350\" height=\"501\" alt=\"Christoph-Arnold\" title=\"Christoph-Arnold\" \/><\/a>\n\t\t<\/figure>\n\t<\/div>\n\n\t<div class=\"wpb_text_column wpb_content_element\" >\n\t\t<div class=\"wpb_wrapper\">\n\t\t\t<p style=\"text-align: left;\"><em>Portrait of Christoph Arnold <\/em>(1)<em><br \/>\n<\/em><\/p>\n\n\t\t<\/div>\n\t<\/div>\n<\/div><\/div><\/div><div class=\"wpb_column vc_column_container vc_col-sm-6\"><div class=\"vc_column-inner\"><div class=\"wpb_wrapper\">\n\t<div class=\"wpb_text_column wpb_content_element\" >\n\t\t<div class=\"wpb_wrapper\">\n\t\t\t<h4>\u201cIt is cause for astonishment \/ that women, too,<br \/>\ntrust themselves to write \/ judiciously \/<br \/>\non what has occupied the hordes of scholars so much.\u201d<\/h4>\n<p>With this central statement he virtually gives Merian's work the seal of approval, contributing significantly to her recognition in Nuremberg:<\/p>\n<h4>\u201cBut it is laudable \/ that a woman strives to emulate<br \/>\ntheir [the men\u2019s] deeds. [\u2026]<br \/>\nthat an ingenious woman \/ achieved all this \/ to while away her time.\u201d<\/h4>\n<p>At the beginning of the 1680s Maria Sibylla had developed into a specialist in flowers and caterpillars and her husband had become a pioneer of city scenes. Both had good prospects for a successful, secure future. For the Graff-Merian family, however, the Nuremberg period came to an unexpectedly rapid end after the death of the head of the family, Jacob Marrell, in Frankfurt in November 1681. His aged widow, Maria Sibylla Merian's mother, was not provided for and needed help, so Maria Sibylla returned to Frankfurt with her husband and daughters in 1682.<\/p>\n\n\t\t<\/div>\n\t<\/div>\n\n\t<div class=\"wpb_text_column wpb_content_element\" >\n\t\t<div class=\"wpb_wrapper\">\n\t\t\t<p>The continuing benevolence towards Merian as a \"temporary Nuremberger\" is also expressed by Arnold in the Second Caterpillar Book in a poem that sounds like a farewell. (2)<\/p>\n\n\t\t<\/div>\n\t<\/div>\n<div class=\"vc_empty_space\"   style=\"height: 20px\" ><span class=\"vc_empty_space_inner\"><\/span><\/div>\n\n\t<div  class=\"wpb_single_image wpb_content_element vc_align_left\">\n\t\t\n\t\t<figure class=\"wpb_wrapper vc_figure\">\n\t\t\t<a data-rel=\"prettyPhoto[rel-3961-1878468617]\" href=\"https:\/\/merianin.de\/wp-content\/uploads\/2020\/07\/lobgedicht.jpg\" target=\"_self\" class=\"vc_single_image-wrapper vc_box_border  vc_box_border_grey prettyphoto\"><img loading=\"lazy\" decoding=\"async\" width=\"800\" height=\"248\" src=\"https:\/\/merianin.de\/wp-content\/uploads\/2020\/07\/lobgedicht.jpg\" class=\"vc_single_image-img attachment-full\" alt=\"\" srcset=\"https:\/\/merianin.de\/wp-content\/uploads\/2020\/07\/lobgedicht.jpg 800w, https:\/\/merianin.de\/wp-content\/uploads\/2020\/07\/lobgedicht-300x93.jpg 300w, https:\/\/merianin.de\/wp-content\/uploads\/2020\/07\/lobgedicht-768x238.jpg 768w\" sizes=\"auto, (max-width: 800px) 100vw, 800px\" \/><\/a>\n\t\t<\/figure>\n\t<\/div>\n\n\t<div class=\"wpb_text_column wpb_content_element\" >\n\t\t<div class=\"wpb_wrapper\">\n\t\t\t<h4 style=\"text-align: left;\">Thus Mistress Gr\u00e4ffin has striven to increase her industry<br \/>\nprincipally to the greater glory of God:<br \/>\nfor this is our goal:<br \/>\nI wish her God\u2019s grace and many more such works!<em><br \/>\n<\/em><\/h4>\n\n\t\t<\/div>\n\t<\/div>\n<\/div><\/div><\/div><\/div><\/div><\/div><\/div><\/div><\/div><\/div><div class=\"mkdf-row-grid-section-wrapper\"  ><div class=\"mkdf-row-grid-section\"><div class=\"vc_row wpb_row vc_row-fluid vc_custom_1588842005662\" ><div class=\"wpb_column vc_column_container vc_col-sm-12\"><div class=\"vc_column-inner\"><div class=\"wpb_wrapper\"><div class=\"vc_message_box vc_message_box-standard vc_message_box-rounded vc_color-chino vc_custom_1589369705276\" >\n\t<div class=\"vc_message_box-icon\"><i class=\"fa fa-info-circle\"><\/i>\n\t<\/div><ol>\n<li>Frontispiece in the sales catalogue of Christoph Arnold\u2019s library [N\u00fcrnberg] 1725; courtesy of UBErl, Sig. No. H00\/BBLGR-IIII 171[1\/2] 1725<\/li>\n<li>Gr\u00e4ffin, Maria Sibylla (MSM 1683) S. 4, end of the encominium; UBErl, Handschriftenabteilung, Sign.H62 \/ IM.P 39<\/li>\n<\/ol>\n<\/div>\n<\/div><\/div><\/div><\/div><\/div><\/div>","protected":false},"excerpt":{"rendered":"N\u00fcrnberg im Aufschwung Bl\u00fctezeit der B\u00fcrgerstadt Der Drei\u00dfigj\u00e4hrige Krieg war ein tiefer Einschnitt in die Stadtentwicklung. Die Stadt war zwar nicht erobert worden, aber nur um den Preis gro\u00dfer finanzieller Kriegskontributionen: Viele Menschenleben waren durch Seuchen zu beklagen, Wirtschaft und Kultur hatten schwer gelitten. Trotzdem erholte sich die Stadt schnell nach dem Westf\u00e4lischen [...]","protected":false},"author":2,"featured_media":0,"parent":23,"menu_order":0,"comment_status":"closed","ping_status":"closed","template":"full-width.php","meta":{"footnotes":""},"class_list":["post-3961","page","type-page","status-publish","hentry"],"yoast_head":"<!-- This site is optimized with the Yoast SEO plugin v26.1.1 - https:\/\/yoast.com\/wordpress\/plugins\/seo\/ -->\n<title>Stadt f\u00fcr Zuwander(innen) - merianin.de<\/title>\n<meta name=\"robots\" content=\"index, follow, max-snippet:-1, max-image-preview:large, max-video-preview:-1\" \/>\n<link rel=\"canonical\" href=\"https:\/\/merianin.de\/en\/home\/stadt-fuer-zuwanderer-und-frauen\/\" \/>\n<meta property=\"og:locale\" content=\"en_US\" \/>\n<meta property=\"og:type\" content=\"article\" \/>\n<meta property=\"og:title\" content=\"Stadt f\u00fcr Zuwander(innen) - merianin.de\" \/>\n<meta property=\"og:url\" content=\"https:\/\/merianin.de\/en\/home\/stadt-fuer-zuwanderer-und-frauen\/\" \/>\n<meta property=\"og:site_name\" content=\"merianin.de\" \/>\n<meta property=\"article:modified_time\" content=\"2021-02-09T13:34:34+00:00\" \/>\n<meta name=\"twitter:card\" content=\"summary_large_image\" \/>\n<meta name=\"twitter:label1\" content=\"Est. reading time\" \/>\n\t<meta name=\"twitter:data1\" content=\"4 minutes\" \/>\n<script type=\"application\/ld+json\" class=\"yoast-schema-graph\">{\"@context\":\"https:\/\/schema.org\",\"@graph\":[{\"@type\":\"WebPage\",\"@id\":\"https:\/\/merianin.de\/en\/home\/stadt-fuer-zuwanderer-und-frauen\/\",\"url\":\"https:\/\/merianin.de\/en\/home\/stadt-fuer-zuwanderer-und-frauen\/\",\"name\":\"Stadt f\u00fcr Zuwander(innen) - merianin.de\",\"isPartOf\":{\"@id\":\"https:\/\/merianin.de\/#website\"},\"datePublished\":\"2020-05-07T12:35:15+00:00\",\"dateModified\":\"2021-02-09T13:34:34+00:00\",\"breadcrumb\":{\"@id\":\"https:\/\/merianin.de\/en\/home\/stadt-fuer-zuwanderer-und-frauen\/#breadcrumb\"},\"inLanguage\":\"en-US\",\"potentialAction\":[{\"@type\":\"ReadAction\",\"target\":[\"https:\/\/merianin.de\/en\/home\/stadt-fuer-zuwanderer-und-frauen\/\"]}]},{\"@type\":\"BreadcrumbList\",\"@id\":\"https:\/\/merianin.de\/en\/home\/stadt-fuer-zuwanderer-und-frauen\/#breadcrumb\",\"itemListElement\":[{\"@type\":\"ListItem\",\"position\":1,\"name\":\"Startseite\",\"item\":\"https:\/\/merianin.de\/\"},{\"@type\":\"ListItem\",\"position\":2,\"name\":\"Home\",\"item\":\"https:\/\/merianin.de\/\"},{\"@type\":\"ListItem\",\"position\":3,\"name\":\"Stadt f\u00fcr Zuwander(innen)\"}]},{\"@type\":\"WebSite\",\"@id\":\"https:\/\/merianin.de\/#website\",\"url\":\"https:\/\/merianin.de\/\",\"name\":\"merianin.de\",\"description\":\"MARIA SIBYLLA MERIAN\",\"potentialAction\":[{\"@type\":\"SearchAction\",\"target\":{\"@type\":\"EntryPoint\",\"urlTemplate\":\"https:\/\/merianin.de\/?s={search_term_string}\"},\"query-input\":{\"@type\":\"PropertyValueSpecification\",\"valueRequired\":true,\"valueName\":\"search_term_string\"}}],\"inLanguage\":\"en-US\"}]}<\/script>\n<!-- \/ Yoast SEO plugin. -->","yoast_head_json":{"title":"Stadt f\u00fcr Zuwander(innen) - merianin.de","robots":{"index":"index","follow":"follow","max-snippet":"max-snippet:-1","max-image-preview":"max-image-preview:large","max-video-preview":"max-video-preview:-1"},"canonical":"https:\/\/merianin.de\/en\/home\/stadt-fuer-zuwanderer-und-frauen\/","og_locale":"en_US","og_type":"article","og_title":"Stadt f\u00fcr Zuwander(innen) - merianin.de","og_url":"https:\/\/merianin.de\/en\/home\/stadt-fuer-zuwanderer-und-frauen\/","og_site_name":"merianin.de","article_modified_time":"2021-02-09T13:34:34+00:00","twitter_card":"summary_large_image","twitter_misc":{"Est. reading time":"4 minutes"},"schema":{"@context":"https:\/\/schema.org","@graph":[{"@type":"WebPage","@id":"https:\/\/merianin.de\/en\/home\/stadt-fuer-zuwanderer-und-frauen\/","url":"https:\/\/merianin.de\/en\/home\/stadt-fuer-zuwanderer-und-frauen\/","name":"Stadt f\u00fcr Zuwander(innen) - merianin.de","isPartOf":{"@id":"https:\/\/merianin.de\/#website"},"datePublished":"2020-05-07T12:35:15+00:00","dateModified":"2021-02-09T13:34:34+00:00","breadcrumb":{"@id":"https:\/\/merianin.de\/en\/home\/stadt-fuer-zuwanderer-und-frauen\/#breadcrumb"},"inLanguage":"en-US","potentialAction":[{"@type":"ReadAction","target":["https:\/\/merianin.de\/en\/home\/stadt-fuer-zuwanderer-und-frauen\/"]}]},{"@type":"BreadcrumbList","@id":"https:\/\/merianin.de\/en\/home\/stadt-fuer-zuwanderer-und-frauen\/#breadcrumb","itemListElement":[{"@type":"ListItem","position":1,"name":"Startseite","item":"https:\/\/merianin.de\/"},{"@type":"ListItem","position":2,"name":"Home","item":"https:\/\/merianin.de\/"},{"@type":"ListItem","position":3,"name":"Stadt f\u00fcr Zuwander(innen)"}]},{"@type":"WebSite","@id":"https:\/\/merianin.de\/#website","url":"https:\/\/merianin.de\/","name":"merianin.de","description":"MARIA SIBYLLA MERIAN","potentialAction":[{"@type":"SearchAction","target":{"@type":"EntryPoint","urlTemplate":"https:\/\/merianin.de\/?s={search_term_string}"},"query-input":{"@type":"PropertyValueSpecification","valueRequired":true,"valueName":"search_term_string"}}],"inLanguage":"en-US"}]}},"_links":{"self":[{"href":"https:\/\/merianin.de\/en\/wp-json\/wp\/v2\/pages\/3961","targetHints":{"allow":["GET"]}}],"collection":[{"href":"https:\/\/merianin.de\/en\/wp-json\/wp\/v2\/pages"}],"about":[{"href":"https:\/\/merianin.de\/en\/wp-json\/wp\/v2\/types\/page"}],"author":[{"embeddable":true,"href":"https:\/\/merianin.de\/en\/wp-json\/wp\/v2\/users\/2"}],"replies":[{"embeddable":true,"href":"https:\/\/merianin.de\/en\/wp-json\/wp\/v2\/comments?post=3961"}],"version-history":[{"count":25,"href":"https:\/\/merianin.de\/en\/wp-json\/wp\/v2\/pages\/3961\/revisions"}],"predecessor-version":[{"id":5195,"href":"https:\/\/merianin.de\/en\/wp-json\/wp\/v2\/pages\/3961\/revisions\/5195"}],"up":[{"embeddable":true,"href":"https:\/\/merianin.de\/en\/wp-json\/wp\/v2\/pages\/23"}],"wp:attachment":[{"href":"https:\/\/merianin.de\/en\/wp-json\/wp\/v2\/media?parent=3961"}],"curies":[{"name":"wp","href":"https:\/\/api.w.org\/{rel}","templated":true}]}}