{"id":3952,"date":"2020-05-07T13:55:44","date_gmt":"2020-05-07T11:55:44","guid":{"rendered":"http:\/\/merianin.de\/?page_id=3952"},"modified":"2021-01-28T08:30:36","modified_gmt":"2021-01-28T07:30:36","slug":"stadt-der-sammlungen","status":"publish","type":"page","link":"https:\/\/merianin.de\/en\/home\/stadt-der-sammlungen\/","title":{"rendered":"City of Collections"},"content":{"rendered":"<div class=\"mkdf-row-grid-section-wrapper\"  ><div class=\"mkdf-row-grid-section\"><div class=\"vc_row wpb_row vc_row-fluid vc_custom_1585148942021\" ><div class=\"wpb_column vc_column_container vc_col-sm-12\"><div class=\"vc_column-inner\"><div class=\"wpb_wrapper\"><div class=\"vc_row wpb_row vc_inner vc_row-fluid\" ><div class=\"wpb_column vc_column_container vc_col-sm-12\"><div class=\"vc_column-inner\"><div class=\"wpb_wrapper\"><div class=\"mkdf-section-title-holder\" style=\"text-align: center\">\n\t<div class=\"mkdf-st-inner\">\n                <span class=\"mkdf-st-tagline-text\" >\n            Treasures in Cabinets of Curiosities        <\/span>\n    \t\t\t\t\t<h2 class=\"mkdf-st-title\" >\n\t\t\t\tFOLLOWING THE EXAMPLE OF PRINCES AND BISHOPS\t\t\t<\/h2>\n\t\t\t\t\t<\/div>\n<\/div><div class=\"vc_empty_space\"   style=\"height: 40px\" ><span class=\"vc_empty_space_inner\"><\/span><\/div>\n\n\t<div class=\"wpb_text_column wpb_content_element\" >\n\t\t<div class=\"wpb_wrapper\">\n\t\t\t<p>Secular and spiritual rulers proudly displayed their \"Cabinets of Curiosities\", which included paintings and sculptures, but also natural objects such as minerals, shells, stuffed animals and dried exotic plants.  Later these collections often provided the basis for museums of art or natural history.<\/p>\n<p>Just as in the case of libraries, educated and wealthy citizens of Nuremberg wanted to emulate these rulers and collected everything that was rare and interesting. These treasures, kept in a chest or \u2013 depending on the purse - in a separate room, the Cabinet of Curiosities (\u201cWunderkammer\"), were willingly shown to visitors. They were, on the one hand, status symbols and, on the other, proof of local interest in everything related to nature in the time when Maria Sibylla Merian lived in Nuremberg.<\/p>\n\n\t\t<\/div>\n\t<\/div>\n<\/div><\/div><\/div><\/div><div class=\"vc_empty_space\"   style=\"height: 20px\" ><span class=\"vc_empty_space_inner\"><\/span><\/div>\n<div class=\"vc_row wpb_row vc_inner vc_row-fluid\" ><div class=\"wpb_column vc_column_container vc_col-sm-6\"><div class=\"vc_column-inner\"><div class=\"wpb_wrapper\">\n\t<div  class=\"wpb_single_image wpb_content_element vc_align_center\">\n\t\t\n\t\t<figure class=\"wpb_wrapper vc_figure\">\n\t\t\t<a data-rel=\"prettyPhoto[rel-3952-2092312961]\" href=\"https:\/\/merianin.de\/wp-content\/uploads\/2020\/05\/Vordere_Schatzkammer.jpg\" target=\"_self\" class=\"vc_single_image-wrapper vc_box_border  vc_box_border_grey prettyphoto\"><img loading=\"lazy\" decoding=\"async\" width=\"634\" height=\"402\" src=\"https:\/\/merianin.de\/wp-content\/uploads\/2020\/05\/Vordere_Schatzkammer.jpg\" class=\"vc_single_image-img attachment-full\" alt=\"\" srcset=\"https:\/\/merianin.de\/wp-content\/uploads\/2020\/05\/Vordere_Schatzkammer.jpg 634w, https:\/\/merianin.de\/wp-content\/uploads\/2020\/05\/Vordere_Schatzkammer-300x190.jpg 300w\" sizes=\"auto, (max-width: 634px) 100vw, 634px\" \/><\/a>\n\t\t<\/figure>\n\t<\/div>\n\n\t<div class=\"wpb_text_column wpb_content_element\" >\n\t\t<div class=\"wpb_wrapper\">\n\t\t\t<p style=\"text-align: left;\"><em>The \"Front Treasure Chamber\"<br \/>\nPhoto: Gerd Grimm<\/em><\/p>\n\n\t\t<\/div>\n\t<\/div>\n<\/div><\/div><\/div><div class=\"wpb_column vc_column_container vc_col-sm-6\"><div class=\"vc_column-inner\"><div class=\"wpb_wrapper\">\n\t<div  class=\"wpb_single_image wpb_content_element vc_align_center\">\n\t\t\n\t\t<figure class=\"wpb_wrapper vc_figure\">\n\t\t\t<a data-rel=\"prettyPhoto[rel-3952-187595806]\" href=\"https:\/\/merianin.de\/wp-content\/uploads\/2020\/05\/Hintere_Schatzkammer.jpg\" target=\"_self\" class=\"vc_single_image-wrapper vc_box_border  vc_box_border_grey prettyphoto\"><img loading=\"lazy\" decoding=\"async\" width=\"634\" height=\"402\" src=\"https:\/\/merianin.de\/wp-content\/uploads\/2020\/05\/Hintere_Schatzkammer.jpg\" class=\"vc_single_image-img attachment-full\" alt=\"\" srcset=\"https:\/\/merianin.de\/wp-content\/uploads\/2020\/05\/Hintere_Schatzkammer.jpg 634w, https:\/\/merianin.de\/wp-content\/uploads\/2020\/05\/Hintere_Schatzkammer-300x190.jpg 300w\" sizes=\"auto, (max-width: 634px) 100vw, 634px\" \/><\/a>\n\t\t<\/figure>\n\t<\/div>\n\n\t<div class=\"wpb_text_column wpb_content_element\" >\n\t\t<div class=\"wpb_wrapper\">\n\t\t\t<p style=\"text-align: left;\"><em>The \u201cBack Treasure Chamber\u201d<br \/>\nPhoto: Gerd Grimm<\/em><\/p>\n\n\t\t<\/div>\n\t<\/div>\n<\/div><\/div><\/div><\/div><\/div><\/div><\/div><\/div><\/div><\/div><div class=\"mkdf-row-grid-section-wrapper\"  style=\"background-color:#cbd6d2\"><div class=\"mkdf-row-grid-section\"><div class=\"vc_row wpb_row vc_row-fluid vc_custom_1585149100051\" ><div class=\"wpb_column vc_column_container vc_col-sm-12\"><div class=\"vc_column-inner\"><div class=\"wpb_wrapper\"><div class=\"vc_row wpb_row vc_inner vc_row-fluid\" ><div class=\"wpb_column vc_column_container vc_col-sm-6\"><div class=\"vc_column-inner\"><div class=\"wpb_wrapper\">\n\t<div class=\"wpb_text_column wpb_content_element\" >\n\t\t<div class=\"wpb_wrapper\">\n\t\t\t<p>The two treasure chambers on the ground floor of the Tucherschloss Museum (1) in the north-east of the old city centre of Nuremberg appear \u201ctidier\u201d, but with their diverse treasures on show they still remind us of the cabinets of curiosities of rich Nuremberg families in the Baroque era.<\/p>\n<p>Tulip bulbs were popular collectors' items at that time, and Maria Sibylla's stepfather Jacob Marrell was not only an artist but also an experienced dealer in tulip bulbs. He was an excellent flower painter, too, so Maria Sibylla Merian was able to arrange a number of things in which Nuremberg collectors were very interested. Her ability permanently and admirably to capture the temporary, springtime splendour of a precious tulip in watercolours was particularly in demand, since at other times of the year, too, a Nuremberg merchant wanted to show his business associates visiting from Venice or L\u00fcbeck how the inconspicuous bulb in his collection could develop into a flowering miracle.<\/p>\n<p>But not only beautiful things were collected. Rare and bizarre things were equally popular. In autumn, the Nuremberg physician, botanist and collector Johann Georg Volkamer the Younger (1661 - 1744), received a letter with an offer of various examples of this kind of \"curiosity\": 1 crocodile, 2 large snakes, 18 smaller snakes, 11 leguanas, 1 gecko and 1 small turtle for the all-inclusive price of 20 gulden. (2)<\/p>\n<p>Since the letter came from Amsterdam, it is not difficult to guess the sender:  the businesswoman Maria Sibylla Merian valued her customers, who perhaps even sold some items to a third party: \"If the Honourable Sir is inclined to accept them, I will gladly tell him when I receive new animals; and if I can serve the honourable Sir in anything, he will be welcome to command\".<\/p>\n\n\t\t<\/div>\n\t<\/div>\n\n\t<div class=\"wpb_text_column wpb_content_element\" >\n\t\t<div class=\"wpb_wrapper\">\n\t\t\t<p>The curiosity of Nuremberg's citizens and their passion for collecting and documenting as much as possible open up completely new perspectives on this city\u2019s past. For example, a three-hundred-year-old etching (3) shows that a woman was also among the collectors, as she was obviously depicted with her favourite pieces: shells, medals and prepared butterflies.<\/p>\n\n\t\t<\/div>\n\t<\/div>\n<div class=\"vc_empty_space\"   style=\"height: 20px\" ><span class=\"vc_empty_space_inner\"><\/span><\/div>\n<\/div><\/div><\/div><div class=\"wpb_column vc_column_container vc_col-sm-6\"><div class=\"vc_column-inner\"><div class=\"wpb_wrapper\">\n\t<div  class=\"wpb_single_image wpb_content_element vc_align_center\">\n\t\t\n\t\t<figure class=\"wpb_wrapper vc_figure\">\n\t\t\t<a data-rel=\"prettyPhoto[rel-3952-1313912389]\" href=\"https:\/\/merianin.de\/wp-content\/uploads\/2020\/05\/Schatzkammer-1024x432.jpg\" target=\"_self\" class=\"vc_single_image-wrapper vc_box_border  vc_box_border_grey prettyphoto\"><img loading=\"lazy\" decoding=\"async\" width=\"1070\" height=\"451\" src=\"https:\/\/merianin.de\/wp-content\/uploads\/2020\/05\/Schatzkammer.jpg\" class=\"vc_single_image-img attachment-full\" alt=\"\" srcset=\"https:\/\/merianin.de\/wp-content\/uploads\/2020\/05\/Schatzkammer.jpg 1070w, https:\/\/merianin.de\/wp-content\/uploads\/2020\/05\/Schatzkammer-300x126.jpg 300w, https:\/\/merianin.de\/wp-content\/uploads\/2020\/05\/Schatzkammer-1024x432.jpg 1024w, https:\/\/merianin.de\/wp-content\/uploads\/2020\/05\/Schatzkammer-768x324.jpg 768w\" sizes=\"auto, (max-width: 1070px) 100vw, 1070px\" \/><\/a>\n\t\t<\/figure>\n\t<\/div>\n<div class=\"vc_empty_space\"   style=\"height: 20px\" ><span class=\"vc_empty_space_inner\"><\/span><\/div>\n\n\t<div class=\"wpb_text_column wpb_content_element\" >\n\t\t<div class=\"wpb_wrapper\">\n\t\t\t<p>Some of the treasures from her Cabinet of Curiosities arranged here are part of an etching depicting Esther Barbara Sandrartin (who is presented in the chapter on \"Switched Identities\" because the woman portrayed in the etching was often referred to as \"Maria Sibylla Merian\"). In the wooden box there are dissected butterflies, pinned cocoons and maybe even an empty cocoon of a butterfly which has already emerged (left).<\/p>\n<p>A well-known travel writer was so impressed that he described her collection over several pages. He was pleased to note that she \"took great pleasure in showing the rarities collected as her pastime to strangers\". His praise shows that other remarkable women were also living in Nuremberg in Merian\u2019s time: \"Mrs Sandrart herself is one of the greatest rarities of her cabinet, if one considers her sprightliness in old age and incomparable memory at the age of 80. She knows the name of everything, the people from whom she got the items, the name of the herb or tree on which almost every kind of papilloas [butterflies] seek their food and reproduce\u201d. Maria Sibylla Merian was thus able to converse expertly not only with men, but even with a woman during her Nuremberg years.<\/p>\n\n\t\t<\/div>\n\t<\/div>\n<\/div><\/div><\/div><\/div><\/div><\/div><\/div><\/div><\/div><\/div><div class=\"mkdf-row-grid-section-wrapper\"  ><div class=\"mkdf-row-grid-section\"><div class=\"vc_row wpb_row vc_row-fluid vc_custom_1588842005662\" ><div class=\"wpb_column vc_column_container vc_col-sm-12\"><div class=\"vc_column-inner\"><div class=\"wpb_wrapper\"><div class=\"vc_message_box vc_message_box-standard vc_message_box-rounded vc_color-chino vc_custom_1588852523088\" >\n\t<div class=\"vc_message_box-icon\"><i class=\"fa fa-info-circle\"><\/i>\n\t<\/div><ol>\n<li><a href=\"https:\/\/museen.nuernberg.de\/tucherschloss\/dauerausstellung\/eingangshalle-mit-schatzkammern\/\">https:\/\/museen.nuernberg.de\/tucherschloss\/dauerausstellung\/eingangshalle-mit-schatzkammern\/<\/a><\/li>\n<li>Wettengl (1997), p. 265, letter no. 8, UBErlangen, Trew-Bibliothek, Briefsammlung Ms. 1834, Merian no. 2<\/li>\n<li>Heumann, Georg Daniel (etcher), Sandrart, Esther Barbara, Nuremberg 1727; 335 x 230 mm (plate), inv.no. MP 20693, Kapsel no. 39S1, Permalink: <a href=\"http:\/\/www.portraitindex.de\/documents\/obj\/33814669\">http:\/\/www.portraitindex.de\/documents\/obj\/33814669<\/a> (Ausschnitt)<\/li>\n<\/ol>\n<\/div>\n<\/div><\/div><\/div><\/div><\/div><\/div>","protected":false},"excerpt":{"rendered":"Sch\u00e4tze in Wunderkammern Nach dem Vorbild von F\u00fcrsten und Bisch\u00f6fen Weltliche und geistliche Herrscher zeigten stolz ihre \u201eWunderkammern\u201c mit Gem\u00e4lden und Skulpturen, aber auch mit Naturalien, wie Mineralien, Muscheln, ausgestopften Tieren, getrockneten exotischen Pflanzen. Diese Sammlungen bildeten sp\u00e4ter oft den Grundstock von Kunst- oder Naturmuseen. Ebenso wie bei den Bibliotheken wollten gebildete und [...]","protected":false},"author":2,"featured_media":0,"parent":23,"menu_order":0,"comment_status":"closed","ping_status":"closed","template":"full-width.php","meta":{"footnotes":""},"class_list":["post-3952","page","type-page","status-publish","hentry"],"yoast_head":"<!-- This site is optimized with the Yoast SEO plugin v26.1.1 - https:\/\/yoast.com\/wordpress\/plugins\/seo\/ -->\n<title>Stadt der Sammlungen - merianin.de<\/title>\n<meta name=\"robots\" content=\"index, follow, max-snippet:-1, max-image-preview:large, max-video-preview:-1\" \/>\n<link rel=\"canonical\" href=\"https:\/\/merianin.de\/en\/home\/stadt-der-sammlungen\/\" \/>\n<meta property=\"og:locale\" content=\"en_US\" \/>\n<meta property=\"og:type\" content=\"article\" \/>\n<meta property=\"og:title\" content=\"Stadt der Sammlungen - merianin.de\" \/>\n<meta property=\"og:url\" content=\"https:\/\/merianin.de\/en\/home\/stadt-der-sammlungen\/\" \/>\n<meta property=\"og:site_name\" content=\"merianin.de\" \/>\n<meta property=\"article:modified_time\" content=\"2021-01-28T07:30:36+00:00\" \/>\n<meta name=\"twitter:card\" content=\"summary_large_image\" \/>\n<meta name=\"twitter:label1\" content=\"Est. reading time\" \/>\n\t<meta name=\"twitter:data1\" content=\"5 minutes\" \/>\n<script type=\"application\/ld+json\" class=\"yoast-schema-graph\">{\"@context\":\"https:\/\/schema.org\",\"@graph\":[{\"@type\":\"WebPage\",\"@id\":\"https:\/\/merianin.de\/home\/stadt-der-sammlungen\/\",\"url\":\"https:\/\/merianin.de\/home\/stadt-der-sammlungen\/\",\"name\":\"Stadt der Sammlungen - merianin.de\",\"isPartOf\":{\"@id\":\"https:\/\/merianin.de\/#website\"},\"datePublished\":\"2020-05-07T11:55:44+00:00\",\"dateModified\":\"2021-01-28T07:30:36+00:00\",\"breadcrumb\":{\"@id\":\"https:\/\/merianin.de\/home\/stadt-der-sammlungen\/#breadcrumb\"},\"inLanguage\":\"en-US\",\"potentialAction\":[{\"@type\":\"ReadAction\",\"target\":[\"https:\/\/merianin.de\/home\/stadt-der-sammlungen\/\"]}]},{\"@type\":\"BreadcrumbList\",\"@id\":\"https:\/\/merianin.de\/home\/stadt-der-sammlungen\/#breadcrumb\",\"itemListElement\":[{\"@type\":\"ListItem\",\"position\":1,\"name\":\"Startseite\",\"item\":\"https:\/\/merianin.de\/\"},{\"@type\":\"ListItem\",\"position\":2,\"name\":\"Home\",\"item\":\"https:\/\/merianin.de\/\"},{\"@type\":\"ListItem\",\"position\":3,\"name\":\"Stadt der Sammlungen\"}]},{\"@type\":\"WebSite\",\"@id\":\"https:\/\/merianin.de\/#website\",\"url\":\"https:\/\/merianin.de\/\",\"name\":\"merianin.de\",\"description\":\"MARIA SIBYLLA MERIAN\",\"potentialAction\":[{\"@type\":\"SearchAction\",\"target\":{\"@type\":\"EntryPoint\",\"urlTemplate\":\"https:\/\/merianin.de\/?s={search_term_string}\"},\"query-input\":{\"@type\":\"PropertyValueSpecification\",\"valueRequired\":true,\"valueName\":\"search_term_string\"}}],\"inLanguage\":\"en-US\"}]}<\/script>\n<!-- \/ Yoast SEO plugin. -->","yoast_head_json":{"title":"Stadt der Sammlungen - merianin.de","robots":{"index":"index","follow":"follow","max-snippet":"max-snippet:-1","max-image-preview":"max-image-preview:large","max-video-preview":"max-video-preview:-1"},"canonical":"https:\/\/merianin.de\/en\/home\/stadt-der-sammlungen\/","og_locale":"en_US","og_type":"article","og_title":"Stadt der Sammlungen - merianin.de","og_url":"https:\/\/merianin.de\/en\/home\/stadt-der-sammlungen\/","og_site_name":"merianin.de","article_modified_time":"2021-01-28T07:30:36+00:00","twitter_card":"summary_large_image","twitter_misc":{"Est. reading time":"5 minutes"},"schema":{"@context":"https:\/\/schema.org","@graph":[{"@type":"WebPage","@id":"https:\/\/merianin.de\/home\/stadt-der-sammlungen\/","url":"https:\/\/merianin.de\/home\/stadt-der-sammlungen\/","name":"Stadt der Sammlungen - merianin.de","isPartOf":{"@id":"https:\/\/merianin.de\/#website"},"datePublished":"2020-05-07T11:55:44+00:00","dateModified":"2021-01-28T07:30:36+00:00","breadcrumb":{"@id":"https:\/\/merianin.de\/home\/stadt-der-sammlungen\/#breadcrumb"},"inLanguage":"en-US","potentialAction":[{"@type":"ReadAction","target":["https:\/\/merianin.de\/home\/stadt-der-sammlungen\/"]}]},{"@type":"BreadcrumbList","@id":"https:\/\/merianin.de\/home\/stadt-der-sammlungen\/#breadcrumb","itemListElement":[{"@type":"ListItem","position":1,"name":"Startseite","item":"https:\/\/merianin.de\/"},{"@type":"ListItem","position":2,"name":"Home","item":"https:\/\/merianin.de\/"},{"@type":"ListItem","position":3,"name":"Stadt der Sammlungen"}]},{"@type":"WebSite","@id":"https:\/\/merianin.de\/#website","url":"https:\/\/merianin.de\/","name":"merianin.de","description":"MARIA SIBYLLA MERIAN","potentialAction":[{"@type":"SearchAction","target":{"@type":"EntryPoint","urlTemplate":"https:\/\/merianin.de\/?s={search_term_string}"},"query-input":{"@type":"PropertyValueSpecification","valueRequired":true,"valueName":"search_term_string"}}],"inLanguage":"en-US"}]}},"_links":{"self":[{"href":"https:\/\/merianin.de\/en\/wp-json\/wp\/v2\/pages\/3952","targetHints":{"allow":["GET"]}}],"collection":[{"href":"https:\/\/merianin.de\/en\/wp-json\/wp\/v2\/pages"}],"about":[{"href":"https:\/\/merianin.de\/en\/wp-json\/wp\/v2\/types\/page"}],"author":[{"embeddable":true,"href":"https:\/\/merianin.de\/en\/wp-json\/wp\/v2\/users\/2"}],"replies":[{"embeddable":true,"href":"https:\/\/merianin.de\/en\/wp-json\/wp\/v2\/comments?post=3952"}],"version-history":[{"count":7,"href":"https:\/\/merianin.de\/en\/wp-json\/wp\/v2\/pages\/3952\/revisions"}],"predecessor-version":[{"id":4046,"href":"https:\/\/merianin.de\/en\/wp-json\/wp\/v2\/pages\/3952\/revisions\/4046"}],"up":[{"embeddable":true,"href":"https:\/\/merianin.de\/en\/wp-json\/wp\/v2\/pages\/23"}],"wp:attachment":[{"href":"https:\/\/merianin.de\/en\/wp-json\/wp\/v2\/media?parent=3952"}],"curies":[{"name":"wp","href":"https:\/\/api.w.org\/{rel}","templated":true}]}}