{"id":3942,"date":"2020-05-07T10:52:21","date_gmt":"2020-05-07T08:52:21","guid":{"rendered":"http:\/\/merianin.de\/?page_id=3942"},"modified":"2021-02-05T13:53:20","modified_gmt":"2021-02-05T12:53:20","slug":"stadt-der-bildung","status":"publish","type":"page","link":"https:\/\/merianin.de\/en\/home\/stadt-der-bildung\/","title":{"rendered":"City of Education"},"content":{"rendered":"<div class=\"mkdf-row-grid-section-wrapper\"  ><div class=\"mkdf-row-grid-section\"><div class=\"vc_row wpb_row vc_row-fluid vc_custom_1585148942021\" ><div class=\"wpb_column vc_column_container vc_col-sm-12\"><div class=\"vc_column-inner\"><div class=\"wpb_wrapper\"><div class=\"vc_row wpb_row vc_inner vc_row-fluid\" ><div class=\"wpb_column vc_column_container vc_col-sm-12\"><div class=\"vc_column-inner\"><div class=\"wpb_wrapper\"><div class=\"mkdf-section-title-holder\" style=\"text-align: center\">\n\t<div class=\"mkdf-st-inner\">\n                <span class=\"mkdf-st-tagline-text\" >\n            Masters of Arithmetic and Professors        <\/span>\n    \t\t\t\t\t<h2 class=\"mkdf-st-title\" >\n\t\t\t\tFROM \u201cELEMENTARY LESSONS\u201d TO UNIVERSITY\t\t\t<\/h2>\n\t\t\t\t\t<\/div>\n<\/div><div class=\"vc_empty_space\"   style=\"height: 40px\" ><span class=\"vc_empty_space_inner\"><\/span><\/div>\n\n\t<div class=\"wpb_text_column wpb_content_element\" >\n\t\t<div class=\"wpb_wrapper\">\n\t\t\t<p>As early as the 17th century Nuremberg had a diversified school system with Latin schools and an \"upper school\" near St. Egidien which taught a Christian-Humanist curriculum. The father of Johann Andreas Graff worked there as a teacher and headmaster until his death in 1644. In 1642, even before the end of the Thirty Years' War, a lecture hall for adults was attached to this grammar school, which was open to citizens as an \"institution of further education\".<\/p>\n<p>For the sons of merchants and craftsmen there were private schools with teachers and maths masters which gave lessons, in German, in reading, writing and arithmetic. The level of literacy in Nuremberg was high, even for girls, who had their own female (!) teachers of writing and arithmetic. The level of alphabetization in Nuremberg was high, even for girls by their own female (!) teachers of writing and arithmetic. Some women could even read and write better than their husbands in those centuries before the industrial revolution, when their homes and workplaces were still on the same premises. For they were not only important assistants in the workshop or in the trade office, but even deputy heads, especially when their husbands were away on business travels.<\/p>\n\n\t\t<\/div>\n\t<\/div>\n<\/div><\/div><\/div><\/div><div class=\"vc_empty_space\"   style=\"height: 20px\" ><span class=\"vc_empty_space_inner\"><\/span><\/div>\n\n\t<div  class=\"wpb_single_image wpb_content_element vc_align_center\">\n\t\t\n\t\t<figure class=\"wpb_wrapper vc_figure\">\n\t\t\t<a data-rel=\"prettyPhoto[rel-3942-1302701502]\" href=\"https:\/\/merianin.de\/wp-content\/uploads\/2020\/05\/Uni_Altdorf.jpg\" target=\"_self\" class=\"vc_single_image-wrapper vc_box_border  vc_box_border_grey prettyphoto\"><img loading=\"lazy\" decoding=\"async\" width=\"1024\" height=\"438\" src=\"https:\/\/merianin.de\/wp-content\/uploads\/2020\/05\/Uni_Altdorf.jpg\" class=\"vc_single_image-img attachment-full\" alt=\"\" srcset=\"https:\/\/merianin.de\/wp-content\/uploads\/2020\/05\/Uni_Altdorf.jpg 1024w, https:\/\/merianin.de\/wp-content\/uploads\/2020\/05\/Uni_Altdorf-300x128.jpg 300w, https:\/\/merianin.de\/wp-content\/uploads\/2020\/05\/Uni_Altdorf-768x329.jpg 768w\" sizes=\"auto, (max-width: 1024px) 100vw, 1024px\" \/><\/a>\n\t\t<\/figure>\n\t<\/div>\n\n\t<div class=\"wpb_text_column wpb_content_element\" >\n\t\t<div class=\"wpb_wrapper\">\n\t\t\t<p style=\"text-align: center;\"><em>Innenhof der ehemaligen N\u00fcrnberger Universit\u00e4t Altdorf, Kollegiengeb\u00e4ude von 1571-83 <\/em>(1)<\/p>\n\n\t\t<\/div>\n\t<\/div>\n<\/div><\/div><\/div><\/div><\/div><\/div><div class=\"mkdf-row-grid-section-wrapper\"  style=\"background-color:#cbd6d2\"><div class=\"mkdf-row-grid-section\"><div class=\"vc_row wpb_row vc_row-fluid vc_custom_1585149100051\" ><div class=\"wpb_column vc_column_container vc_col-sm-12\"><div class=\"vc_column-inner\"><div class=\"wpb_wrapper\">\n\t<div class=\"wpb_text_column wpb_content_element\" >\n\t\t<div class=\"wpb_wrapper\">\n\t\t\t<p>Nuremberg had located some of its important educational institutions outside the city in a fortified country town in its own territory: in Altdorf a university had already been opened in 1623.  It had the right to award doctorates in the Faculties of Law and Medicine; and Johann Andreas Graff's brother studied there. In the 17th century the University flourished, boasting famous academic teachers in Philosophy and the Natural Sciences.<\/p>\n<p>Interest in education was generally high, as another example shows: in 1678 one of the best copperplate etchers of his time, Georg Christoph Eimmart, who was married to a sister of Jakob von Sandrart, constructed the first public observatory on the bastion of the Vestnertor at the Imperial Castle (2) . He did this on his own initiative \u2013 not as a Council project \u2013 but it was still open to the public and free of charge! The Graffs will have been among the curious visitors, since this attraction was only 300 metres away from their house and a stone\u2019s throw from their garden. There they certainly met Maria Clara Eimmart (1676-1707), who grew up to be her father's most important collaborator and whose merits as an astrologer are still praised by experts today.<\/p>\n<p>These examples clearly show that education was provided in many places in the imperial city of Nuremberg and its own territories in the surrounding area. After all, scientific facilities, such as an observatory on a bastion of the Imperial Castle and a huge Council Library, were also open to the public.<\/p>\n\n\t\t<\/div>\n\t<\/div>\n<div class=\"vc_empty_space\"   style=\"height: 20px\" ><span class=\"vc_empty_space_inner\"><\/span><\/div>\n\n\t<div  class=\"wpb_single_image wpb_content_element vc_align_center\">\n\t\t\n\t\t<figure class=\"wpb_wrapper vc_figure\">\n\t\t\t<a data-rel=\"prettyPhoto[rel-3942-2121131876]\" href=\"https:\/\/merianin.de\/wp-content\/uploads\/2020\/05\/Sternwarte.jpg\" target=\"_self\" class=\"vc_single_image-wrapper vc_box_border  vc_box_border_grey prettyphoto\"><img loading=\"lazy\" decoding=\"async\" width=\"925\" height=\"416\" src=\"https:\/\/merianin.de\/wp-content\/uploads\/2020\/05\/Sternwarte.jpg\" class=\"vc_single_image-img attachment-full\" alt=\"\" srcset=\"https:\/\/merianin.de\/wp-content\/uploads\/2020\/05\/Sternwarte.jpg 925w, https:\/\/merianin.de\/wp-content\/uploads\/2020\/05\/Sternwarte-300x135.jpg 300w, https:\/\/merianin.de\/wp-content\/uploads\/2020\/05\/Sternwarte-768x345.jpg 768w\" sizes=\"auto, (max-width: 925px) 100vw, 925px\" \/><\/a>\n\t\t<\/figure>\n\t<\/div>\n\n\t<div class=\"wpb_text_column wpb_content_element\" >\n\t\t<div class=\"wpb_wrapper\">\n\t\t\t<p style=\"text-align: center;\"><em>Sternwarte von Georg Christoph Eimmart auf der Vestnertorbastei der Kaiserburg in N\u00fcrnberg<\/em> (3)<\/p>\n\n\t\t<\/div>\n\t<\/div>\n<\/div><\/div><\/div><\/div><\/div><\/div><div class=\"mkdf-row-grid-section-wrapper\"  ><div class=\"mkdf-row-grid-section\"><div class=\"vc_row wpb_row vc_row-fluid vc_custom_1588842005662\" ><div class=\"wpb_column vc_column_container vc_col-sm-12\"><div class=\"vc_column-inner\"><div class=\"wpb_wrapper\"><div class=\"vc_message_box vc_message_box-standard vc_message_box-rounded vc_color-chino vc_custom_1595415663430\" >\n\t<div class=\"vc_message_box-icon\"><i class=\"fa fa-info-circle\"><\/i>\n\t<\/div><ol>\n<li>Photo: <a href=\"https:\/\/de.wikipedia.org\/wiki\/Universit%C3%A4t_Altdorf#\/media\/Datei:Altdorf_Uni.jpg\">https:\/\/de.wikipedia.org\/wiki\/Universit%C3%A4t_Altdorf#\/media\/Datei:Altdorf_Uni.jpg<\/a><\/li>\n<li>Stadtlexikon N\u00fcrnberg (Lex 2000), key word: Eimmart, G. C. d. J., p. 238<\/li>\n<li>Copper print by Johann Adam Delsenbach, Das N\u00fcrnberger Observatorium Astronomicum, 1716, (detail) courtesy of StadtAN inv.no. A 7\/II Nr. 8<\/li>\n<\/ol>\n<\/div>\n<\/div><\/div><\/div><\/div><\/div><\/div>","protected":false},"excerpt":{"rendered":"Rechenmeister und Professoren Vom \u201eElementarunterricht\u201c zur Universit\u00e4t Schon im 17. Jahrhundert hatte N\u00fcrnberg ein breit gef\u00e4chertes Schulsystem mit Lateinschulen und einer \u201eOberen Schule\u201c bei St. Egidien mit einem christlich-humanistischen Lehrplan. Dort wirkte der Vater von Johann Andreas Graff bis zu seinem Tod 1644 als Lehrer und Rektor. Zu seinen Lebzeiten wurde diesem Gymnasium [...]","protected":false},"author":2,"featured_media":0,"parent":23,"menu_order":0,"comment_status":"closed","ping_status":"closed","template":"full-width.php","meta":{"footnotes":""},"class_list":["post-3942","page","type-page","status-publish","hentry"],"yoast_head":"<!-- This site is optimized with the Yoast SEO plugin v26.1.1 - https:\/\/yoast.com\/wordpress\/plugins\/seo\/ -->\n<title>Stadt der Bildung - merianin.de<\/title>\n<meta name=\"robots\" content=\"index, follow, max-snippet:-1, max-image-preview:large, max-video-preview:-1\" \/>\n<link rel=\"canonical\" href=\"https:\/\/merianin.de\/en\/home\/stadt-der-bildung\/\" \/>\n<meta property=\"og:locale\" content=\"en_US\" \/>\n<meta property=\"og:type\" content=\"article\" \/>\n<meta property=\"og:title\" content=\"Stadt der Bildung - merianin.de\" \/>\n<meta property=\"og:url\" content=\"https:\/\/merianin.de\/en\/home\/stadt-der-bildung\/\" \/>\n<meta property=\"og:site_name\" content=\"merianin.de\" \/>\n<meta property=\"article:modified_time\" content=\"2021-02-05T12:53:20+00:00\" \/>\n<meta name=\"twitter:card\" content=\"summary_large_image\" \/>\n<meta name=\"twitter:label1\" content=\"Est. reading time\" \/>\n\t<meta name=\"twitter:data1\" content=\"3 minutes\" \/>\n<script type=\"application\/ld+json\" class=\"yoast-schema-graph\">{\"@context\":\"https:\/\/schema.org\",\"@graph\":[{\"@type\":\"WebPage\",\"@id\":\"https:\/\/merianin.de\/en\/home\/stadt-der-bildung\/\",\"url\":\"https:\/\/merianin.de\/en\/home\/stadt-der-bildung\/\",\"name\":\"Stadt der Bildung - merianin.de\",\"isPartOf\":{\"@id\":\"https:\/\/merianin.de\/#website\"},\"datePublished\":\"2020-05-07T08:52:21+00:00\",\"dateModified\":\"2021-02-05T12:53:20+00:00\",\"breadcrumb\":{\"@id\":\"https:\/\/merianin.de\/en\/home\/stadt-der-bildung\/#breadcrumb\"},\"inLanguage\":\"en-US\",\"potentialAction\":[{\"@type\":\"ReadAction\",\"target\":[\"https:\/\/merianin.de\/en\/home\/stadt-der-bildung\/\"]}]},{\"@type\":\"BreadcrumbList\",\"@id\":\"https:\/\/merianin.de\/en\/home\/stadt-der-bildung\/#breadcrumb\",\"itemListElement\":[{\"@type\":\"ListItem\",\"position\":1,\"name\":\"Startseite\",\"item\":\"https:\/\/merianin.de\/\"},{\"@type\":\"ListItem\",\"position\":2,\"name\":\"Home\",\"item\":\"https:\/\/merianin.de\/\"},{\"@type\":\"ListItem\",\"position\":3,\"name\":\"Stadt der Bildung\"}]},{\"@type\":\"WebSite\",\"@id\":\"https:\/\/merianin.de\/#website\",\"url\":\"https:\/\/merianin.de\/\",\"name\":\"merianin.de\",\"description\":\"MARIA SIBYLLA MERIAN\",\"potentialAction\":[{\"@type\":\"SearchAction\",\"target\":{\"@type\":\"EntryPoint\",\"urlTemplate\":\"https:\/\/merianin.de\/?s={search_term_string}\"},\"query-input\":{\"@type\":\"PropertyValueSpecification\",\"valueRequired\":true,\"valueName\":\"search_term_string\"}}],\"inLanguage\":\"en-US\"}]}<\/script>\n<!-- \/ Yoast SEO plugin. -->","yoast_head_json":{"title":"Stadt der Bildung - merianin.de","robots":{"index":"index","follow":"follow","max-snippet":"max-snippet:-1","max-image-preview":"max-image-preview:large","max-video-preview":"max-video-preview:-1"},"canonical":"https:\/\/merianin.de\/en\/home\/stadt-der-bildung\/","og_locale":"en_US","og_type":"article","og_title":"Stadt der Bildung - merianin.de","og_url":"https:\/\/merianin.de\/en\/home\/stadt-der-bildung\/","og_site_name":"merianin.de","article_modified_time":"2021-02-05T12:53:20+00:00","twitter_card":"summary_large_image","twitter_misc":{"Est. reading time":"3 minutes"},"schema":{"@context":"https:\/\/schema.org","@graph":[{"@type":"WebPage","@id":"https:\/\/merianin.de\/en\/home\/stadt-der-bildung\/","url":"https:\/\/merianin.de\/en\/home\/stadt-der-bildung\/","name":"Stadt der Bildung - merianin.de","isPartOf":{"@id":"https:\/\/merianin.de\/#website"},"datePublished":"2020-05-07T08:52:21+00:00","dateModified":"2021-02-05T12:53:20+00:00","breadcrumb":{"@id":"https:\/\/merianin.de\/en\/home\/stadt-der-bildung\/#breadcrumb"},"inLanguage":"en-US","potentialAction":[{"@type":"ReadAction","target":["https:\/\/merianin.de\/en\/home\/stadt-der-bildung\/"]}]},{"@type":"BreadcrumbList","@id":"https:\/\/merianin.de\/en\/home\/stadt-der-bildung\/#breadcrumb","itemListElement":[{"@type":"ListItem","position":1,"name":"Startseite","item":"https:\/\/merianin.de\/"},{"@type":"ListItem","position":2,"name":"Home","item":"https:\/\/merianin.de\/"},{"@type":"ListItem","position":3,"name":"Stadt der Bildung"}]},{"@type":"WebSite","@id":"https:\/\/merianin.de\/#website","url":"https:\/\/merianin.de\/","name":"merianin.de","description":"MARIA SIBYLLA MERIAN","potentialAction":[{"@type":"SearchAction","target":{"@type":"EntryPoint","urlTemplate":"https:\/\/merianin.de\/?s={search_term_string}"},"query-input":{"@type":"PropertyValueSpecification","valueRequired":true,"valueName":"search_term_string"}}],"inLanguage":"en-US"}]}},"_links":{"self":[{"href":"https:\/\/merianin.de\/en\/wp-json\/wp\/v2\/pages\/3942","targetHints":{"allow":["GET"]}}],"collection":[{"href":"https:\/\/merianin.de\/en\/wp-json\/wp\/v2\/pages"}],"about":[{"href":"https:\/\/merianin.de\/en\/wp-json\/wp\/v2\/types\/page"}],"author":[{"embeddable":true,"href":"https:\/\/merianin.de\/en\/wp-json\/wp\/v2\/users\/2"}],"replies":[{"embeddable":true,"href":"https:\/\/merianin.de\/en\/wp-json\/wp\/v2\/comments?post=3942"}],"version-history":[{"count":7,"href":"https:\/\/merianin.de\/en\/wp-json\/wp\/v2\/pages\/3942\/revisions"}],"predecessor-version":[{"id":5190,"href":"https:\/\/merianin.de\/en\/wp-json\/wp\/v2\/pages\/3942\/revisions\/5190"}],"up":[{"embeddable":true,"href":"https:\/\/merianin.de\/en\/wp-json\/wp\/v2\/pages\/23"}],"wp:attachment":[{"href":"https:\/\/merianin.de\/en\/wp-json\/wp\/v2\/media?parent=3942"}],"curies":[{"name":"wp","href":"https:\/\/api.w.org\/{rel}","templated":true}]}}