{"id":3586,"date":"2020-04-09T11:56:58","date_gmt":"2020-04-09T09:56:58","guid":{"rendered":"http:\/\/merianin.de\/?page_id=3586"},"modified":"2021-02-09T15:04:02","modified_gmt":"2021-02-09T14:04:02","slug":"fiktive-portraits","status":"publish","type":"page","link":"https:\/\/merianin.de\/en\/home\/fiktive-portraits\/","title":{"rendered":"FICTIONAL PORTRAITS"},"content":{"rendered":"<div class=\"mkdf-row-grid-section-wrapper\"  ><div class=\"mkdf-row-grid-section\"><div class=\"vc_row wpb_row vc_row-fluid vc_custom_1586159088858\" ><div class=\"wpb_column vc_column_container vc_col-sm-12\"><div class=\"vc_column-inner\"><div class=\"wpb_wrapper\"><div class=\"mkdf-section-title-holder\" style=\"text-align: center\">\n\t<div class=\"mkdf-st-inner\">\n                <span class=\"mkdf-st-tagline-text\" >\n            Changed Identity        <\/span>\n    \t\t\t\t\t<h2 class=\"mkdf-st-title\" >\n\t\t\t\tDIFFERENT FACES AS PORTRAITS OF MARIA SIBYLLA MERIAN\t\t\t<\/h2>\n\t\t\t\t\t<\/div>\n<\/div><div class=\"vc_empty_space\"   style=\"height: 40px\" ><span class=\"vc_empty_space_inner\"><\/span><\/div>\n<div class=\"vc_row wpb_row vc_inner vc_row-fluid\" ><div class=\"wpb_column vc_column_container vc_col-sm-6\"><div class=\"vc_column-inner\"><div class=\"wpb_wrapper\">\n\t<div class=\"wpb_text_column wpb_content_element\" >\n\t\t<div class=\"wpb_wrapper\">\n\t\t\t<p>Until a few years ago, even after 2010, most essays about Maria Sibylla Merian on the internet were illustrated with a colourful painting by \"de B\u00e2le\". (1)<\/p>\n<p>Thus far, it has not proved possible to identify this painter. His portrait is also listed on Wikisource, but with the added information that it portrays a completely different woman and the \"collection is unknown\". This picture is now hardly ever shown in connection with Merian.<\/p>\n\n\t\t<\/div>\n\t<\/div>\n<div class=\"vc_empty_space\"   style=\"height: 20px\" ><span class=\"vc_empty_space_inner\"><\/span><\/div>\n\n\t<div  class=\"wpb_single_image wpb_content_element vc_align_left\">\n\t\t\n\t\t<figure class=\"wpb_wrapper vc_figure\">\n\t\t\t<a data-rel=\"prettyPhoto[rel-3586-1824485918]\" href=\"https:\/\/merianin.de\/wp-content\/uploads\/2020\/04\/Sandrart-Phantom.jpg\" target=\"_self\" class=\"vc_single_image-wrapper vc_box_border  vc_box_border_grey prettyphoto\"><img loading=\"lazy\" decoding=\"async\" width=\"451\" height=\"600\" src=\"https:\/\/merianin.de\/wp-content\/uploads\/2020\/04\/Sandrart-Phantom.jpg\" class=\"vc_single_image-img attachment-full\" alt=\"\" srcset=\"https:\/\/merianin.de\/wp-content\/uploads\/2020\/04\/Sandrart-Phantom.jpg 451w, https:\/\/merianin.de\/wp-content\/uploads\/2020\/04\/Sandrart-Phantom-226x300.jpg 226w\" sizes=\"auto, (max-width: 451px) 100vw, 451px\" \/><\/a>\n\t\t<\/figure>\n\t<\/div>\n\n\t<div class=\"wpb_text_column wpb_content_element\" >\n\t\t<div class=\"wpb_wrapper\">\n\t\t\t<p><em>Phantom of a painting on the Internet<\/em><\/p>\n\n\t\t<\/div>\n\t<\/div>\n<\/div><\/div><\/div><div class=\"wpb_column vc_column_container vc_col-sm-6\"><div class=\"vc_column-inner\"><div class=\"wpb_wrapper\">\n\t<div class=\"wpb_text_column wpb_content_element\" >\n\t\t<div class=\"wpb_wrapper\">\n\t\t\t<p>It is easier to find the copper etching (2), which probably served as a model for the untraceable painter \"de B\u00e2le\". The woman in question is Esther Barbara Sandrartin, n\u00e9e Bloemartin (1651-1733), wife of Joachim von Sandrart, the famous \"Painter Prince\" and author of the first encyclopaedia of artists for the German-speaking area.<\/p>\n\n\t\t<\/div>\n\t<\/div>\n<div class=\"vc_empty_space\"   style=\"height: 20px\" ><span class=\"vc_empty_space_inner\"><\/span><\/div>\n\n\t<div  class=\"wpb_single_image wpb_content_element vc_align_left\">\n\t\t\n\t\t<figure class=\"wpb_wrapper vc_figure\">\n\t\t\t<a data-rel=\"prettyPhoto[rel-3586-557235846]\" href=\"https:\/\/merianin.de\/wp-content\/uploads\/2020\/04\/radiert.jpg\" target=\"_self\" class=\"vc_single_image-wrapper vc_box_border  vc_box_border_grey prettyphoto\"><img loading=\"lazy\" decoding=\"async\" width=\"410\" height=\"600\" src=\"https:\/\/merianin.de\/wp-content\/uploads\/2020\/04\/radiert.jpg\" class=\"vc_single_image-img attachment-full\" alt=\"\" srcset=\"https:\/\/merianin.de\/wp-content\/uploads\/2020\/04\/radiert.jpg 410w, https:\/\/merianin.de\/wp-content\/uploads\/2020\/04\/radiert-205x300.jpg 205w\" sizes=\"auto, (max-width: 410px) 100vw, 410px\" \/><\/a>\n\t\t<\/figure>\n\t<\/div>\n<div class=\"vc_empty_space\"   style=\"height: 20px\" ><span class=\"vc_empty_space_inner\"><\/span><\/div>\n\n\t<div class=\"wpb_text_column wpb_content_element\" >\n\t\t<div class=\"wpb_wrapper\">\n\t\t\t<p>On the lower, etched frame we find information on the draughtsman and painter of the model: \u201cGeorg de Marees 1725\u201d (left), as well as the signature of the etcher: \u201cG. D. Heumann 1727\u201d (right).<\/p>\n<p>In the Latin inscription below the portrait it can clearly be read that the husband of the lady in the image was the famous (Joachim von) Sandrart (1606-1688):<\/p>\n\n\t\t<\/div>\n\t<\/div>\n<div class=\"vc_empty_space\"   style=\"height: 20px\" ><span class=\"vc_empty_space_inner\"><\/span><\/div>\n\n\t<div  class=\"wpb_single_image wpb_content_element vc_align_left\">\n\t\t\n\t\t<figure class=\"wpb_wrapper vc_figure\">\n\t\t\t<a data-rel=\"prettyPhoto[rel-3586-1554552102]\" href=\"https:\/\/merianin.de\/wp-content\/uploads\/2020\/04\/celebri.jpg\" target=\"_self\" class=\"vc_single_image-wrapper vc_box_border  vc_box_border_grey prettyphoto\"><img loading=\"lazy\" decoding=\"async\" width=\"300\" height=\"35\" src=\"https:\/\/merianin.de\/wp-content\/uploads\/2020\/04\/celebri-300x35.jpg\" class=\"vc_single_image-img attachment-medium\" alt=\"\" srcset=\"https:\/\/merianin.de\/wp-content\/uploads\/2020\/04\/celebri-300x35.jpg 300w, https:\/\/merianin.de\/wp-content\/uploads\/2020\/04\/celebri.jpg 652w\" sizes=\"auto, (max-width: 300px) 100vw, 300px\" \/><\/a>\n\t\t<\/figure>\n\t<\/div>\n<\/div><\/div><\/div><\/div><div class=\"vc_empty_space\"   style=\"height: 20px\" ><span class=\"vc_empty_space_inner\"><\/span><\/div>\n\n\t<div class=\"wpb_text_column wpb_content_element\" >\n\t\t<div class=\"wpb_wrapper\">\n\t\t\t<p>In fact her date of birth was etched on the copper plate: \"Nata. d. 7. Jun. 1653\". Confusion of the subject with Maria Sibylla Merian was, therefore, not really possible, but the print could enjoy better sales and at a higher price if it was presented as a depiction of M. S. Merian after the lower part with the inscription had been cut off.<\/p>\n<p>Even with the correct identity, the etching remains valuable for research on Merian\u2019s Nuremberg background: in those days, queens and princesses were indeed portrayed, but such a high-quality etching for a woman like Frau Sandrart was an unusual honour at that time and shows that other women, too, were actually respected personalities in Nuremberg around 1700.<\/p>\n<p>Frau Sandrart was a very educated woman with a large collection of natural objects, a real \u201cCabinet of Curiosities\u201d. Her even more famous husband had appointed her his universal heir. On the etching she is portrayed as an expert butterfly collector. She was only four years younger than Maria Sibylla Merian and probably one of her good customers.<\/p>\n\n\t\t<\/div>\n\t<\/div>\n<\/div><\/div><\/div><\/div><\/div><\/div><div class=\"mkdf-row-grid-section-wrapper\"  style=\"background-color:#cdd6d5\"><div class=\"mkdf-row-grid-section\"><div class=\"vc_row wpb_row vc_row-fluid vc_custom_1586348491762\" ><div class=\"wpb_column vc_column_container vc_col-sm-12\"><div class=\"vc_column-inner\"><div class=\"wpb_wrapper\"><div class=\"vc_row wpb_row vc_inner vc_row-fluid\" ><div class=\"wpb_column vc_column_container vc_col-sm-12\"><div class=\"vc_column-inner\"><div class=\"wpb_wrapper\">\n\t<div class=\"wpb_text_column wpb_content_element\" >\n\t\t<div class=\"wpb_wrapper\">\n\t\t\t<h3 class=\"mkdf-st-text\" style=\"text-align: center;\">A FRENCH PAINTER AS THE ALTER EGO OF M. S. MERIAN<\/h3>\n\n\t\t<\/div>\n\t<\/div>\n<div class=\"vc_empty_space\"   style=\"height: 40px\" ><span class=\"vc_empty_space_inner\"><\/span><\/div>\n\n\t<div class=\"wpb_text_column wpb_content_element\" >\n\t\t<div class=\"wpb_wrapper\">\n\t\t\t<p>Another, very astonishing \"transfer of identity\" happened with a painting by Jean Baptiste Santerre, which was painted during Merian's lifetime. The young, attractive woman sits model for the painter in a way that does not fit M. S. Merian at all. Even the painter's palette would be out of place with Merian, because she did not paint in oil but in watercolours.<\/p>\n\n\t\t<\/div>\n\t<\/div>\n<div class=\"vc_empty_space\"   style=\"height: 20px\" ><span class=\"vc_empty_space_inner\"><\/span><\/div>\n<\/div><\/div><\/div><\/div><div class=\"vc_row wpb_row vc_inner vc_row-fluid\" ><div class=\"wpb_column vc_column_container vc_col-sm-3\"><div class=\"vc_column-inner\"><div class=\"wpb_wrapper\">\n\t<div  class=\"wpb_single_image wpb_content_element vc_align_left\">\n\t\t\n\t\t<figure class=\"wpb_wrapper vc_figure\">\n\t\t\t<a data-rel=\"prettyPhoto[rel-3586-109574380]\" href=\"https:\/\/merianin.de\/wp-content\/uploads\/2020\/04\/buch1.jpg\" target=\"_self\" class=\"vc_single_image-wrapper vc_box_border  vc_box_border_grey prettyphoto\"><img loading=\"lazy\" decoding=\"async\" width=\"204\" height=\"250\" src=\"https:\/\/merianin.de\/wp-content\/uploads\/2020\/04\/buch1.jpg\" class=\"vc_single_image-img attachment-full\" alt=\"\" \/><\/a>\n\t\t<\/figure>\n\t<\/div>\n<div class=\"vc_empty_space\"   style=\"height: 20px\" ><span class=\"vc_empty_space_inner\"><\/span><\/div>\n\n\t<div class=\"wpb_text_column wpb_content_element\" >\n\t\t<div class=\"wpb_wrapper\">\n\t\t\t<p>Artist: Jean Baptiste Santerre (1651-1717) Portrait of his \"Muse\", pupil and general heiress, Genevi\u00e8ve Blanchot, alias Godon<\/p>\n\n\t\t<\/div>\n\t<\/div>\n<\/div><\/div><\/div><div class=\"wpb_column vc_column_container vc_col-sm-3\"><div class=\"vc_column-inner\"><div class=\"wpb_wrapper\">\n\t<div  class=\"wpb_single_image wpb_content_element vc_align_left\">\n\t\t\n\t\t<figure class=\"wpb_wrapper vc_figure\">\n\t\t\t<a data-rel=\"prettyPhoto[rel-3586-1459284268]\" href=\"https:\/\/merianin.de\/wp-content\/uploads\/2020\/04\/buch2-1.jpg\" target=\"_self\" class=\"vc_single_image-wrapper vc_box_border  vc_box_border_grey prettyphoto\"><img loading=\"lazy\" decoding=\"async\" width=\"204\" height=\"250\" src=\"https:\/\/merianin.de\/wp-content\/uploads\/2020\/04\/buch2-1.jpg\" class=\"vc_single_image-img attachment-full\" alt=\"\" \/><\/a>\n\t\t<\/figure>\n\t<\/div>\n<div class=\"vc_empty_space\"   style=\"height: 20px\" ><span class=\"vc_empty_space_inner\"><\/span><\/div>\n\n\t<div class=\"wpb_text_column wpb_content_element\" >\n\t\t<div class=\"wpb_wrapper\">\n\t\t\t<p>Very popular etching by Johannes Caspar Eissenhardt (1824-1896) after the painting by Santerre, expressly identified as MARIA SIBYLLA MERIAN<\/p>\n\n\t\t<\/div>\n\t<\/div>\n<\/div><\/div><\/div><div class=\"wpb_column vc_column_container vc_col-sm-3\"><div class=\"vc_column-inner\"><div class=\"wpb_wrapper\">\n\t<div  class=\"wpb_single_image wpb_content_element vc_align_left\">\n\t\t\n\t\t<figure class=\"wpb_wrapper vc_figure\">\n\t\t\t<a data-rel=\"prettyPhoto[rel-3586-1866490616]\" href=\"https:\/\/merianin.de\/wp-content\/uploads\/2020\/04\/buch3-1.jpg\" target=\"_self\" class=\"vc_single_image-wrapper vc_box_border  vc_box_border_grey prettyphoto\"><img loading=\"lazy\" decoding=\"async\" width=\"165\" height=\"250\" src=\"https:\/\/merianin.de\/wp-content\/uploads\/2020\/04\/buch3-1.jpg\" class=\"vc_single_image-img attachment-full\" alt=\"\" \/><\/a>\n\t\t<\/figure>\n\t<\/div>\n<div class=\"vc_empty_space\"   style=\"height: 20px\" ><span class=\"vc_empty_space_inner\"><\/span><\/div>\n\n\t<div class=\"wpb_text_column wpb_content_element\" >\n\t\t<div class=\"wpb_wrapper\">\n\t\t\t<p>Merian biography, published in 1999<\/p>\n<p>ISBN 3492225810<\/p>\n\n\t\t<\/div>\n\t<\/div>\n<\/div><\/div><\/div><div class=\"wpb_column vc_column_container vc_col-sm-3\"><div class=\"vc_column-inner\"><div class=\"wpb_wrapper\">\n\t<div  class=\"wpb_single_image wpb_content_element vc_align_left\">\n\t\t\n\t\t<figure class=\"wpb_wrapper vc_figure\">\n\t\t\t<a data-rel=\"prettyPhoto[rel-3586-1453467903]\" href=\"https:\/\/merianin.de\/wp-content\/uploads\/2020\/04\/buch4-1.jpg\" target=\"_self\" class=\"vc_single_image-wrapper vc_box_border  vc_box_border_grey prettyphoto\"><img loading=\"lazy\" decoding=\"async\" width=\"165\" height=\"250\" src=\"https:\/\/merianin.de\/wp-content\/uploads\/2020\/04\/buch4-1.jpg\" class=\"vc_single_image-img attachment-full\" alt=\"\" \/><\/a>\n\t\t<\/figure>\n\t<\/div>\n<div class=\"vc_empty_space\"   style=\"height: 20px\" ><span class=\"vc_empty_space_inner\"><\/span><\/div>\n\n\t<div class=\"wpb_text_column wpb_content_element\" >\n\t\t<div class=\"wpb_wrapper\">\n\t\t\t<p>Merian biography, published in 2002<\/p>\n<p>ISBN: 9783100415073<\/p>\n\n\t\t<\/div>\n\t<\/div>\n<\/div><\/div><\/div><\/div><\/div><\/div><\/div><\/div><\/div><\/div><div class=\"mkdf-row-grid-section-wrapper\"  ><div class=\"mkdf-row-grid-section\"><div class=\"vc_row wpb_row vc_row-fluid vc_custom_1586870938827\" ><div class=\"wpb_column vc_column_container vc_col-sm-12\"><div class=\"vc_column-inner\"><div class=\"wpb_wrapper\">\n\t<div class=\"wpb_text_column wpb_content_element\" >\n\t\t<div class=\"wpb_wrapper\">\n\t\t\t<h3 class=\"mkdf-st-text\" style=\"text-align: center;\">CONFUSION WITH HER OLDER HALF-BROTHER JOACHIM<\/h3>\n\n\t\t<\/div>\n\t<\/div>\n<div class=\"vc_empty_space\"   style=\"height: 40px\" ><span class=\"vc_empty_space_inner\"><\/span><\/div>\n<div class=\"vc_row wpb_row vc_inner vc_row-fluid\" ><div class=\"wpb_column vc_column_container vc_col-sm-6\"><div class=\"vc_column-inner\"><div class=\"wpb_wrapper\">\n\t<div  class=\"wpb_single_image wpb_content_element vc_align_left\">\n\t\t\n\t\t<figure class=\"wpb_wrapper vc_figure\">\n\t\t\t<a data-rel=\"prettyPhoto[rel-3586-2086770699]\" href=\"https:\/\/merianin.de\/wp-content\/uploads\/2020\/04\/Merian-Familie-neu-1024x861.jpg\" target=\"_self\" class=\"vc_single_image-wrapper vc_box_border  vc_box_border_grey prettyphoto\"><img loading=\"lazy\" decoding=\"async\" width=\"2283\" height=\"1920\" src=\"https:\/\/merianin.de\/wp-content\/uploads\/2020\/04\/Merian-Familie-neu-scaled.jpg\" class=\"vc_single_image-img attachment-full\" alt=\"\" srcset=\"https:\/\/merianin.de\/wp-content\/uploads\/2020\/04\/Merian-Familie-neu-scaled.jpg 2283w, https:\/\/merianin.de\/wp-content\/uploads\/2020\/04\/Merian-Familie-neu-300x252.jpg 300w, https:\/\/merianin.de\/wp-content\/uploads\/2020\/04\/Merian-Familie-neu-1024x861.jpg 1024w, https:\/\/merianin.de\/wp-content\/uploads\/2020\/04\/Merian-Familie-neu-768x646.jpg 768w, https:\/\/merianin.de\/wp-content\/uploads\/2020\/04\/Merian-Familie-neu-1536x1292.jpg 1536w\" sizes=\"auto, (max-width: 2283px) 100vw, 2283px\" \/><\/a>\n\t\t<\/figure>\n\t<\/div>\n\n\t<div class=\"wpb_text_column wpb_content_element\" >\n\t\t<div class=\"wpb_wrapper\">\n\t\t\t<p><em>Matth\u00e4us Merian the Elder in his family circle;  \nbelow right  the youngest son Joachim <\/em>(3)<em><br \/>\n<\/em><\/p>\n<p><em>Painter: Matth\u00e4us Merian the Younger (young man \non the left side)<\/em><\/p>\n\n\t\t<\/div>\n\t<\/div>\n<div class=\"vc_empty_space\"   style=\"height: 40px\" ><span class=\"vc_empty_space_inner\"><\/span><\/div>\n<\/div><\/div><\/div><div class=\"wpb_column vc_column_container vc_col-sm-6\"><div class=\"vc_column-inner\"><div class=\"wpb_wrapper\">\n\t<div class=\"wpb_text_column wpb_content_element\" >\n\t\t<div class=\"wpb_wrapper\">\n\t\t\t<p>The wish of many admirers to imagine this extraordinary artist and naturalist as accurately as possible was \u201cfulfilled\u201d by a fictitious child portrait of Maria Sibylla, in the picture with Matth\u00e4us Merian the Elder (1583-1659) and his first wife Maria Magdalena (1598-1645) in the midst of their children. (1) The youngest son, Joachim (1635-1701), was presented as Maria Sibylla.<\/p>\n\n\t\t<\/div>\n\t<\/div>\n<div class=\"vc_empty_space\"   style=\"height: 20px\" ><span class=\"vc_empty_space_inner\"><\/span><\/div>\n\n\t<div class=\"wpb_text_column wpb_content_element\" >\n\t\t<div class=\"wpb_wrapper\">\n\t\t\t<p>However, when the picture was painted, she was not yet born. In the lower right corner, it is not her we see, but her half-brother Joachim, older by twelve years, who hauls the enormous, imposing, antique plaster head into the picture. When he was ten years old, his mother died and his widowed father married his second wife Johanna Sibylla (1620-1690). One year later Maria Sibylla was born.<\/p>\n\n\t\t<\/div>\n\t<\/div>\n<\/div><\/div><\/div><\/div><div class=\"vc_row wpb_row vc_inner vc_row-fluid\" ><div class=\"wpb_column vc_column_container vc_col-sm-12\"><div class=\"vc_column-inner\"><div class=\"wpb_wrapper\"><div class=\"vc_message_box vc_message_box-standard vc_message_box-rounded vc_color-chino\" >\n\t<div class=\"vc_message_box-icon\"><i class=\"fa fa-info-circle\"><\/i>\n\t<\/div><ol>\n<li><a href=\"https:\/\/commons.wikimedia.org\/wiki\/File:Esther_Barbara_von_Sandrart.jpg\">https:\/\/commons.wikimedia.org\/wiki\/File:Esther_Barbara_von_Sandrart.jpg<\/a><\/li>\n<li>Radierung, Platte 35,7 x 25,2 cm, mit freundlicher Genehmigung: Germanisches Nationalmuseum N\u00fcrnberg, Inv. Nr. 15244<\/li>\n<li>Cf. information in the online-catalogue of the fine Arts Museum Basel: Matth\u00e4us Merian the Younger, portrait of the Merian family, oil on canvas, 118.7 x 140 cm; \u00a9 Kunstmuseum Basel, inv. no. 2318, photo Martin P. B\u00fchler, donated by Prof. Dr. Ernst St\u00e4helin-Kutter (1953), photographer: Martin P. B\u00fchler, Inv.-No. 2318<\/li>\n<\/ol>\n<\/div>\n<\/div><\/div><\/div><\/div><\/div><\/div><\/div><\/div><\/div><\/div>","protected":false},"excerpt":{"rendered":"Identit\u00e4t vertauscht Fremde Gesichter als Vorlagen f\u00fcr Merianin-Portraits Bis vor wenigen Jahren, also sogar nach 2010, wurden die meisten Artikel im Internet \u00fcber die Merianin mit einem farbenfrohen Bild von \u201ede B\u00e2le\u201c illustriert. (1) Dieser Maler konnte bisher nicht identifiziert werden. Sein Gem\u00e4lde wird zwar auch bei Wikisource gelistet, aber mit dem Zusatz, [...]","protected":false},"author":2,"featured_media":0,"parent":23,"menu_order":0,"comment_status":"closed","ping_status":"closed","template":"full-width.php","meta":{"footnotes":""},"class_list":["post-3586","page","type-page","status-publish","hentry"],"yoast_head":"<!-- This site is optimized with the Yoast SEO plugin v26.1.1 - https:\/\/yoast.com\/wordpress\/plugins\/seo\/ -->\n<title>Fiktive Portraits - merianin.de<\/title>\n<meta name=\"robots\" content=\"index, follow, max-snippet:-1, max-image-preview:large, max-video-preview:-1\" \/>\n<link rel=\"canonical\" href=\"https:\/\/merianin.de\/en\/home\/fiktive-portraits\/\" \/>\n<meta property=\"og:locale\" content=\"en_US\" \/>\n<meta property=\"og:type\" content=\"article\" \/>\n<meta property=\"og:title\" content=\"Fiktive Portraits - merianin.de\" \/>\n<meta property=\"og:url\" content=\"https:\/\/merianin.de\/en\/home\/fiktive-portraits\/\" \/>\n<meta property=\"og:site_name\" content=\"merianin.de\" \/>\n<meta property=\"article:modified_time\" content=\"2021-02-09T14:04:02+00:00\" \/>\n<meta name=\"twitter:card\" content=\"summary_large_image\" \/>\n<meta name=\"twitter:label1\" content=\"Est. reading time\" \/>\n\t<meta name=\"twitter:data1\" content=\"4 minutes\" \/>\n<script type=\"application\/ld+json\" class=\"yoast-schema-graph\">{\"@context\":\"https:\/\/schema.org\",\"@graph\":[{\"@type\":\"WebPage\",\"@id\":\"https:\/\/merianin.de\/home\/fiktive-portraits\/\",\"url\":\"https:\/\/merianin.de\/home\/fiktive-portraits\/\",\"name\":\"Fiktive Portraits - merianin.de\",\"isPartOf\":{\"@id\":\"https:\/\/merianin.de\/#website\"},\"datePublished\":\"2020-04-09T09:56:58+00:00\",\"dateModified\":\"2021-02-09T14:04:02+00:00\",\"breadcrumb\":{\"@id\":\"https:\/\/merianin.de\/home\/fiktive-portraits\/#breadcrumb\"},\"inLanguage\":\"en-US\",\"potentialAction\":[{\"@type\":\"ReadAction\",\"target\":[\"https:\/\/merianin.de\/home\/fiktive-portraits\/\"]}]},{\"@type\":\"BreadcrumbList\",\"@id\":\"https:\/\/merianin.de\/home\/fiktive-portraits\/#breadcrumb\",\"itemListElement\":[{\"@type\":\"ListItem\",\"position\":1,\"name\":\"Startseite\",\"item\":\"https:\/\/merianin.de\/\"},{\"@type\":\"ListItem\",\"position\":2,\"name\":\"Home\",\"item\":\"https:\/\/merianin.de\/\"},{\"@type\":\"ListItem\",\"position\":3,\"name\":\"Fiktive Portraits\"}]},{\"@type\":\"WebSite\",\"@id\":\"https:\/\/merianin.de\/#website\",\"url\":\"https:\/\/merianin.de\/\",\"name\":\"merianin.de\",\"description\":\"MARIA SIBYLLA MERIAN\",\"potentialAction\":[{\"@type\":\"SearchAction\",\"target\":{\"@type\":\"EntryPoint\",\"urlTemplate\":\"https:\/\/merianin.de\/?s={search_term_string}\"},\"query-input\":{\"@type\":\"PropertyValueSpecification\",\"valueRequired\":true,\"valueName\":\"search_term_string\"}}],\"inLanguage\":\"en-US\"}]}<\/script>\n<!-- \/ Yoast SEO plugin. -->","yoast_head_json":{"title":"Fiktive Portraits - merianin.de","robots":{"index":"index","follow":"follow","max-snippet":"max-snippet:-1","max-image-preview":"max-image-preview:large","max-video-preview":"max-video-preview:-1"},"canonical":"https:\/\/merianin.de\/en\/home\/fiktive-portraits\/","og_locale":"en_US","og_type":"article","og_title":"Fiktive Portraits - merianin.de","og_url":"https:\/\/merianin.de\/en\/home\/fiktive-portraits\/","og_site_name":"merianin.de","article_modified_time":"2021-02-09T14:04:02+00:00","twitter_card":"summary_large_image","twitter_misc":{"Est. reading time":"4 minutes"},"schema":{"@context":"https:\/\/schema.org","@graph":[{"@type":"WebPage","@id":"https:\/\/merianin.de\/home\/fiktive-portraits\/","url":"https:\/\/merianin.de\/home\/fiktive-portraits\/","name":"Fiktive Portraits - merianin.de","isPartOf":{"@id":"https:\/\/merianin.de\/#website"},"datePublished":"2020-04-09T09:56:58+00:00","dateModified":"2021-02-09T14:04:02+00:00","breadcrumb":{"@id":"https:\/\/merianin.de\/home\/fiktive-portraits\/#breadcrumb"},"inLanguage":"en-US","potentialAction":[{"@type":"ReadAction","target":["https:\/\/merianin.de\/home\/fiktive-portraits\/"]}]},{"@type":"BreadcrumbList","@id":"https:\/\/merianin.de\/home\/fiktive-portraits\/#breadcrumb","itemListElement":[{"@type":"ListItem","position":1,"name":"Startseite","item":"https:\/\/merianin.de\/"},{"@type":"ListItem","position":2,"name":"Home","item":"https:\/\/merianin.de\/"},{"@type":"ListItem","position":3,"name":"Fiktive Portraits"}]},{"@type":"WebSite","@id":"https:\/\/merianin.de\/#website","url":"https:\/\/merianin.de\/","name":"merianin.de","description":"MARIA SIBYLLA MERIAN","potentialAction":[{"@type":"SearchAction","target":{"@type":"EntryPoint","urlTemplate":"https:\/\/merianin.de\/?s={search_term_string}"},"query-input":{"@type":"PropertyValueSpecification","valueRequired":true,"valueName":"search_term_string"}}],"inLanguage":"en-US"}]}},"_links":{"self":[{"href":"https:\/\/merianin.de\/en\/wp-json\/wp\/v2\/pages\/3586","targetHints":{"allow":["GET"]}}],"collection":[{"href":"https:\/\/merianin.de\/en\/wp-json\/wp\/v2\/pages"}],"about":[{"href":"https:\/\/merianin.de\/en\/wp-json\/wp\/v2\/types\/page"}],"author":[{"embeddable":true,"href":"https:\/\/merianin.de\/en\/wp-json\/wp\/v2\/users\/2"}],"replies":[{"embeddable":true,"href":"https:\/\/merianin.de\/en\/wp-json\/wp\/v2\/comments?post=3586"}],"version-history":[{"count":46,"href":"https:\/\/merianin.de\/en\/wp-json\/wp\/v2\/pages\/3586\/revisions"}],"predecessor-version":[{"id":5200,"href":"https:\/\/merianin.de\/en\/wp-json\/wp\/v2\/pages\/3586\/revisions\/5200"}],"up":[{"embeddable":true,"href":"https:\/\/merianin.de\/en\/wp-json\/wp\/v2\/pages\/23"}],"wp:attachment":[{"href":"https:\/\/merianin.de\/en\/wp-json\/wp\/v2\/media?parent=3586"}],"curies":[{"name":"wp","href":"https:\/\/api.w.org\/{rel}","templated":true}]}}