{"id":3566,"date":"2020-04-08T14:01:02","date_gmt":"2020-04-08T12:01:02","guid":{"rendered":"http:\/\/merianin.de\/?page_id=3566"},"modified":"2021-01-28T08:08:51","modified_gmt":"2021-01-28T07:08:51","slug":"aus-alt-wird-jung","status":"publish","type":"page","link":"https:\/\/merianin.de\/en\/home\/aus-alt-wird-jung\/","title":{"rendered":"Age turns into Youth"},"content":{"rendered":"<div class=\"mkdf-row-grid-section-wrapper\"  ><div class=\"mkdf-row-grid-section\"><div class=\"vc_row wpb_row vc_row-fluid vc_custom_1586159088858\" ><div class=\"wpb_column vc_column_container vc_col-sm-12\"><div class=\"vc_column-inner\"><div class=\"wpb_wrapper\"><div class=\"mkdf-section-title-holder\" style=\"text-align: center\">\n\t<div class=\"mkdf-st-inner\">\n                <span class=\"mkdf-st-tagline-text\" >\n            Imaginative Inventions        <\/span>\n    \t\t\t\t\t<h2 class=\"mkdf-st-title\" >\n\t\t\t\tFICTIONAL \"BEAUTIFICATION\" OF HER PORTRAIT IN OLD AGE\t\t\t<\/h2>\n\t\t\t\t\t<\/div>\n<\/div><div class=\"vc_empty_space\"   style=\"height: 40px\" ><span class=\"vc_empty_space_inner\"><\/span><\/div>\n\n\t<div class=\"wpb_text_column wpb_content_element\" >\n\t\t<div class=\"wpb_wrapper\">\n\t\t\t<p>In the etching from the joint Dutch edition of all the three Caterpillar Books (1717) Maria Sibylle Merian appears harsh, and even repellent to some, if the print is not coloured and the black lines dominate. This is why many artists have tried to take the portrait of her as an old lady as a blueprint and to develop a younger, ideal image. The wish for a portrait of Maria Sibylle Merian at the height of her creativity was understandably huge. The choice of images enhanced by such fictitious \"rejuvenation\" is almost unlimited.<\/p>\n<p>They reflect both the different perception on the part of the various artists and the fashion of their own times. This applies both to her clothing and to the decorative objects arranged around her.<\/p>\n<p>Two of the most popular examples date from the Rococo and show an astonishing variety, although they were created around 1760, only 14 years apart.<\/p>\n\n\t\t<\/div>\n\t<\/div>\n<div class=\"vc_empty_space\"   style=\"height: 20px\" ><span class=\"vc_empty_space_inner\"><\/span><\/div>\n<div class=\"vc_row wpb_row vc_inner vc_row-fluid\" ><div class=\"wpb_column vc_column_container vc_col-sm-6\"><div class=\"vc_column-inner\"><div class=\"wpb_wrapper\">\n\t<div  class=\"wpb_single_image wpb_content_element vc_align_left\">\n\t\t\n\t\t<figure class=\"wpb_wrapper vc_figure\">\n\t\t\t<a data-rel=\"prettyPhoto[rel-3566-1188424710]\" href=\"https:\/\/merianin.de\/wp-content\/uploads\/2020\/05\/F\u00dcSSLI_Johann-Rudolf_M_S_MERIAN_-Portr_M387_4-717x1024.jpg\" target=\"_self\" class=\"vc_single_image-wrapper vc_box_border  vc_box_border_grey prettyphoto\"><img loading=\"lazy\" decoding=\"async\" class=\"vc_single_image-img\" src=\"https:\/\/merianin.de\/wp-content\/uploads\/2020\/05\/F\u00dcSSLI_Johann-Rudolf_M_S_MERIAN_-Portr_M387_4-420x600.jpg\" width=\"420\" height=\"600\" alt=\"F\u00dcSSLI_Johann-Rudolf_M_S_MERIAN_ Portr_M387_4\" title=\"F\u00dcSSLI_Johann-Rudolf_M_S_MERIAN_ Portr_M387_4\" \/><\/a>\n\t\t<\/figure>\n\t<\/div>\n\n\t<div class=\"wpb_text_column wpb_content_element\" >\n\t\t<div class=\"wpb_wrapper\">\n\t\t\t<p><em>Johann Rudolf F\u00fc\u00dfli, rejuvenated Portrait of Maria Sibylla Merian, Etching in: Johann Caspar F\u00fc\u00dfli, Geschichte und Abbildung der besten Mahler in der Schweitz, Part 1 (Z\u00fcrich 1755) <\/em>(1)<\/p>\n\n\t\t<\/div>\n\t<\/div>\n<\/div><\/div><\/div><div class=\"wpb_column vc_column_container vc_col-sm-6\"><div class=\"vc_column-inner\"><div class=\"wpb_wrapper\">\n\t<div  class=\"wpb_single_image wpb_content_element vc_align_left\">\n\t\t\n\t\t<figure class=\"wpb_wrapper vc_figure\">\n\t\t\t<a data-rel=\"prettyPhoto[rel-3566-986015426]\" href=\"https:\/\/merianin.de\/wp-content\/uploads\/2020\/04\/verj\u00fcngt2.jpg\" target=\"_self\" class=\"vc_single_image-wrapper vc_box_border  vc_box_border_grey prettyphoto\"><img loading=\"lazy\" decoding=\"async\" width=\"513\" height=\"600\" src=\"https:\/\/merianin.de\/wp-content\/uploads\/2020\/04\/verj\u00fcngt2.jpg\" class=\"vc_single_image-img attachment-full\" alt=\"\" srcset=\"https:\/\/merianin.de\/wp-content\/uploads\/2020\/04\/verj\u00fcngt2.jpg 513w, https:\/\/merianin.de\/wp-content\/uploads\/2020\/04\/verj\u00fcngt2-257x300.jpg 257w\" sizes=\"auto, (max-width: 513px) 100vw, 513px\" \/><\/a>\n\t\t<\/figure>\n\t<\/div>\n\n\t<div class=\"wpb_text_column wpb_content_element\" >\n\t\t<div class=\"wpb_wrapper\">\n\t\t\t<p><em>Johann Rudolf Schellenberg, Verj\u00fcngtes Bildnis der Maria Sibylla Merian, Radierung in: Johann Caspar F\u00fc\u00dfli, Geschichte und Abbildung der besten Mahler in der Schweitz, Zweyter Band, Z\u00fcrich 1769 <\/em>(2)<em><br \/>\n<\/em><\/p>\n\n\t\t<\/div>\n\t<\/div>\n<\/div><\/div><\/div><\/div><div class=\"vc_empty_space\"   style=\"height: 20px\" ><span class=\"vc_empty_space_inner\"><\/span><\/div>\n\n\t<div class=\"wpb_text_column wpb_content_element\" >\n\t\t<div class=\"wpb_wrapper\">\n\t\t\t<p>The plain portrait (left) was selected for the online dual exhibition of works by Johann Andreas Graff at Google Arts &amp; Culture, which has been available since 2019 and can be clicked on at any time. The merry picture with the playful putti (right) was the opener to an exhibition in the Nuremberg City Archive which was dedicated to Merian\u2019s time in this city (2017) and was adorned for this purpose with a lavish frame.<\/p>\n\n\t\t<\/div>\n\t<\/div>\n<\/div><\/div><\/div><\/div><\/div><\/div><div class=\"mkdf-row-grid-section-wrapper\"  style=\"background-color:#cdd6d5\"><div class=\"mkdf-row-grid-section\"><div class=\"vc_row wpb_row vc_row-fluid vc_custom_1586348491762\" ><div class=\"wpb_column vc_column_container vc_col-sm-12\"><div class=\"vc_column-inner\"><div class=\"wpb_wrapper\"><div class=\"vc_row wpb_row vc_inner vc_row-fluid\" ><div class=\"wpb_column vc_column_container vc_col-sm-12\"><div class=\"vc_column-inner\"><div class=\"wpb_wrapper\">\n\t<div class=\"wpb_text_column wpb_content_element\" >\n\t\t<div class=\"wpb_wrapper\">\n\t\t\t<p>In the course of her life, M. S. Merian became a business woman, but she would certainly never have dreamed that her portrait could even be found on means of payment:<\/p>\n\n\t\t<\/div>\n\t<\/div>\n<div class=\"vc_empty_space\"   style=\"height: 40px\" ><span class=\"vc_empty_space_inner\"><\/span><\/div>\n<\/div><\/div><\/div><\/div><div class=\"vc_row wpb_row vc_inner vc_row-fluid\" ><div class=\"wpb_column vc_column_container vc_col-sm-4\"><div class=\"vc_column-inner\"><div class=\"wpb_wrapper\">\n\t<div  class=\"wpb_single_image wpb_content_element vc_align_center\">\n\t\t\n\t\t<figure class=\"wpb_wrapper vc_figure\">\n\t\t\t<a data-rel=\"prettyPhoto[rel-3566-756204515]\" href=\"https:\/\/merianin.de\/wp-content\/uploads\/2020\/04\/500dm-1024x480.jpg\" target=\"_self\" class=\"vc_single_image-wrapper vc_box_border  vc_box_border_grey prettyphoto\"><img loading=\"lazy\" decoding=\"async\" width=\"1920\" height=\"900\" src=\"https:\/\/merianin.de\/wp-content\/uploads\/2020\/04\/500dm.jpg\" class=\"vc_single_image-img attachment-full\" alt=\"\" srcset=\"https:\/\/merianin.de\/wp-content\/uploads\/2020\/04\/500dm.jpg 1920w, https:\/\/merianin.de\/wp-content\/uploads\/2020\/04\/500dm-300x141.jpg 300w, https:\/\/merianin.de\/wp-content\/uploads\/2020\/04\/500dm-1024x480.jpg 1024w, https:\/\/merianin.de\/wp-content\/uploads\/2020\/04\/500dm-768x360.jpg 768w, https:\/\/merianin.de\/wp-content\/uploads\/2020\/04\/500dm-1536x720.jpg 1536w\" sizes=\"auto, (max-width: 1920px) 100vw, 1920px\" \/><\/a>\n\t\t<\/figure>\n\t<\/div>\n\n\t<div class=\"wpb_text_column wpb_content_element\" >\n\t\t<div class=\"wpb_wrapper\">\n\t\t\t<p><em>500 \u20ac note until 2002 (introduction of the \u20ac) <\/em><\/p>\n<p><em>Front: Maria Sibylla Merian (1647-1717), painter, etcher and naturalist. In the background: Building in historical Nuremberg<\/em><\/p>\n\n\t\t<\/div>\n\t<\/div>\n<\/div><\/div><\/div><div class=\"wpb_column vc_column_container vc_col-sm-4\"><div class=\"vc_column-inner\"><div class=\"wpb_wrapper\">\n\t<div  class=\"wpb_single_image wpb_content_element vc_align_center\">\n\t\t\n\t\t<figure class=\"wpb_wrapper vc_figure\">\n\t\t\t<a data-rel=\"prettyPhoto[rel-3566-1782959249]\" href=\"https:\/\/merianin.de\/wp-content\/uploads\/2020\/04\/500_DM_Serie4_Rueckseite.jpg\" target=\"_self\" class=\"vc_single_image-wrapper vc_box_border  vc_box_border_grey prettyphoto\"><img loading=\"lazy\" decoding=\"async\" width=\"800\" height=\"373\" src=\"https:\/\/merianin.de\/wp-content\/uploads\/2020\/04\/500_DM_Serie4_Rueckseite.jpg\" class=\"vc_single_image-img attachment-full\" alt=\"\" srcset=\"https:\/\/merianin.de\/wp-content\/uploads\/2020\/04\/500_DM_Serie4_Rueckseite.jpg 800w, https:\/\/merianin.de\/wp-content\/uploads\/2020\/04\/500_DM_Serie4_Rueckseite-300x140.jpg 300w, https:\/\/merianin.de\/wp-content\/uploads\/2020\/04\/500_DM_Serie4_Rueckseite-768x358.jpg 768w\" sizes=\"auto, (max-width: 800px) 100vw, 800px\" \/><\/a>\n\t\t<\/figure>\n\t<\/div>\n\n\t<div class=\"wpb_text_column wpb_content_element\" >\n\t\t<div class=\"wpb_wrapper\">\n\t\t\t<p><em>Back: Caterpillar and butterfly of the \u201cGrey Extensor\" sitting on a dandelion<\/em><\/p>\n\n\t\t<\/div>\n\t<\/div>\n<\/div><\/div><\/div><div class=\"wpb_column vc_column_container vc_col-sm-4\"><div class=\"vc_column-inner\"><div class=\"wpb_wrapper\">\n\t<div  class=\"wpb_single_image wpb_content_element vc_align_center\">\n\t\t\n\t\t<figure class=\"wpb_wrapper vc_figure\">\n\t\t\t<a data-rel=\"prettyPhoto[rel-3566-597353601]\" href=\"https:\/\/merianin.de\/wp-content\/uploads\/2020\/04\/Merian-Briefmarke-1.jpg\" target=\"_self\" class=\"vc_single_image-wrapper vc_box_border  vc_box_border_grey prettyphoto\"><img loading=\"lazy\" decoding=\"async\" width=\"150\" height=\"150\" src=\"https:\/\/merianin.de\/wp-content\/uploads\/2020\/04\/Merian-Briefmarke-1-150x150.jpg\" class=\"vc_single_image-img attachment-thumbnail\" alt=\"\" srcset=\"https:\/\/merianin.de\/wp-content\/uploads\/2020\/04\/Merian-Briefmarke-1-150x150.jpg 150w, https:\/\/merianin.de\/wp-content\/uploads\/2020\/04\/Merian-Briefmarke-1-550x550.jpg 550w\" sizes=\"auto, (max-width: 150px) 100vw, 150px\" \/><\/a>\n\t\t<\/figure>\n\t<\/div>\n\n\t<div class=\"wpb_text_column wpb_content_element\" >\n\t\t<div class=\"wpb_wrapper\">\n\t\t\t<p><em>Long-term stamp from 1987 to 2002 (introduction of the \u20ac); design: Gerd Aretz<\/em><\/p>\n\n\t\t<\/div>\n\t<\/div>\n<\/div><\/div><\/div><\/div><div class=\"vc_empty_space\"   style=\"height: 40px\" ><span class=\"vc_empty_space_inner\"><\/span><\/div>\n\n\t<div class=\"wpb_text_column wpb_content_element\" >\n\t\t<div class=\"wpb_wrapper\">\n\t\t\t<p>Compared with the oil painting of the 32-year-old Maria Sibylla in Basel, these hypothetical rejuvenations may not always seem convincing. Nevertheless, they are interesting additions for scientific research. They show how great and sustained the interest in Merian has been over the centuries.<\/p>\n<p>Every piece of research and every historical novel also reflects the respective spirit of the age. Everyone who studies the extraordinary personality of Maria Sibylla Merian makes \"his or her own image\" of her in words or in the fine arts, one shaped by paintings, drawings, etchings, influenced by the respective \u201cZeitgeist\u201d.<\/p>\n<p>\u201cMERIANIN 2018+\u201d also interferes and has had a letter card printed as a small gift for people who work actively for the protection of insects. On this card, the painter Michael Mathias Prechtl (1926-2003) shows Maria Sibylla Merian in semi-profile in a modern, artistically modified silhouette, hiding her face behind a half-mask in the shape of a butterfly.<\/p>\n\n\t\t<\/div>\n\t<\/div>\n<\/div><\/div><\/div><\/div><\/div><\/div><div class=\"mkdf-row-grid-section-wrapper\"  ><div class=\"mkdf-row-grid-section\"><div class=\"vc_row wpb_row vc_row-fluid vc_custom_1586159584462\" ><div class=\"wpb_column vc_column_container vc_col-sm-12\"><div class=\"vc_column-inner\"><div class=\"wpb_wrapper\"><div class=\"vc_message_box vc_message_box-standard vc_message_box-rounded vc_color-chino\" >\n\t<div class=\"vc_message_box-icon\"><i class=\"fa fa-info-circle\"><\/i>\n\t<\/div><ol>\n<li>Single sheet etching, plate 35,7 x 25,2 cm , courtesy of Kunstsammlungen der Stadt N\u00fcrnberg, inv. no. Portr. M 387,4<\/li>\n<li>Depiction on the title page, Flyer of the exhibition 72: \u201eEine Spurensuche im Stadtarchiv\u201c (A Trace Search in the City Archive), Nuremberg 2017, courtesy of Stadtarchiv Nuremberg; Except from original etching, sig. StadtAN A7\/1892<\/li>\n<\/ol>\n<\/div>\n<\/div><\/div><\/div><\/div><\/div><\/div>","protected":false},"excerpt":{"rendered":"Fantasievolle Erfindungen Fiktive Versch\u00f6nerung ihres Altersportraits Auf dem Kupferstich in der gemeinsamen niederl\u00e4ndischen Ausgabe aller drei Raupenb\u00fccher (1717) wirkt die Merianin streng und auf manche sogar abweisend, wenn der Stich nicht koloriert ist und die schwarzen Linien dominieren. Deshalb haben viele K\u00fcnstler versucht, aus dieser Vorlage ein j\u00fcngeres Idealbild zu entwickeln. Der Wunsch [...]","protected":false},"author":2,"featured_media":0,"parent":23,"menu_order":0,"comment_status":"closed","ping_status":"closed","template":"full-width.php","meta":{"footnotes":""},"class_list":["post-3566","page","type-page","status-publish","hentry"],"yoast_head":"<!-- This site is optimized with the Yoast SEO plugin v26.1.1 - https:\/\/yoast.com\/wordpress\/plugins\/seo\/ -->\n<title>Aus Alt wird Jung - merianin.de<\/title>\n<meta name=\"robots\" content=\"index, follow, max-snippet:-1, max-image-preview:large, max-video-preview:-1\" \/>\n<link rel=\"canonical\" href=\"https:\/\/merianin.de\/en\/home\/aus-alt-wird-jung\/\" \/>\n<meta property=\"og:locale\" content=\"en_US\" \/>\n<meta property=\"og:type\" content=\"article\" \/>\n<meta property=\"og:title\" content=\"Aus Alt wird Jung - merianin.de\" \/>\n<meta property=\"og:url\" content=\"https:\/\/merianin.de\/en\/home\/aus-alt-wird-jung\/\" \/>\n<meta property=\"og:site_name\" content=\"merianin.de\" \/>\n<meta property=\"article:modified_time\" content=\"2021-01-28T07:08:51+00:00\" \/>\n<meta name=\"twitter:card\" content=\"summary_large_image\" \/>\n<meta name=\"twitter:label1\" content=\"Est. reading time\" \/>\n\t<meta name=\"twitter:data1\" content=\"4 minutes\" \/>\n<script type=\"application\/ld+json\" class=\"yoast-schema-graph\">{\"@context\":\"https:\/\/schema.org\",\"@graph\":[{\"@type\":\"WebPage\",\"@id\":\"https:\/\/merianin.de\/home\/aus-alt-wird-jung\/\",\"url\":\"https:\/\/merianin.de\/home\/aus-alt-wird-jung\/\",\"name\":\"Aus Alt wird Jung - merianin.de\",\"isPartOf\":{\"@id\":\"https:\/\/merianin.de\/#website\"},\"datePublished\":\"2020-04-08T12:01:02+00:00\",\"dateModified\":\"2021-01-28T07:08:51+00:00\",\"breadcrumb\":{\"@id\":\"https:\/\/merianin.de\/home\/aus-alt-wird-jung\/#breadcrumb\"},\"inLanguage\":\"en-US\",\"potentialAction\":[{\"@type\":\"ReadAction\",\"target\":[\"https:\/\/merianin.de\/home\/aus-alt-wird-jung\/\"]}]},{\"@type\":\"BreadcrumbList\",\"@id\":\"https:\/\/merianin.de\/home\/aus-alt-wird-jung\/#breadcrumb\",\"itemListElement\":[{\"@type\":\"ListItem\",\"position\":1,\"name\":\"Startseite\",\"item\":\"https:\/\/merianin.de\/\"},{\"@type\":\"ListItem\",\"position\":2,\"name\":\"Home\",\"item\":\"https:\/\/merianin.de\/\"},{\"@type\":\"ListItem\",\"position\":3,\"name\":\"Aus Alt wird Jung\"}]},{\"@type\":\"WebSite\",\"@id\":\"https:\/\/merianin.de\/#website\",\"url\":\"https:\/\/merianin.de\/\",\"name\":\"merianin.de\",\"description\":\"MARIA SIBYLLA MERIAN\",\"potentialAction\":[{\"@type\":\"SearchAction\",\"target\":{\"@type\":\"EntryPoint\",\"urlTemplate\":\"https:\/\/merianin.de\/?s={search_term_string}\"},\"query-input\":{\"@type\":\"PropertyValueSpecification\",\"valueRequired\":true,\"valueName\":\"search_term_string\"}}],\"inLanguage\":\"en-US\"}]}<\/script>\n<!-- \/ Yoast SEO plugin. -->","yoast_head_json":{"title":"Aus Alt wird Jung - merianin.de","robots":{"index":"index","follow":"follow","max-snippet":"max-snippet:-1","max-image-preview":"max-image-preview:large","max-video-preview":"max-video-preview:-1"},"canonical":"https:\/\/merianin.de\/en\/home\/aus-alt-wird-jung\/","og_locale":"en_US","og_type":"article","og_title":"Aus Alt wird Jung - merianin.de","og_url":"https:\/\/merianin.de\/en\/home\/aus-alt-wird-jung\/","og_site_name":"merianin.de","article_modified_time":"2021-01-28T07:08:51+00:00","twitter_card":"summary_large_image","twitter_misc":{"Est. reading time":"4 minutes"},"schema":{"@context":"https:\/\/schema.org","@graph":[{"@type":"WebPage","@id":"https:\/\/merianin.de\/home\/aus-alt-wird-jung\/","url":"https:\/\/merianin.de\/home\/aus-alt-wird-jung\/","name":"Aus Alt wird Jung - merianin.de","isPartOf":{"@id":"https:\/\/merianin.de\/#website"},"datePublished":"2020-04-08T12:01:02+00:00","dateModified":"2021-01-28T07:08:51+00:00","breadcrumb":{"@id":"https:\/\/merianin.de\/home\/aus-alt-wird-jung\/#breadcrumb"},"inLanguage":"en-US","potentialAction":[{"@type":"ReadAction","target":["https:\/\/merianin.de\/home\/aus-alt-wird-jung\/"]}]},{"@type":"BreadcrumbList","@id":"https:\/\/merianin.de\/home\/aus-alt-wird-jung\/#breadcrumb","itemListElement":[{"@type":"ListItem","position":1,"name":"Startseite","item":"https:\/\/merianin.de\/"},{"@type":"ListItem","position":2,"name":"Home","item":"https:\/\/merianin.de\/"},{"@type":"ListItem","position":3,"name":"Aus Alt wird Jung"}]},{"@type":"WebSite","@id":"https:\/\/merianin.de\/#website","url":"https:\/\/merianin.de\/","name":"merianin.de","description":"MARIA SIBYLLA MERIAN","potentialAction":[{"@type":"SearchAction","target":{"@type":"EntryPoint","urlTemplate":"https:\/\/merianin.de\/?s={search_term_string}"},"query-input":{"@type":"PropertyValueSpecification","valueRequired":true,"valueName":"search_term_string"}}],"inLanguage":"en-US"}]}},"_links":{"self":[{"href":"https:\/\/merianin.de\/en\/wp-json\/wp\/v2\/pages\/3566","targetHints":{"allow":["GET"]}}],"collection":[{"href":"https:\/\/merianin.de\/en\/wp-json\/wp\/v2\/pages"}],"about":[{"href":"https:\/\/merianin.de\/en\/wp-json\/wp\/v2\/types\/page"}],"author":[{"embeddable":true,"href":"https:\/\/merianin.de\/en\/wp-json\/wp\/v2\/users\/2"}],"replies":[{"embeddable":true,"href":"https:\/\/merianin.de\/en\/wp-json\/wp\/v2\/comments?post=3566"}],"version-history":[{"count":22,"href":"https:\/\/merianin.de\/en\/wp-json\/wp\/v2\/pages\/3566\/revisions"}],"predecessor-version":[{"id":4191,"href":"https:\/\/merianin.de\/en\/wp-json\/wp\/v2\/pages\/3566\/revisions\/4191"}],"up":[{"embeddable":true,"href":"https:\/\/merianin.de\/en\/wp-json\/wp\/v2\/pages\/23"}],"wp:attachment":[{"href":"https:\/\/merianin.de\/en\/wp-json\/wp\/v2\/media?parent=3566"}],"curies":[{"name":"wp","href":"https:\/\/api.w.org\/{rel}","templated":true}]}}