{"id":3559,"date":"2020-04-06T10:09:13","date_gmt":"2020-04-06T08:09:13","guid":{"rendered":"http:\/\/merianin.de\/?page_id=3559"},"modified":"2021-02-10T09:58:42","modified_gmt":"2021-02-10T08:58:42","slug":"fundstuecke-ohne-original","status":"publish","type":"page","link":"https:\/\/merianin.de\/en\/home\/fundstuecke-ohne-original\/","title":{"rendered":"FINDS WTHOUT ORIGINAL"},"content":{"rendered":"<div class=\"mkdf-row-grid-section-wrapper\"  ><div class=\"mkdf-row-grid-section\"><div class=\"vc_row wpb_row vc_row-fluid vc_custom_1586159088858\" ><div class=\"wpb_column vc_column_container vc_col-sm-12\"><div class=\"vc_column-inner\"><div class=\"wpb_wrapper\"><div class=\"mkdf-section-title-holder\" style=\"text-align: center\">\n\t<div class=\"mkdf-st-inner\">\n                <span class=\"mkdf-st-tagline-text\" >\n            Cleaned or lost        <\/span>\n    \t\t\t\t\t<h2 class=\"mkdf-st-title\" >\n\t\t\t\tLast Traces in Photos\t\t\t<\/h2>\n\t\t\t\t\t<\/div>\n<\/div><div class=\"vc_empty_space\"   style=\"height: 20px\" ><span class=\"vc_empty_space_inner\"><\/span><\/div>\n<div class=\"mkdf-row-grid-section-wrapper\" ><div class=\"mkdf-row-grid-section\"><div class=\"vc_row wpb_row vc_inner vc_row-fluid\" ><div class=\"wpb_column vc_column_container vc_col-sm-12 vc_col-lg-8 vc_col-md-8\"><div class=\"vc_column-inner\"><div class=\"wpb_wrapper\">\n\t<div class=\"wpb_text_column wpb_content_element\" >\n\t\t<div class=\"wpb_wrapper\">\n\t\t\t<p>In 1904 a small oil portrait was donated to the Fine Arts Museum in Basel. (1) At that time, however, it conveyed a different impression from today:  Maria Sibylla Merian wore no earrings and a much more modest pearl necklace.<\/p>\n<p>When the German National Museum in Nuremberg asked to borrow it for an exhibition in Nuremberg to mark the 250th anniversary of Maria Sibylla Merian\u2019s death, the portrait was cleaned in Basel before it was sent on its journey to Nuremberg. To the surprise of all those involved, some of her hair had been painted in to cover the earrings and the raised collar made the pearl necklace appear narrower.<\/p>\n<p>These alterations to the painting were removed when the painting was cleaned. We do not know who was responsible for the overpainting and when it happened, but the inscription on the back is probably connected with it and both date from the time when Sibylla Maria Merian withdrew from the world into the Labadist community in Frisia. At that time she took her maiden name again, which was visible on the back of the painting before the canvas was reinforced.<\/p>\n\n\t\t<\/div>\n\t<\/div>\n<\/div><\/div><\/div><div class=\"wpb_column vc_column_container vc_col-sm-12 vc_col-lg-4 vc_col-md-4\"><div class=\"vc_column-inner\"><div class=\"wpb_wrapper\">\n\t<div  class=\"wpb_single_image wpb_content_element vc_align_center\">\n\t\t\n\t\t<figure class=\"wpb_wrapper vc_figure\">\n\t\t\t<a data-rel=\"prettyPhoto[rel-3559-236867836]\" href=\"https:\/\/merianin.de\/wp-content\/uploads\/2020\/04\/merianin_portrait_sw.jpg\" target=\"_self\" class=\"vc_single_image-wrapper vc_box_border  vc_box_border_grey prettyphoto\"><img loading=\"lazy\" decoding=\"async\" width=\"487\" height=\"600\" src=\"https:\/\/merianin.de\/wp-content\/uploads\/2020\/04\/merianin_portrait_sw.jpg\" class=\"vc_single_image-img attachment-full\" alt=\"\" srcset=\"https:\/\/merianin.de\/wp-content\/uploads\/2020\/04\/merianin_portrait_sw.jpg 487w, https:\/\/merianin.de\/wp-content\/uploads\/2020\/04\/merianin_portrait_sw-244x300.jpg 244w\" sizes=\"auto, (max-width: 487px) 100vw, 487px\" \/><\/a>\n\t\t<\/figure>\n\t<\/div>\n\n\t<div class=\"wpb_text_column wpb_content_element\" >\n\t\t<div class=\"wpb_wrapper\">\n\t\t\t<p><em>State of the oil painting till 1976, Fine Arts Mueum Basel, inv.No. 436<\/em><\/p>\n\n\t\t<\/div>\n\t<\/div>\n<\/div><\/div><\/div><\/div><\/div><\/div><\/div><\/div><\/div><\/div><\/div><\/div><div class=\"mkdf-row-grid-section-wrapper\"  style=\"background-color:#cbd6d2\"><div class=\"mkdf-row-grid-section\"><div class=\"vc_row wpb_row vc_row-fluid vc_custom_1586159103544\" ><div class=\"wpb_column vc_column_container vc_col-sm-4\"><div class=\"vc_column-inner\"><div class=\"wpb_wrapper\">\n\t<div  class=\"wpb_single_image wpb_content_element vc_align_left\">\n\t\t\n\t\t<figure class=\"wpb_wrapper vc_figure\">\n\t\t\t<a data-rel=\"prettyPhoto[rel-3559-824990551]\" href=\"https:\/\/merianin.de\/wp-content\/uploads\/2020\/04\/buch5.jpg\" target=\"_self\" class=\"vc_single_image-wrapper vc_box_border  vc_box_border_grey prettyphoto\"><img loading=\"lazy\" decoding=\"async\" width=\"162\" height=\"250\" src=\"https:\/\/merianin.de\/wp-content\/uploads\/2020\/04\/buch5.jpg\" class=\"vc_single_image-img attachment-full\" alt=\"\" \/><\/a>\n\t\t<\/figure>\n\t<\/div>\n\n\t<div class=\"wpb_text_column wpb_content_element\" >\n\t\t<div class=\"wpb_wrapper\">\n\t\t\t<p><em>1988, ISBN <a href=\"https:\/\/www.zvab.com\/products\/isbn\/9783407806758\/22503772282\">9783407806758<\/a><\/em><\/p>\n\n\t\t<\/div>\n\t<\/div>\n<\/div><\/div><\/div><div class=\"wpb_column vc_column_container vc_col-sm-8\"><div class=\"vc_column-inner\"><div class=\"wpb_wrapper\">\n\t<div class=\"wpb_text_column wpb_content_element\" >\n\t\t<div class=\"wpb_wrapper\">\n\t\t\t<p>The catalogue for the exhibition in Nuremberg had already been printed and shows the earlier state. (2) This should not be dismissed as a falsification. It can also be an indication of a new attitude on the part of S. M. Merian towards her environment and her devotion to the Reformed faith. Therefore, this portrait may particularly appeal to some authors and readers.<\/p>\n\n\t\t<\/div>\n\t<\/div>\n<\/div><\/div><\/div><\/div><\/div><\/div><div class=\"mkdf-row-grid-section-wrapper\"  ><div class=\"mkdf-row-grid-section\"><div class=\"vc_row wpb_row vc_row-fluid vc_custom_1586159088858\" ><div class=\"wpb_column vc_column_container vc_col-sm-12\"><div class=\"vc_column-inner\"><div class=\"wpb_wrapper\"><div class=\"mkdf-row-grid-section-wrapper\" ><div class=\"mkdf-row-grid-section\"><div class=\"vc_row wpb_row vc_inner vc_row-fluid\" ><div class=\"wpb_column vc_column_container vc_col-sm-12 vc_col-lg-8 vc_col-md-8\"><div class=\"vc_column-inner\"><div class=\"wpb_wrapper\">\n\t<div class=\"wpb_text_column wpb_content_element\" >\n\t\t<div class=\"wpb_wrapper\">\n\t\t\t<p>Unfortunately, only poor copies of another important drawing are currently available. The copy of this signed, inked pen drawing from the estate of Prince Paravicini was published twice: in a magazine (1958) (3) and in a Merian biography (1980). (4)<\/p>\n<p>In the signature, there is a reversed \"G\" for the first name Georg, entwined with the first letter of the surname \"Gsell\"; \"delineavit\" defines him as the draughtsman \/ designer.<\/p>\n\n\t\t<\/div>\n\t<\/div>\n<div class=\"vc_empty_space\"   style=\"height: 20px\" ><span class=\"vc_empty_space_inner\"><\/span><\/div>\n\n\t<div  class=\"wpb_single_image wpb_content_element vc_align_left\">\n\t\t\n\t\t<figure class=\"wpb_wrapper vc_figure\">\n\t\t\t<a data-rel=\"prettyPhoto[rel-3559-400712080]\" href=\"https:\/\/merianin.de\/wp-content\/uploads\/2020\/06\/Signatur.jpg\" target=\"_self\" class=\"vc_single_image-wrapper   vc_box_border_grey prettyphoto\"><img loading=\"lazy\" decoding=\"async\" width=\"111\" height=\"42\" src=\"https:\/\/merianin.de\/wp-content\/uploads\/2020\/06\/Signatur.jpg\" class=\"vc_single_image-img attachment-full\" alt=\"\" \/><\/a>\n\t\t<\/figure>\n\t<\/div>\n\n\t<div class=\"wpb_text_column wpb_content_element\" >\n\t\t<div class=\"wpb_wrapper\">\n\t\t\t<div class=\"wpb_text_column wpb_content_element\">\n<div class=\"wpb_wrapper\">\n<p><em>Signature on this drawing: \"GGsell delineavit\u201c<\/em><\/p>\n<\/div>\n<\/div>\n\n\t\t<\/div>\n\t<\/div>\n<div class=\"vc_empty_space\"   style=\"height: 20px\" ><span class=\"vc_empty_space_inner\"><\/span><\/div>\n\n\t<div class=\"wpb_text_column wpb_content_element\" >\n\t\t<div class=\"wpb_wrapper\">\n\t\t\t<p><strong>Poem: Maria Sibilla Merian<\/strong><\/p>\n<p class=\"translation-block\">Where God accepts from man whatever is right, man<br>\nmakes the best of his talents, and lives peacefully with his Creator.<br>\nThus Madame Merian brought the gift of her pencil,<br>\nand caused other art to bear fruit, by presenting the scene<br>\nof wonders created by God\u2019s hand (which she observed in precise detail with her eyes <br>and pursued and increased [her knowledge] deep in America)<br>\nLeave her industry now, for the benefit of this generation,<br>\nwhich, as the small worm shows, strives for transformation.<\/p>\n<p>From the cabinet of Mrs. Koerten Blok<br \/>\nTranslation by this poem Florence Pieters, Amsterdam<\/p>\n\n\t\t<\/div>\n\t<\/div>\n<div class=\"vc_empty_space\"   style=\"height: 20px\" ><span class=\"vc_empty_space_inner\"><\/span><\/div>\n<div class=\"vc_separator wpb_content_element vc_separator_align_center vc_sep_width_100 vc_sep_pos_align_center vc_separator_no_text vc_sep_color_grey\" ><span class=\"vc_sep_holder vc_sep_holder_l\"><span  class=\"vc_sep_line\"><\/span><\/span><span class=\"vc_sep_holder vc_sep_holder_r\"><span  class=\"vc_sep_line\"><\/span><\/span>\n<\/div><div class=\"vc_empty_space\"   style=\"height: 20px\" ><span class=\"vc_empty_space_inner\"><\/span><\/div>\n\n\t<div class=\"wpb_text_column wpb_content_element\" >\n\t\t<div class=\"wpb_wrapper\">\n\t\t\t<p>For several years the widowed Swiss Baroque painter, art consultant and art dealer Georg Gsell (1643-1740) lived with his daughters as tenants in Merian\u2019s house until she died (1717).<\/p>\n<p>After that he emigrated to St. Petersburg in the same year. He was very successful as court painter to the Tsar and built up the Academy of Art together with his second wife, the younger Graf-Merian daughter Dorothea Maria. (5)<\/p>\n<p>A direct comparison of the signed drawing with the copperplate engraving would be helpful, but apparently it is currently out of reach in private ownership. Gsell was close to Maria Sibylla, something also indicated by the poem, and the similarities between the (signed!) drawing and the printed etching are so striking that Gsell must be the designer (\"inventor\") of the etching.<\/p>\n\n\t\t<\/div>\n\t<\/div>\n<\/div><\/div><\/div><div class=\"wpb_column vc_column_container vc_col-sm-12 vc_col-lg-4 vc_col-md-4\"><div class=\"vc_column-inner\"><div class=\"wpb_wrapper\">\n\t<div  class=\"wpb_single_image wpb_content_element vc_align_center\">\n\t\t\n\t\t<figure class=\"wpb_wrapper vc_figure\">\n\t\t\t<a data-rel=\"prettyPhoto[rel-3559-1683172379]\" href=\"https:\/\/merianin.de\/wp-content\/uploads\/2020\/04\/portrait_ciba-670x1024.jpg\" target=\"_self\" class=\"vc_single_image-wrapper   vc_box_border_grey prettyphoto\"><img loading=\"lazy\" decoding=\"async\" width=\"785\" height=\"1200\" src=\"https:\/\/merianin.de\/wp-content\/uploads\/2020\/04\/portrait_ciba.jpg\" class=\"vc_single_image-img attachment-full\" alt=\"\" srcset=\"https:\/\/merianin.de\/wp-content\/uploads\/2020\/04\/portrait_ciba.jpg 785w, https:\/\/merianin.de\/wp-content\/uploads\/2020\/04\/portrait_ciba-196x300.jpg 196w, https:\/\/merianin.de\/wp-content\/uploads\/2020\/04\/portrait_ciba-670x1024.jpg 670w, https:\/\/merianin.de\/wp-content\/uploads\/2020\/04\/portrait_ciba-768x1174.jpg 768w\" sizes=\"auto, (max-width: 785px) 100vw, 785px\" \/><\/a>\n\t\t<\/figure>\n\t<\/div>\n\n\t<div class=\"wpb_text_column wpb_content_element\" >\n\t\t<div class=\"wpb_wrapper\">\n\t\t\t<p><em>Georg Gsell, Ink Pen Drawing with Portrait of M. S. Merian and Eulogy; probably model for Houbraken\u2019s copper etching with her portrait of age<\/em><\/p>\n\n\t\t<\/div>\n\t<\/div>\n<\/div><\/div><\/div><\/div><\/div><\/div><\/div><\/div><\/div><\/div><\/div><\/div><div class=\"mkdf-row-grid-section-wrapper\"  ><div class=\"mkdf-row-grid-section\"><div class=\"vc_row wpb_row vc_row-fluid vc_custom_1586159584462\" ><div class=\"wpb_column vc_column_container vc_col-sm-12\"><div class=\"vc_column-inner\"><div class=\"wpb_wrapper\"><div class=\"vc_message_box vc_message_box-standard vc_message_box-rounded vc_color-chino\" >\n\t<div class=\"vc_message_box-icon\"><i class=\"fa fa-info-circle\"><\/i>\n\t<\/div><ol>\n<li>Cf. Fine Arts Museum Basel, information in online-catalogue, no. 436<\/li>\n<li>R\u00fccker, Elisabeth, Maria Sibylla Merian, Nuremberg 1967<\/li>\n<li>Unternehmenszeitschrift (business journal): \"CIBA-Blatt\u201c, 1958, no. 155, p. 16, fig. 2<\/li>\n<li>Pfister-Burghalter (1980), fig. 59<\/li>\n<li>Davis (1995), p. 201<\/li>\n<\/ol>\n<\/div>\n<\/div><\/div><\/div><\/div><\/div><\/div>","protected":false},"excerpt":{"rendered":"Gereinigt oder verschollen Letzte Spuren in Fotografien 1904 wurde dem Kunstmuseum Basel ein kleines \u00d6lportrait geschenkt. (1) Damals vermittelte es jedoch einen anderen Eindruck als heute: Die Merianin trug keine Ohrringe und eine viel bescheidenere Perlenkette. Als das Germanische Nationalmuseum in N\u00fcrnberg um die Ausleihe f\u00fcr einen Ausstellung in N\u00fcrnberg anl\u00e4sslich der 250. [...]","protected":false},"author":2,"featured_media":0,"parent":23,"menu_order":0,"comment_status":"closed","ping_status":"closed","template":"full-width.php","meta":{"footnotes":""},"class_list":["post-3559","page","type-page","status-publish","hentry"],"yoast_head":"<!-- This site is optimized with the Yoast SEO plugin v26.1.1 - https:\/\/yoast.com\/wordpress\/plugins\/seo\/ -->\n<title>Fundst\u00fccke ohne Original - merianin.de<\/title>\n<meta name=\"robots\" content=\"index, follow, max-snippet:-1, max-image-preview:large, max-video-preview:-1\" \/>\n<link rel=\"canonical\" href=\"https:\/\/merianin.de\/en\/home\/fundstuecke-ohne-original\/\" \/>\n<meta property=\"og:locale\" content=\"en_US\" \/>\n<meta property=\"og:type\" content=\"article\" \/>\n<meta property=\"og:title\" content=\"Fundst\u00fccke ohne Original - merianin.de\" \/>\n<meta property=\"og:url\" content=\"https:\/\/merianin.de\/en\/home\/fundstuecke-ohne-original\/\" \/>\n<meta property=\"og:site_name\" content=\"merianin.de\" \/>\n<meta property=\"article:modified_time\" content=\"2021-02-10T08:58:42+00:00\" \/>\n<meta name=\"twitter:card\" content=\"summary_large_image\" \/>\n<meta name=\"twitter:label1\" content=\"Est. reading time\" \/>\n\t<meta name=\"twitter:data1\" content=\"3 minutes\" \/>\n<script type=\"application\/ld+json\" class=\"yoast-schema-graph\">{\"@context\":\"https:\/\/schema.org\",\"@graph\":[{\"@type\":\"WebPage\",\"@id\":\"https:\/\/merianin.de\/home\/fundstuecke-ohne-original\/\",\"url\":\"https:\/\/merianin.de\/home\/fundstuecke-ohne-original\/\",\"name\":\"Fundst\u00fccke ohne Original - merianin.de\",\"isPartOf\":{\"@id\":\"https:\/\/merianin.de\/#website\"},\"datePublished\":\"2020-04-06T08:09:13+00:00\",\"dateModified\":\"2021-02-10T08:58:42+00:00\",\"breadcrumb\":{\"@id\":\"https:\/\/merianin.de\/home\/fundstuecke-ohne-original\/#breadcrumb\"},\"inLanguage\":\"en-US\",\"potentialAction\":[{\"@type\":\"ReadAction\",\"target\":[\"https:\/\/merianin.de\/home\/fundstuecke-ohne-original\/\"]}]},{\"@type\":\"BreadcrumbList\",\"@id\":\"https:\/\/merianin.de\/home\/fundstuecke-ohne-original\/#breadcrumb\",\"itemListElement\":[{\"@type\":\"ListItem\",\"position\":1,\"name\":\"Startseite\",\"item\":\"https:\/\/merianin.de\/\"},{\"@type\":\"ListItem\",\"position\":2,\"name\":\"Home\",\"item\":\"https:\/\/merianin.de\/\"},{\"@type\":\"ListItem\",\"position\":3,\"name\":\"Fundst\u00fccke ohne Original\"}]},{\"@type\":\"WebSite\",\"@id\":\"https:\/\/merianin.de\/#website\",\"url\":\"https:\/\/merianin.de\/\",\"name\":\"merianin.de\",\"description\":\"MARIA SIBYLLA MERIAN\",\"potentialAction\":[{\"@type\":\"SearchAction\",\"target\":{\"@type\":\"EntryPoint\",\"urlTemplate\":\"https:\/\/merianin.de\/?s={search_term_string}\"},\"query-input\":{\"@type\":\"PropertyValueSpecification\",\"valueRequired\":true,\"valueName\":\"search_term_string\"}}],\"inLanguage\":\"en-US\"}]}<\/script>\n<!-- \/ Yoast SEO plugin. -->","yoast_head_json":{"title":"Fundst\u00fccke ohne Original - merianin.de","robots":{"index":"index","follow":"follow","max-snippet":"max-snippet:-1","max-image-preview":"max-image-preview:large","max-video-preview":"max-video-preview:-1"},"canonical":"https:\/\/merianin.de\/en\/home\/fundstuecke-ohne-original\/","og_locale":"en_US","og_type":"article","og_title":"Fundst\u00fccke ohne Original - merianin.de","og_url":"https:\/\/merianin.de\/en\/home\/fundstuecke-ohne-original\/","og_site_name":"merianin.de","article_modified_time":"2021-02-10T08:58:42+00:00","twitter_card":"summary_large_image","twitter_misc":{"Est. reading time":"3 minutes"},"schema":{"@context":"https:\/\/schema.org","@graph":[{"@type":"WebPage","@id":"https:\/\/merianin.de\/home\/fundstuecke-ohne-original\/","url":"https:\/\/merianin.de\/home\/fundstuecke-ohne-original\/","name":"Fundst\u00fccke ohne Original - merianin.de","isPartOf":{"@id":"https:\/\/merianin.de\/#website"},"datePublished":"2020-04-06T08:09:13+00:00","dateModified":"2021-02-10T08:58:42+00:00","breadcrumb":{"@id":"https:\/\/merianin.de\/home\/fundstuecke-ohne-original\/#breadcrumb"},"inLanguage":"en-US","potentialAction":[{"@type":"ReadAction","target":["https:\/\/merianin.de\/home\/fundstuecke-ohne-original\/"]}]},{"@type":"BreadcrumbList","@id":"https:\/\/merianin.de\/home\/fundstuecke-ohne-original\/#breadcrumb","itemListElement":[{"@type":"ListItem","position":1,"name":"Startseite","item":"https:\/\/merianin.de\/"},{"@type":"ListItem","position":2,"name":"Home","item":"https:\/\/merianin.de\/"},{"@type":"ListItem","position":3,"name":"Fundst\u00fccke ohne Original"}]},{"@type":"WebSite","@id":"https:\/\/merianin.de\/#website","url":"https:\/\/merianin.de\/","name":"merianin.de","description":"MARIA SIBYLLA MERIAN","potentialAction":[{"@type":"SearchAction","target":{"@type":"EntryPoint","urlTemplate":"https:\/\/merianin.de\/?s={search_term_string}"},"query-input":{"@type":"PropertyValueSpecification","valueRequired":true,"valueName":"search_term_string"}}],"inLanguage":"en-US"}]}},"_links":{"self":[{"href":"https:\/\/merianin.de\/en\/wp-json\/wp\/v2\/pages\/3559","targetHints":{"allow":["GET"]}}],"collection":[{"href":"https:\/\/merianin.de\/en\/wp-json\/wp\/v2\/pages"}],"about":[{"href":"https:\/\/merianin.de\/en\/wp-json\/wp\/v2\/types\/page"}],"author":[{"embeddable":true,"href":"https:\/\/merianin.de\/en\/wp-json\/wp\/v2\/users\/2"}],"replies":[{"embeddable":true,"href":"https:\/\/merianin.de\/en\/wp-json\/wp\/v2\/comments?post=3559"}],"version-history":[{"count":18,"href":"https:\/\/merianin.de\/en\/wp-json\/wp\/v2\/pages\/3559\/revisions"}],"predecessor-version":[{"id":5203,"href":"https:\/\/merianin.de\/en\/wp-json\/wp\/v2\/pages\/3559\/revisions\/5203"}],"up":[{"embeddable":true,"href":"https:\/\/merianin.de\/en\/wp-json\/wp\/v2\/pages\/23"}],"wp:attachment":[{"href":"https:\/\/merianin.de\/en\/wp-json\/wp\/v2\/media?parent=3559"}],"curies":[{"name":"wp","href":"https:\/\/api.w.org\/{rel}","templated":true}]}}